{"id":92,"date":"2023-03-31T18:31:35","date_gmt":"2023-03-31T18:31:35","guid":{"rendered":"https:\/\/birokhalasztelek.hu\/lampasovoda\/?page_id=92"},"modified":"2023-05-11T19:52:31","modified_gmt":"2023-05-11T19:52:31","slug":"letoltheto-dokumentumok-2","status":"publish","type":"page","link":"https:\/\/birokhalasztelek.hu\/lampasovoda\/letoltheto-dokumentumok-2\/","title":{"rendered":"Let\u00f6lthet\u0151 dokumentumok"},"content":{"rendered":"\n<div class=\"wp-block-file\"><a href=\"https:\/\/birokhalasztelek.hu\/lampasovoda\/wp-content\/uploads\/2023\/03\/Bolcsodei-felveteli-kerelem.docx\">B\u00f6lcs\u0151dei felv\u00e9teli k\u00e9relem<\/a><a href=\"https:\/\/birokhalasztelek.hu\/lampasovoda\/wp-content\/uploads\/2023\/03\/Bolcsodei-felveteli-kerelem.docx\" class=\"wp-block-file__button\" download>Let\u00f6lt\u00e9s<\/a><\/div>\n\n\n\n<div class=\"wp-block-file\"><a href=\"https:\/\/birokhalasztelek.hu\/lampasovoda\/wp-content\/uploads\/2023\/03\/Szandeknyilatkozat.docx\">Sz\u00e1nd\u00e9knyilatkozat<\/a><a href=\"https:\/\/birokhalasztelek.hu\/lampasovoda\/wp-content\/uploads\/2023\/03\/Szandeknyilatkozat.docx\" class=\"wp-block-file__button\" download>Let\u00f6lt\u00e9s<\/a><\/div>\n\n\n\n<div class=\"wp-block-file\"><a href=\"https:\/\/birokhalasztelek.hu\/lampasovoda\/wp-content\/uploads\/2023\/03\/Nyomtatvany-Lelkipasztori.doc\">Nyomtatv\u00e1ny Lelkip\u00e1sztori<\/a><a href=\"https:\/\/birokhalasztelek.hu\/lampasovoda\/wp-content\/uploads\/2023\/03\/Nyomtatvany-Lelkipasztori.doc\" class=\"wp-block-file__button\" download>Let\u00f6lt\u00e9s<\/a><\/div>\n\n\n\n<p><a href=\"http:\/\/birokhalasztelek.hu\/lampasovoda\/wp-content\/uploads\/2023\/05\/Tajekoztatas_Szolgaltatasrol_Adatkezeles_Lampas.pdf\">T\u00e1j\u00e9koztat\u00e1s \u00f3vodai \u00e9s iskolai szoci\u00e1lis seg\u00edt\u0151 szolg\u00e1ltat\u00e1sr\u00f3l <\/a><\/p>\n","protected":false},"excerpt":{"rendered":"<p>T\u00e1j\u00e9koztat\u00e1s \u00f3vodai \u00e9s iskolai szoci\u00e1lis seg\u00edt\u0151 szolg\u00e1ltat\u00e1sr\u00f3l<\/p>\n","protected":false},"author":1,"featured_media":0,"parent":0,"menu_order":0,"comment_status":"closed","ping_status":"closed","template":"","meta":[],"_links":{"self":[{"href":"https:\/\/birokhalasztelek.hu\/lampasovoda\/wp-json\/wp\/v2\/pages\/92"}],"collection":[{"href":"https:\/\/birokhalasztelek.hu\/lampasovoda\/wp-json\/wp\/v2\/pages"}],"about":[{"href":"https:\/\/birokhalasztelek.hu\/lampasovoda\/wp-json\/wp\/v2\/types\/page"}],"author":[{"embeddable":true,"href":"https:\/\/birokhalasztelek.hu\/lampasovoda\/wp-json\/wp\/v2\/users\/1"}],"replies":[{"embeddable":true,"href":"https:\/\/birokhalasztelek.hu\/lampasovoda\/wp-json\/wp\/v2\/comments?post=92"}],"version-history":[{"count":5,"href":"https:\/\/birokhalasztelek.hu\/lampasovoda\/wp-json\/wp\/v2\/pages\/92\/revisions"}],"predecessor-version":[{"id":107,"href":"https:\/\/birokhalasztelek.hu\/lampasovoda\/wp-json\/wp\/v2\/pages\/92\/revisions\/107"}],"wp:attachment":[{"href":"https:\/\/birokhalasztelek.hu\/lampasovoda\/wp-json\/wp\/v2\/media?parent=92"}],"curies":[{"name":"wp","href":"https:\/\/api.w.org\/{rel}","templated":true}]}}