{"id":5673,"date":"2024-03-13T20:39:09","date_gmt":"2024-03-13T20:39:09","guid":{"rendered":"https:\/\/birokhalasztelek.hu\/kozepiskola\/?page_id=5673"},"modified":"2024-03-18T08:51:16","modified_gmt":"2024-03-18T08:51:16","slug":"kulhoni-utazas-2022","status":"publish","type":"page","link":"https:\/\/birokhalasztelek.hu\/kozepiskola\/kulhoni-utazas-2022\/","title":{"rendered":"K\u00fclhoni utaz\u00e1s 2022"},"content":{"rendered":"\n<p class=\"has-medium-font-size\"><strong>Hat\u00e1rtalanul! k\u00fclhoni utaz\u00e1s, T\u00d6RT\u00e9nelem projekt 2022. 03. 12 \u2013 03. 18.<\/strong><\/p>\n\n\n\n<p><strong>1. nap Hal\u00e1sztelek \u2013 Kolozsv\u00e1r &#8211; V\u00e1lasz\u00fat<\/strong><br>Kolozsv\u00e1ri utunk alkalm\u00e1val el\u0151sz\u00f6r a H\u00e1zsong\u00e1rdi temet\u0151t kerest\u00fck fel. A kolozsv\u00e1ri H\u00e1zsong\u00e1rd Eur\u00f3pa egyik legr\u00e9gebbi temet\u0151jek\u00e9nt nemcsak a sok\u00e9vsz\u00e1zados magyar \u00edr\u00e1sbelis\u00e9g nagyjainak v\u00e9gs\u0151 nyughelye, de az egykori b\u00e9k\u00e9s egy\u00fctt\u00e9l\u00e9s mintap\u00e9ld\u00e1ja is. Vall\u00e1sfelekezeti \u00e9s nemzetis\u00e9gi k\u00fcl\u00f6nbs\u00e9g n\u00e9lk\u00fcl temetkeztek ide sz\u00e1szok, magyarok, rom\u00e1nok az \u00e9vsz\u00e1zadok folyam\u00e1n. A sok\u00e9vsz\u00e1zados magyar \u00edr\u00e1sbelis\u00e9g nagyjainak nyugv\u00f3helye \u00e9s egyben az eml\u00e9kez\u00e9sek kegyhelye is, ez\u00e9rt tartottuk fontosnak megl\u00e1togat\u00e1s\u00e1t. Ezt k\u00f6vet\u0151en M\u00e1ty\u00e1s kir\u00e1ly \u00e9s Bocskai Istv\u00e1n sz\u00fcl\u0151h\u00e1z\u00e1t tekintett\u00fck meg a belv\u00e1rosban, valamint istentiszteleten vett\u00fcnk r\u00e9szt a Farkas utcai reform\u00e1tus templomban. Este \u00e9rkezt\u00fcnk meg sz\u00e1ll\u00e1sunkra V\u00e1lasz\u00fatra.<\/p>\n\n\n\n<p><strong>2. nap V\u00e1lasz\u00fat \u2013 Segesv\u00e1r \u2013 K\u00e9zdiv\u00e1s\u00e1rhely<\/strong><br>Reggeli ut\u00e1n betekint\u00e9st nyerhett\u00fcnk Kall\u00f3s Zolt\u00e1n munk\u00e1ss\u00e1g\u00e1ba n\u00e9prajzi gy\u0171jtem\u00e9nye keret\u00e9ben, majd Segesv\u00e1rra indultunk, ahol a di\u00e1kok idegenvezet\u00e9ssel ismert\u00e9k meg a v\u00e1ros magyar vonatkoz\u00e1s\u00fa nevezetess\u00e9geit \u00e9s a di\u00e1kl\u00e9pcs\u0151t is megm\u00e1sztuk. Segesv\u00e1r t\u00f6rt\u00e9nelmi k\u00f6zpontja 1999 \u00f3ta a kultur\u00e1lis vil\u00e1g\u00f6r\u00f6ks\u00e9g r\u00e9sze, \u00edgy t\u00f6rt\u00e9nelmi \u00e9s kultur\u00e1lis szempontb\u00f3l is b\u0151v\u00edtette a di\u00e1kok ismereteit.<\/p>\n\n\n\n<p><strong>3. nap Brass\u00f3poj\u00e1na \u2013 Barcarozsny\u00f3<\/strong><br>Ezen a napon a Poj\u00e1nai-hegys\u00e9g k\u00e9t nevezetess\u00e9g\u00e9re l\u00e1togattunk el, a barcarozsny\u00f3i barlangba \u00e9s a brass\u00f3poj\u00e1nai s\u00edparadicsomba. A barlang cseppk\u00f6vekkel d\u00edsz\u00edtett term\u00e9ben meghallgathattuk a barlanggal kapcsolatos legend\u00e1t, illetve a keletkez\u00e9s\u00e9nek \u00e9s felt\u00e1r\u00e1s\u00e1nak t\u00f6rt\u00e9net\u00e9t, m\u00edg Brass\u00f3poj\u00e1na h\u00f3lepte lank\u00e1in kicsit \u00e9lvezhett\u00fck a t\u00e9li sportok adta \u00f6r\u00f6m\u00f6ket.<\/p>\n\n\n\n<p><strong>4. nap K\u00e9zdiv\u00e1s\u00e1rhely \u2013 Nyergestet\u0151<\/strong><br>Ez a nap, a megeml\u00e9kez\u00e9s\u00e9 volt. El\u0151sz\u00f6r r\u00e9szt vett\u00fcnk a G\u00e1bor \u00c1ron Szakk\u00e9pz\u0151 L\u00edceum m\u00e1rcius 15-e alkalm\u00e1b\u00f3l rendezett \u00fcnneps\u00e9g\u00e9n, majd megkoszor\u00faztuk G\u00e1bor \u00c1ron szobr\u00e1t. Ezt k\u00f6vet\u0151en a v\u00e1rosi rendezv\u00e9nyen tett\u00fcnk tisztelet\u00fcnket, ahonnan Nyergestet\u0151re utaztunk. A testv\u00e9riskol\u00e1k kapcsolat\u00e1nak meger\u0151s\u00edt\u00e9s\u00e9re \u00e9s tisztelet\u00fcnk jel\u00e9l\u00fcl a k\u00e9t iskola di\u00e1kjai koszor\u00fat helyeztek el a 2019-ben felavatott kopjaf\u00e1n\u00e1l, majd k\u00f6z\u00f6s m\u0171sorral z\u00e1rt\u00e1k a di\u00e1kok a napot. Ell\u00e1togattunk K\u00e1szonalt\u00edzba, ahol a n\u00e9pi \u00e9p\u00edt\u00e9szet elemeit mutatt\u00e1k be di\u00e1kjainknak.<\/p>\n\n\n\n<p><strong>5. nap \u00d3ri\u00e1s-pincetet\u0151 &#8211; Szent Anna t\u00f3<\/strong><br>Egy igaz\u00e1n havas napi programnak lehett\u00fcnk r\u00e9szesei, hiszen a Szent Anna t\u00f3n\u00e1l lehet\u0151s\u00e9get kapott a csoport sz\u00e1nk\u00f3z\u00e1sra. A di\u00e1koknak feledhetetlen \u00e9lm\u00e9nyt jelentett a t\u00f6bb sz\u00e1z m\u00e9teren \u00e1t tart\u00f3, kacskaring\u00f3s \u00faton t\u00f6rt\u00e9n\u0151 cs\u00fasz\u00e1s. Mindenki nagyon h\u00e1l\u00e1s volt ezut\u00e1n a meleg te\u00e1\u00e9rt. \u00datban a sz\u00e1ll\u00e1shely\u00fcnk fel\u00e9 meg\u00e1lltunk Maks\u00e1n, \u00e9s megm\u00e1sztuk az \u00d3ri\u00e1s pincetet\u0151t, ahonnan kil\u00e1t\u00e1st ny\u00edlt a minket k\u00f6rbevev\u0151 K\u00e1rp\u00e1tokra.<\/p>\n\n\n\n<p><strong>6. nap Szinaja &#8211; Brass\u00f3<\/strong><br>Szinaj\u00e1ban tal\u00e1lhat\u00f3 a Peles kast\u00e9ly, amely a rom\u00e1n kir\u00e1lyi csal\u00e1d rezidenci\u00e1ja volt. A kast\u00e9ly egyedi st\u00edlusa miatt, valamint t\u00f6rt\u00e9nelmi \u00e9s m\u0171v\u00e9szi \u00e9rt\u00e9k\u00e9b\u0151l ad\u00f3d\u00f3an a 19. sz\u00e1zad m\u00e1sodik fel\u00e9nek, valamint a 20. sz\u00e1zadi Eur\u00f3p\u00e1nak is az egyik legfontosabb neorenesz\u00e1nsz st\u00edlus\u00fa m\u0171eml\u00e9ke. A kast\u00e9ly \u00e9rdekess\u00e9ge, hogy az adott kor technikai fejletts\u00e9g\u00e9hez k\u00e9pest nagyon modern \u00e9p\u00fcletg\u00e9p\u00e9szeti elemekkel rendelkezett. Brass\u00f3ban megl\u00e1togattuk a Fekete templomot \u00e9s a di\u00e1kok betekint\u00e9st nyerhettek a sz\u00e1szok \u00e9let\u00e9be.<\/p>\n\n\n\n<p>A 7. napon \u00e9lm\u00e9nyekkel gazdagodva indultunk haza Hal\u00e1sztelekre.<\/p>\n\n\n\n<figure class=\"wp-block-gallery columns-3 is-cropped\"><ul class=\"blocks-gallery-grid\"><li class=\"blocks-gallery-item\"><figure><a href=\"https:\/\/birokhalasztelek.hu\/kozepiskola\/wp-content\/uploads\/2024\/03\/1-1.jpg\"><img loading=\"lazy\" width=\"644\" height=\"859\" src=\"https:\/\/birokhalasztelek.hu\/kozepiskola\/wp-content\/uploads\/2024\/03\/1-1.jpg\" alt=\"\" data-id=\"5657\" data-link=\"https:\/\/birokhalasztelek.hu\/kozepiskola\/1-5\/\" class=\"wp-image-5657\" srcset=\"https:\/\/birokhalasztelek.hu\/kozepiskola\/wp-content\/uploads\/2024\/03\/1-1.jpg 644w, https:\/\/birokhalasztelek.hu\/kozepiskola\/wp-content\/uploads\/2024\/03\/1-1-225x300.jpg 225w\" sizes=\"(max-width: 644px) 100vw, 644px\" \/><\/a><\/figure><\/li><li class=\"blocks-gallery-item\"><figure><a href=\"https:\/\/birokhalasztelek.hu\/kozepiskola\/wp-content\/uploads\/2024\/03\/2-1-1024x768.jpg\"><img loading=\"lazy\" width=\"1024\" height=\"768\" src=\"https:\/\/birokhalasztelek.hu\/kozepiskola\/wp-content\/uploads\/2024\/03\/2-1-1024x768.jpg\" alt=\"\" data-id=\"5658\" data-link=\"https:\/\/birokhalasztelek.hu\/kozepiskola\/2-6\/\" class=\"wp-image-5658\" srcset=\"https:\/\/birokhalasztelek.hu\/kozepiskola\/wp-content\/uploads\/2024\/03\/2-1-1024x768.jpg 1024w, https:\/\/birokhalasztelek.hu\/kozepiskola\/wp-content\/uploads\/2024\/03\/2-1-300x225.jpg 300w, https:\/\/birokhalasztelek.hu\/kozepiskola\/wp-content\/uploads\/2024\/03\/2-1-768x576.jpg 768w, https:\/\/birokhalasztelek.hu\/kozepiskola\/wp-content\/uploads\/2024\/03\/2-1-272x204.jpg 272w, https:\/\/birokhalasztelek.hu\/kozepiskola\/wp-content\/uploads\/2024\/03\/2-1.jpg 1145w\" sizes=\"(max-width: 1024px) 100vw, 1024px\" \/><\/a><\/figure><\/li><li class=\"blocks-gallery-item\"><figure><a href=\"https:\/\/birokhalasztelek.hu\/kozepiskola\/wp-content\/uploads\/2024\/03\/3-1.jpg\"><img loading=\"lazy\" width=\"931\" height=\"699\" src=\"https:\/\/birokhalasztelek.hu\/kozepiskola\/wp-content\/uploads\/2024\/03\/3-1.jpg\" alt=\"\" data-id=\"5659\" data-link=\"https:\/\/birokhalasztelek.hu\/kozepiskola\/3-5\/\" class=\"wp-image-5659\" srcset=\"https:\/\/birokhalasztelek.hu\/kozepiskola\/wp-content\/uploads\/2024\/03\/3-1.jpg 931w, https:\/\/birokhalasztelek.hu\/kozepiskola\/wp-content\/uploads\/2024\/03\/3-1-300x225.jpg 300w, https:\/\/birokhalasztelek.hu\/kozepiskola\/wp-content\/uploads\/2024\/03\/3-1-768x577.jpg 768w, https:\/\/birokhalasztelek.hu\/kozepiskola\/wp-content\/uploads\/2024\/03\/3-1-272x204.jpg 272w\" sizes=\"(max-width: 931px) 100vw, 931px\" \/><\/a><\/figure><\/li><li class=\"blocks-gallery-item\"><figure><a href=\"https:\/\/birokhalasztelek.hu\/kozepiskola\/wp-content\/uploads\/2024\/03\/4-1.jpg\"><img loading=\"lazy\" width=\"864\" height=\"648\" src=\"https:\/\/birokhalasztelek.hu\/kozepiskola\/wp-content\/uploads\/2024\/03\/4-1.jpg\" alt=\"\" data-id=\"5660\" data-link=\"https:\/\/birokhalasztelek.hu\/kozepiskola\/4-5\/\" class=\"wp-image-5660\" srcset=\"https:\/\/birokhalasztelek.hu\/kozepiskola\/wp-content\/uploads\/2024\/03\/4-1.jpg 864w, https:\/\/birokhalasztelek.hu\/kozepiskola\/wp-content\/uploads\/2024\/03\/4-1-300x225.jpg 300w, https:\/\/birokhalasztelek.hu\/kozepiskola\/wp-content\/uploads\/2024\/03\/4-1-768x576.jpg 768w, https:\/\/birokhalasztelek.hu\/kozepiskola\/wp-content\/uploads\/2024\/03\/4-1-272x204.jpg 272w\" sizes=\"(max-width: 864px) 100vw, 864px\" \/><\/a><\/figure><\/li><li class=\"blocks-gallery-item\"><figure><a href=\"https:\/\/birokhalasztelek.hu\/kozepiskola\/wp-content\/uploads\/2024\/03\/5-1-1024x768.jpg\"><img loading=\"lazy\" width=\"1024\" height=\"768\" src=\"https:\/\/birokhalasztelek.hu\/kozepiskola\/wp-content\/uploads\/2024\/03\/5-1-1024x768.jpg\" alt=\"\" data-id=\"5661\" data-link=\"https:\/\/birokhalasztelek.hu\/kozepiskola\/5-4\/\" class=\"wp-image-5661\" srcset=\"https:\/\/birokhalasztelek.hu\/kozepiskola\/wp-content\/uploads\/2024\/03\/5-1-1024x768.jpg 1024w, https:\/\/birokhalasztelek.hu\/kozepiskola\/wp-content\/uploads\/2024\/03\/5-1-300x225.jpg 300w, https:\/\/birokhalasztelek.hu\/kozepiskola\/wp-content\/uploads\/2024\/03\/5-1-768x576.jpg 768w, https:\/\/birokhalasztelek.hu\/kozepiskola\/wp-content\/uploads\/2024\/03\/5-1-1536x1152.jpg 1536w, https:\/\/birokhalasztelek.hu\/kozepiskola\/wp-content\/uploads\/2024\/03\/5-1-272x204.jpg 272w, https:\/\/birokhalasztelek.hu\/kozepiskola\/wp-content\/uploads\/2024\/03\/5-1.jpg 2048w\" sizes=\"(max-width: 1024px) 100vw, 1024px\" \/><\/a><\/figure><\/li><li class=\"blocks-gallery-item\"><figure><a href=\"https:\/\/birokhalasztelek.hu\/kozepiskola\/wp-content\/uploads\/2024\/03\/6-1-1024x577.jpg\"><img loading=\"lazy\" width=\"1024\" height=\"577\" src=\"https:\/\/birokhalasztelek.hu\/kozepiskola\/wp-content\/uploads\/2024\/03\/6-1-1024x577.jpg\" alt=\"\" data-id=\"5662\" data-link=\"https:\/\/birokhalasztelek.hu\/kozepiskola\/6-5\/\" class=\"wp-image-5662\" srcset=\"https:\/\/birokhalasztelek.hu\/kozepiskola\/wp-content\/uploads\/2024\/03\/6-1-1024x577.jpg 1024w, https:\/\/birokhalasztelek.hu\/kozepiskola\/wp-content\/uploads\/2024\/03\/6-1-300x169.jpg 300w, https:\/\/birokhalasztelek.hu\/kozepiskola\/wp-content\/uploads\/2024\/03\/6-1-768x432.jpg 768w, https:\/\/birokhalasztelek.hu\/kozepiskola\/wp-content\/uploads\/2024\/03\/6-1-1536x865.jpg 1536w, https:\/\/birokhalasztelek.hu\/kozepiskola\/wp-content\/uploads\/2024\/03\/6-1.jpg 2048w\" sizes=\"(max-width: 1024px) 100vw, 1024px\" \/><\/a><\/figure><\/li><li class=\"blocks-gallery-item\"><figure><a href=\"https:\/\/birokhalasztelek.hu\/kozepiskola\/wp-content\/uploads\/2024\/03\/7-1-1024x768.jpg\"><img loading=\"lazy\" width=\"1024\" height=\"768\" src=\"https:\/\/birokhalasztelek.hu\/kozepiskola\/wp-content\/uploads\/2024\/03\/7-1-1024x768.jpg\" alt=\"\" data-id=\"5663\" data-link=\"https:\/\/birokhalasztelek.hu\/kozepiskola\/7-4\/\" class=\"wp-image-5663\" srcset=\"https:\/\/birokhalasztelek.hu\/kozepiskola\/wp-content\/uploads\/2024\/03\/7-1-1024x768.jpg 1024w, https:\/\/birokhalasztelek.hu\/kozepiskola\/wp-content\/uploads\/2024\/03\/7-1-300x225.jpg 300w, https:\/\/birokhalasztelek.hu\/kozepiskola\/wp-content\/uploads\/2024\/03\/7-1-768x576.jpg 768w, https:\/\/birokhalasztelek.hu\/kozepiskola\/wp-content\/uploads\/2024\/03\/7-1-272x204.jpg 272w, https:\/\/birokhalasztelek.hu\/kozepiskola\/wp-content\/uploads\/2024\/03\/7-1.jpg 1145w\" sizes=\"(max-width: 1024px) 100vw, 1024px\" \/><\/a><\/figure><\/li><li class=\"blocks-gallery-item\"><figure><a href=\"https:\/\/birokhalasztelek.hu\/kozepiskola\/wp-content\/uploads\/2024\/03\/8-1.jpg\"><img loading=\"lazy\" width=\"931\" height=\"699\" src=\"https:\/\/birokhalasztelek.hu\/kozepiskola\/wp-content\/uploads\/2024\/03\/8-1.jpg\" alt=\"\" data-id=\"5664\" data-link=\"https:\/\/birokhalasztelek.hu\/kozepiskola\/8-4\/\" class=\"wp-image-5664\" srcset=\"https:\/\/birokhalasztelek.hu\/kozepiskola\/wp-content\/uploads\/2024\/03\/8-1.jpg 931w, https:\/\/birokhalasztelek.hu\/kozepiskola\/wp-content\/uploads\/2024\/03\/8-1-300x225.jpg 300w, https:\/\/birokhalasztelek.hu\/kozepiskola\/wp-content\/uploads\/2024\/03\/8-1-768x577.jpg 768w, https:\/\/birokhalasztelek.hu\/kozepiskola\/wp-content\/uploads\/2024\/03\/8-1-272x204.jpg 272w\" sizes=\"(max-width: 931px) 100vw, 931px\" \/><\/a><\/figure><\/li><li class=\"blocks-gallery-item\"><figure><a href=\"https:\/\/birokhalasztelek.hu\/kozepiskola\/wp-content\/uploads\/2024\/03\/9-4.jpg\"><img loading=\"lazy\" width=\"644\" height=\"859\" src=\"https:\/\/birokhalasztelek.hu\/kozepiskola\/wp-content\/uploads\/2024\/03\/9-4.jpg\" alt=\"\" data-id=\"5691\" data-full-url=\"https:\/\/birokhalasztelek.hu\/kozepiskola\/wp-content\/uploads\/2024\/03\/9-4.jpg\" data-link=\"https:\/\/birokhalasztelek.hu\/kozepiskola\/kulhoni-utazas-2022\/9-4-2\/\" class=\"wp-image-5691\" srcset=\"https:\/\/birokhalasztelek.hu\/kozepiskola\/wp-content\/uploads\/2024\/03\/9-4.jpg 644w, https:\/\/birokhalasztelek.hu\/kozepiskola\/wp-content\/uploads\/2024\/03\/9-4-225x300.jpg 225w\" sizes=\"(max-width: 644px) 100vw, 644px\" \/><\/a><\/figure><\/li><li class=\"blocks-gallery-item\"><figure><a href=\"https:\/\/birokhalasztelek.hu\/kozepiskola\/wp-content\/uploads\/2024\/03\/10-1.jpg\"><img loading=\"lazy\" width=\"644\" height=\"859\" src=\"https:\/\/birokhalasztelek.hu\/kozepiskola\/wp-content\/uploads\/2024\/03\/10-1.jpg\" alt=\"\" data-id=\"5666\" data-link=\"https:\/\/birokhalasztelek.hu\/kozepiskola\/10-4\/\" class=\"wp-image-5666\" srcset=\"https:\/\/birokhalasztelek.hu\/kozepiskola\/wp-content\/uploads\/2024\/03\/10-1.jpg 644w, https:\/\/birokhalasztelek.hu\/kozepiskola\/wp-content\/uploads\/2024\/03\/10-1-225x300.jpg 225w\" sizes=\"(max-width: 644px) 100vw, 644px\" \/><\/a><\/figure><\/li><li class=\"blocks-gallery-item\"><figure><a href=\"https:\/\/birokhalasztelek.hu\/kozepiskola\/wp-content\/uploads\/2024\/03\/11-1-1024x577.jpg\"><img loading=\"lazy\" width=\"1024\" height=\"577\" src=\"https:\/\/birokhalasztelek.hu\/kozepiskola\/wp-content\/uploads\/2024\/03\/11-1-1024x577.jpg\" alt=\"\" data-id=\"5667\" data-link=\"https:\/\/birokhalasztelek.hu\/kozepiskola\/11-3\/\" class=\"wp-image-5667\" srcset=\"https:\/\/birokhalasztelek.hu\/kozepiskola\/wp-content\/uploads\/2024\/03\/11-1-1024x577.jpg 1024w, https:\/\/birokhalasztelek.hu\/kozepiskola\/wp-content\/uploads\/2024\/03\/11-1-300x169.jpg 300w, https:\/\/birokhalasztelek.hu\/kozepiskola\/wp-content\/uploads\/2024\/03\/11-1-768x432.jpg 768w, https:\/\/birokhalasztelek.hu\/kozepiskola\/wp-content\/uploads\/2024\/03\/11-1-1536x865.jpg 1536w, https:\/\/birokhalasztelek.hu\/kozepiskola\/wp-content\/uploads\/2024\/03\/11-1.jpg 2000w\" sizes=\"(max-width: 1024px) 100vw, 1024px\" \/><\/a><\/figure><\/li><li class=\"blocks-gallery-item\"><figure><a href=\"https:\/\/birokhalasztelek.hu\/kozepiskola\/wp-content\/uploads\/2024\/03\/12-2-1024x577.jpg\"><img loading=\"lazy\" width=\"1024\" height=\"577\" src=\"https:\/\/birokhalasztelek.hu\/kozepiskola\/wp-content\/uploads\/2024\/03\/12-2-1024x577.jpg\" alt=\"\" data-id=\"5668\" data-link=\"https:\/\/birokhalasztelek.hu\/kozepiskola\/12-5\/\" class=\"wp-image-5668\" srcset=\"https:\/\/birokhalasztelek.hu\/kozepiskola\/wp-content\/uploads\/2024\/03\/12-2-1024x577.jpg 1024w, https:\/\/birokhalasztelek.hu\/kozepiskola\/wp-content\/uploads\/2024\/03\/12-2-300x169.jpg 300w, https:\/\/birokhalasztelek.hu\/kozepiskola\/wp-content\/uploads\/2024\/03\/12-2-768x432.jpg 768w, https:\/\/birokhalasztelek.hu\/kozepiskola\/wp-content\/uploads\/2024\/03\/12-2-1536x865.jpg 1536w, https:\/\/birokhalasztelek.hu\/kozepiskola\/wp-content\/uploads\/2024\/03\/12-2.jpg 2048w\" sizes=\"(max-width: 1024px) 100vw, 1024px\" \/><\/a><\/figure><\/li><li class=\"blocks-gallery-item\"><figure><a href=\"https:\/\/birokhalasztelek.hu\/kozepiskola\/wp-content\/uploads\/2024\/03\/13-1.jpg\"><img loading=\"lazy\" width=\"644\" height=\"859\" src=\"https:\/\/birokhalasztelek.hu\/kozepiskola\/wp-content\/uploads\/2024\/03\/13-1.jpg\" alt=\"\" data-id=\"5669\" data-link=\"https:\/\/birokhalasztelek.hu\/kozepiskola\/13-5\/\" class=\"wp-image-5669\" srcset=\"https:\/\/birokhalasztelek.hu\/kozepiskola\/wp-content\/uploads\/2024\/03\/13-1.jpg 644w, https:\/\/birokhalasztelek.hu\/kozepiskola\/wp-content\/uploads\/2024\/03\/13-1-225x300.jpg 225w\" sizes=\"(max-width: 644px) 100vw, 644px\" \/><\/a><\/figure><\/li><li class=\"blocks-gallery-item\"><figure><a href=\"https:\/\/birokhalasztelek.hu\/kozepiskola\/wp-content\/uploads\/2024\/03\/14.jpg\"><img loading=\"lazy\" width=\"524\" height=\"699\" src=\"https:\/\/birokhalasztelek.hu\/kozepiskola\/wp-content\/uploads\/2024\/03\/14.jpg\" alt=\"\" data-id=\"5670\" data-link=\"https:\/\/birokhalasztelek.hu\/kozepiskola\/14-3\/\" class=\"wp-image-5670\" srcset=\"https:\/\/birokhalasztelek.hu\/kozepiskola\/wp-content\/uploads\/2024\/03\/14.jpg 524w, https:\/\/birokhalasztelek.hu\/kozepiskola\/wp-content\/uploads\/2024\/03\/14-225x300.jpg 225w\" sizes=\"(max-width: 524px) 100vw, 524px\" \/><\/a><\/figure><\/li><li class=\"blocks-gallery-item\"><figure><a href=\"https:\/\/birokhalasztelek.hu\/kozepiskola\/wp-content\/uploads\/2024\/03\/15.jpg\"><img loading=\"lazy\" width=\"931\" height=\"699\" src=\"https:\/\/birokhalasztelek.hu\/kozepiskola\/wp-content\/uploads\/2024\/03\/15.jpg\" alt=\"\" data-id=\"5671\" data-link=\"https:\/\/birokhalasztelek.hu\/kozepiskola\/15-3\/\" class=\"wp-image-5671\" srcset=\"https:\/\/birokhalasztelek.hu\/kozepiskola\/wp-content\/uploads\/2024\/03\/15.jpg 931w, https:\/\/birokhalasztelek.hu\/kozepiskola\/wp-content\/uploads\/2024\/03\/15-300x225.jpg 300w, https:\/\/birokhalasztelek.hu\/kozepiskola\/wp-content\/uploads\/2024\/03\/15-768x577.jpg 768w, https:\/\/birokhalasztelek.hu\/kozepiskola\/wp-content\/uploads\/2024\/03\/15-272x204.jpg 272w\" sizes=\"(max-width: 931px) 100vw, 931px\" \/><\/a><\/figure><\/li><li class=\"blocks-gallery-item\"><figure><a href=\"https:\/\/birokhalasztelek.hu\/kozepiskola\/wp-content\/uploads\/2024\/03\/16-1024x766.jpg\"><img loading=\"lazy\" width=\"1024\" height=\"766\" src=\"https:\/\/birokhalasztelek.hu\/kozepiskola\/wp-content\/uploads\/2024\/03\/16-1024x766.jpg\" alt=\"\" data-id=\"5672\" data-link=\"https:\/\/birokhalasztelek.hu\/kozepiskola\/16-2\/\" class=\"wp-image-5672\" srcset=\"https:\/\/birokhalasztelek.hu\/kozepiskola\/wp-content\/uploads\/2024\/03\/16-1024x766.jpg 1024w, https:\/\/birokhalasztelek.hu\/kozepiskola\/wp-content\/uploads\/2024\/03\/16-300x224.jpg 300w, https:\/\/birokhalasztelek.hu\/kozepiskola\/wp-content\/uploads\/2024\/03\/16-768x575.jpg 768w, https:\/\/birokhalasztelek.hu\/kozepiskola\/wp-content\/uploads\/2024\/03\/16-1536x1149.jpg 1536w, https:\/\/birokhalasztelek.hu\/kozepiskola\/wp-content\/uploads\/2024\/03\/16-272x204.jpg 272w, https:\/\/birokhalasztelek.hu\/kozepiskola\/wp-content\/uploads\/2024\/03\/16.jpg 2048w\" sizes=\"(max-width: 1024px) 100vw, 1024px\" \/><\/a><\/figure><\/li><\/ul><\/figure>\n\n\n\n<figure class=\"wp-block-image size-large\"><a href=\"https:\/\/birokhalasztelek.hu\/kozepiskola\/wp-content\/uploads\/2023\/12\/image-1.jpg\"><img loading=\"lazy\" width=\"1024\" height=\"248\" src=\"https:\/\/birokhalasztelek.hu\/kozepiskola\/wp-content\/uploads\/2023\/12\/image-1-1024x248.jpg\" alt=\"\" class=\"wp-image-5455\" srcset=\"https:\/\/birokhalasztelek.hu\/kozepiskola\/wp-content\/uploads\/2023\/12\/image-1-1024x248.jpg 1024w, https:\/\/birokhalasztelek.hu\/kozepiskola\/wp-content\/uploads\/2023\/12\/image-1-300x73.jpg 300w, https:\/\/birokhalasztelek.hu\/kozepiskola\/wp-content\/uploads\/2023\/12\/image-1-768x186.jpg 768w, https:\/\/birokhalasztelek.hu\/kozepiskola\/wp-content\/uploads\/2023\/12\/image-1.jpg 1086w\" sizes=\"(max-width: 1024px) 100vw, 1024px\" \/><\/a><\/figure>\n","protected":false},"excerpt":{"rendered":"<p>Hat\u00e1rtalanul! k\u00fclhoni utaz\u00e1s, T\u00d6RT\u00e9nelem projekt 2022. 03. 12 \u2013 03. 18. 1. nap Hal\u00e1sztelek \u2013 Kolozsv\u00e1r &#8211; V\u00e1lasz\u00fatKolozsv\u00e1ri utunk alkalm\u00e1val el\u0151sz\u00f6r a H\u00e1zsong\u00e1rdi temet\u0151t kerest\u00fck fel. A kolozsv\u00e1ri H\u00e1zsong\u00e1rd Eur\u00f3pa egyik legr\u00e9gebbi temet\u0151jek\u00e9nt nemcsak a sok\u00e9vsz\u00e1zados magyar \u00edr\u00e1sbelis\u00e9g nagyjainak v\u00e9gs\u0151 nyughelye, de az egykori b\u00e9k\u00e9s egy\u00fctt\u00e9l\u00e9s mintap\u00e9ld\u00e1ja is. Vall\u00e1sfelekezeti \u00e9s nemzetis\u00e9gi k\u00fcl\u00f6nbs\u00e9g n\u00e9lk\u00fcl temetkeztek ide [&hellip;]<\/p>\n","protected":false},"author":6,"featured_media":0,"parent":0,"menu_order":0,"comment_status":"closed","ping_status":"closed","template":"","meta":{"_mi_skip_tracking":false},"_links":{"self":[{"href":"https:\/\/birokhalasztelek.hu\/kozepiskola\/wp-json\/wp\/v2\/pages\/5673"}],"collection":[{"href":"https:\/\/birokhalasztelek.hu\/kozepiskola\/wp-json\/wp\/v2\/pages"}],"about":[{"href":"https:\/\/birokhalasztelek.hu\/kozepiskola\/wp-json\/wp\/v2\/types\/page"}],"author":[{"embeddable":true,"href":"https:\/\/birokhalasztelek.hu\/kozepiskola\/wp-json\/wp\/v2\/users\/6"}],"replies":[{"embeddable":true,"href":"https:\/\/birokhalasztelek.hu\/kozepiskola\/wp-json\/wp\/v2\/comments?post=5673"}],"version-history":[{"count":3,"href":"https:\/\/birokhalasztelek.hu\/kozepiskola\/wp-json\/wp\/v2\/pages\/5673\/revisions"}],"predecessor-version":[{"id":5693,"href":"https:\/\/birokhalasztelek.hu\/kozepiskola\/wp-json\/wp\/v2\/pages\/5673\/revisions\/5693"}],"wp:attachment":[{"href":"https:\/\/birokhalasztelek.hu\/kozepiskola\/wp-json\/wp\/v2\/media?parent=5673"}],"curies":[{"name":"wp","href":"https:\/\/api.w.org\/{rel}","templated":true}]}}