{"id":5448,"date":"2023-12-11T19:56:54","date_gmt":"2023-12-11T19:56:54","guid":{"rendered":"https:\/\/birokhalasztelek.hu\/kozepiskola\/?page_id=5448"},"modified":"2023-12-11T19:56:55","modified_gmt":"2023-12-11T19:56:55","slug":"magyarorszagi-utazas","status":"publish","type":"page","link":"https:\/\/birokhalasztelek.hu\/kozepiskola\/magyarorszagi-utazas\/","title":{"rendered":"Magyarorsz\u00e1gi utaz\u00e1s"},"content":{"rendered":"\n<h2>&#8220;\u00d6r\u00f6k\u00f6sv\u00e9ny projekt&#8221; 2021. 09. 29- 10. 05.<\/h2>\n\n\n\n<p><strong>\u00c9lm\u00e9nybesz\u00e1mol\u00f3 Hal\u00e1sztelekr\u0151l<\/strong> <strong>2019. 10. 25 \u2013 10. 31.<\/strong><\/p>\n\n\n\n<p><em>Hat\u00e1rtalanul!<\/em> program seg\u00edts\u00e9g\u00e9vel 2019 okt\u00f3ber 25-\u00e9n hajnali 5 kor megkezdt\u00fck utunkat Hal\u00e1sztelekre, a Bocskai Istv\u00e1n Reform\u00e1tus Oktat\u00e1si K\u00f6zponthoz, testv\u00e9riskol\u00e1nkhoz. \u00a0Nagyon v\u00e1rtuk, hogy elkezd\u0151dj\u00f6n az \u00d6r\u00f6k\u00f6sv\u00e9ny t\u00far\u00e1nk, ahol k\u00fcl\u00f6nb\u00f6z\u0151 vil\u00e1g\u00f6r\u00f6ks\u00e9gi helysz\u00ednekkel, kultur\u00e1lis \u00e9rt\u00e9kekkel tal\u00e1lkozhatunk<\/p>\n\n\n\n<p>Els\u0151 nap a Bocskais di\u00e1kokkal Pannonhalm\u00e1ra utaztunk, ahol a Benc\u00e9s F\u0151ap\u00e1ts\u00e1ggal \u00e9s annak t\u00f6rt\u00e9net\u00e9vel ismerkedhett\u00fcnk meg j\u00e1t\u00e9kos form\u00e1ban. K\u00f6zben l\u00fadtollal M\u00e1rton napi \u00fcdv\u00f6zl\u0151lapot \u00edrtunk \u00e9s finom ap\u00e1ts\u00e1gi csokol\u00e1d\u00e9kat \u00e9s vizet k\u00f3stoltunk. Miut\u00e1n k\u00f6rbej\u00e1rtuk az ap\u00e1ts\u00e1got, lement\u00fcnk az ap\u00e1ts\u00e1g arbor\u00e9tum\u00e1ba ami nagyon csod\u00e1s volt az \u0151szi sz\u00ednekkel. Nap v\u00e9g\u00e9re m\u00e9g jobban \u00f6sszebar\u00e1tkoztunk a Bocskais di\u00e1kokkal.<\/p>\n\n\n\n<p>M\u00e1sodik napon \u2013 Ipolytarn\u00f3con \u2013 a geol\u00f3giai tan\u00f6sv\u00e9nyen olyasmiben volt r\u00e9sz\u00fcnk, amiben m\u00e9g sohasem. Egy olyan \u00f6sv\u00e9nyen mehett\u00fcnk v\u00e9gig, amelyen egy l\u00e9p\u00e9s ak\u00e1r 400 000 \u00e9vvel is visszarep\u00edtett az id\u0151ben. \u0150si l\u00e1bnyomokat \u00e9s n\u00f6v\u00e9nyi maradv\u00e1nyokat l\u00e1thattunk, amelyekr\u0151l azt hitt\u00fck, ilyen csak Amerik\u00e1ban lehets\u00e9ges. A sz\u00e1ll\u00e1sunkra visszafel\u00e9 meg\u00e1lltunk Holl\u00f3k\u0151n, ami eml\u00e9kezetes marad az \u00f3faluj\u00e1r\u00f3l, \u00e9s a v\u00e1rb\u00f3l v\u00e9gign\u00e9zett naplement\u00e9r\u0151l.<\/p>\n\n\n\n<p>Budapestre h\u00e9tf\u0151n utaztunk, ahol els\u0151 \u00e1llom\u00e1sunk a Margit-sziget volt, ahol egy nyugis s\u00e9t\u00e1t tett\u00fcnk a Duna partj\u00e1n, gy\u00f6ny\u00f6r\u0171 k\u00f6rnyezetben. Innen gyalog indultunk tov\u00e1bb a V\u00e1rnegyedbe, \u00fat k\u00f6zben megn\u00e9zt\u00fck az Operah\u00e1zat, a Szent Istv\u00e1n Bazilik\u00e1t \u00e9s az Andr\u00e1ssy \u00fatr\u00f3l is nagyon sz\u00e9p dolgokat mes\u00e9lt Ang\u00e9la n\u00e9ni. A c\u00e9l a Sziklak\u00f3rh\u00e1z Atombunker M\u00fazeum volt. Ezen a napon 21 km-t gyalogoltunk, de a kil\u00e1t\u00e1s a Hal\u00e1szb\u00e1sty\u00e1r\u00f3l, \u00e9s a m\u00fazeumi program minden\u00e9rt k\u00e1rp\u00f3tolt.<\/p>\n\n\n\n<p>A Sziklak\u00f3rh\u00e1zban r\u00e9szt vett\u00fcnk egy nagyon izgalmas k\u00e9mj\u00e1t\u00e9kban, r\u00e1ad\u00e1sul II. vil\u00e1gh\u00e1bor\u00fas n\u0151v\u00e9r -,doktor &#8211; \u00e9s polg\u00e1rv\u00e9delmis ruh\u00e1kba b\u00fajhattunk, ami egy nagyon k\u00fcl\u00f6nleges \u00e9lm\u00e9ny volt.&nbsp; A csapat nagy r\u00e9sz\u00e9nek ez a nap volt a kedvence.<\/p>\n\n\n\n<p>Okt\u00f3ber 28-\u00e1n kis m\u0171sor k\u00eds\u00e9ret\u00e9ben megkoszor\u00faztuk Hal\u00e1sztelken a Trianon eml\u00e9km\u0171vet, amelyet 2014-ben, a legels\u0151 k\u00f6z\u00f6s utaz\u00e1sunk alkalm\u00e1val avattunk fel, majd D\u00f6m\u00f6sre indultunk. A R\u00e1m-szakad\u00e9kban tett t\u00far\u00e1nk a h\u00e9t egyik leg\u00e9lm\u00e9nyd\u00fasabb programja volt. Eddig azt hitt\u00fck, hogy Magyarorsz\u00e1gon nem igaz\u00e1n lehet nagyot t\u00far\u00e1zni, hegyeket m\u00e1szni. A R\u00e1m-szakad\u00e9kban egy olyan csod\u00e1latos v\u00edzmos\u00e1son ment\u00fck, amit le\u00edrni lehetetlen. Mindannyian nagyon \u00e9lvezt\u00fck a t\u00far\u00e1t, \u00e9s ebben a szakad\u00f3 es\u0151 sem szegte kedv\u00fcnket.<\/p>\n\n\n\n<p>Az utols\u00f3 nap mindig a legszomor\u00fabb nap, mivel ilyenkor tudatosul benn\u00fcnk, hogy egy f\u00e9l \u00e9vig nem l\u00e1tjuk egym\u00e1st, de a cserkesz\u0151l\u0151i f\u00fcrd\u0151z\u00e9s kicsit k\u00e1rp\u00f3tolt minket, mindenki kikapcsol\u00f3dott kicsit. Est\u00e9re \u00e9rt\u00fcnk vissza Hal\u00e1sztelekre, ahol vacsora ut\u00e1n kezd\u0151d\u00f6tt a b\u00facs\u00fa buli. A t\u00e1rsas\u00e1g eg\u00e9sz este t\u00e1ncolt a remek zen\u00e9kre, amit a Bocskai Istv\u00e1n Reform\u00e1tus Oktat\u00e1si K\u00f6zpont egyik di\u00e1kja, P\u00e1ntya P\u00e9ter szolg\u00e1ltatott sz\u00e1munkra. Ezt nagyon k\u00f6sz\u00f6nj\u00fck neki!<\/p>\n\n\n\n<p>\u00d6sszess\u00e9g\u00e9ben nagyon j\u00f3l \u00e9rezt\u00fck magunkat, mint minden \u00e9vben. Nagyon sok \u00e9lm\u00e9nnyel gazdagodtunk \u00e9s mindig \u00f6r\u00f6mmel fogunk visszagondolni az itt szerzett tud\u00e1sra \u00e9s sz\u00e9p eml\u00e9kekre.<\/p>\n\n\n\n<p>K\u00f6sz\u00f6nj\u00fck a tan\u00e1rainknak, hogy v\u00e1llalt\u00e1k a felel\u0151ss\u00e9get \u00e9rt\u00fcnk, a testv\u00e9riskol\u00e1nknak \u00e9s a szervez\u0151 tan\u00e1roknak a szeretetteljes fogadtat\u00e1st, \u00e9s Magyarorsz\u00e1g korm\u00e1ny\u00e1nak, hogy t\u00e1mogatja a Hat\u00e1rtalanul! programot.<\/p>\n\n\n\n<p>Szeretettel:<\/p>\n\n\n\n<p>Kopacz T\u00edmea \u00e9s Mudrunek Botond XII.B<\/p>\n\n\n\n<p>G\u00e1bor \u00c1ron Szakk\u00e9pz\u0151 L\u00edceum<\/p>\n\n\n\n<p>K\u00e9zdiv\u00e1s\u00e1rhely<\/p>\n\n\n\n<figure class=\"wp-block-gallery columns-3 is-cropped\"><ul class=\"blocks-gallery-grid\"><li class=\"blocks-gallery-item\"><figure><a href=\"https:\/\/birokhalasztelek.hu\/kozepiskola\/wp-content\/uploads\/2023\/12\/Holloko.jpg\"><img loading=\"lazy\" width=\"844\" height=\"563\" src=\"https:\/\/birokhalasztelek.hu\/kozepiskola\/wp-content\/uploads\/2023\/12\/Holloko.jpg\" alt=\"\" data-id=\"5449\" data-link=\"https:\/\/birokhalasztelek.hu\/kozepiskola\/?attachment_id=5449\" class=\"wp-image-5449\" srcset=\"https:\/\/birokhalasztelek.hu\/kozepiskola\/wp-content\/uploads\/2023\/12\/Holloko.jpg 844w, https:\/\/birokhalasztelek.hu\/kozepiskola\/wp-content\/uploads\/2023\/12\/Holloko-300x200.jpg 300w, https:\/\/birokhalasztelek.hu\/kozepiskola\/wp-content\/uploads\/2023\/12\/Holloko-768x512.jpg 768w\" sizes=\"(max-width: 844px) 100vw, 844px\" \/><\/a><\/figure><\/li><li class=\"blocks-gallery-item\"><figure><a href=\"https:\/\/birokhalasztelek.hu\/kozepiskola\/wp-content\/uploads\/2023\/12\/Ipolytarnoc.jpg\"><img loading=\"lazy\" width=\"750\" height=\"500\" src=\"https:\/\/birokhalasztelek.hu\/kozepiskola\/wp-content\/uploads\/2023\/12\/Ipolytarnoc.jpg\" alt=\"\" data-id=\"5450\" data-link=\"https:\/\/birokhalasztelek.hu\/kozepiskola\/?attachment_id=5450\" class=\"wp-image-5450\" srcset=\"https:\/\/birokhalasztelek.hu\/kozepiskola\/wp-content\/uploads\/2023\/12\/Ipolytarnoc.jpg 750w, https:\/\/birokhalasztelek.hu\/kozepiskola\/wp-content\/uploads\/2023\/12\/Ipolytarnoc-300x200.jpg 300w\" sizes=\"(max-width: 750px) 100vw, 750px\" \/><\/a><\/figure><\/li><li class=\"blocks-gallery-item\"><figure><a href=\"https:\/\/birokhalasztelek.hu\/kozepiskola\/wp-content\/uploads\/2023\/12\/Margitsziget.jpg\"><img loading=\"lazy\" width=\"830\" height=\"554\" src=\"https:\/\/birokhalasztelek.hu\/kozepiskola\/wp-content\/uploads\/2023\/12\/Margitsziget.jpg\" alt=\"\" data-id=\"5451\" data-link=\"https:\/\/birokhalasztelek.hu\/kozepiskola\/?attachment_id=5451\" class=\"wp-image-5451\" srcset=\"https:\/\/birokhalasztelek.hu\/kozepiskola\/wp-content\/uploads\/2023\/12\/Margitsziget.jpg 830w, https:\/\/birokhalasztelek.hu\/kozepiskola\/wp-content\/uploads\/2023\/12\/Margitsziget-300x200.jpg 300w, https:\/\/birokhalasztelek.hu\/kozepiskola\/wp-content\/uploads\/2023\/12\/Margitsziget-768x513.jpg 768w\" sizes=\"(max-width: 830px) 100vw, 830px\" \/><\/a><\/figure><\/li><li class=\"blocks-gallery-item\"><figure><a href=\"https:\/\/birokhalasztelek.hu\/kozepiskola\/wp-content\/uploads\/2023\/12\/Pannonhalma.jpg\"><img loading=\"lazy\" width=\"750\" height=\"500\" src=\"https:\/\/birokhalasztelek.hu\/kozepiskola\/wp-content\/uploads\/2023\/12\/Pannonhalma.jpg\" alt=\"\" data-id=\"5452\" data-link=\"https:\/\/birokhalasztelek.hu\/kozepiskola\/?attachment_id=5452\" class=\"wp-image-5452\" srcset=\"https:\/\/birokhalasztelek.hu\/kozepiskola\/wp-content\/uploads\/2023\/12\/Pannonhalma.jpg 750w, https:\/\/birokhalasztelek.hu\/kozepiskola\/wp-content\/uploads\/2023\/12\/Pannonhalma-300x200.jpg 300w\" sizes=\"(max-width: 750px) 100vw, 750px\" \/><\/a><\/figure><\/li><li class=\"blocks-gallery-item\"><figure><a href=\"https:\/\/birokhalasztelek.hu\/kozepiskola\/wp-content\/uploads\/2023\/12\/Ram-szakadek.jpg\"><img loading=\"lazy\" width=\"900\" height=\"600\" src=\"https:\/\/birokhalasztelek.hu\/kozepiskola\/wp-content\/uploads\/2023\/12\/Ram-szakadek.jpg\" alt=\"\" data-id=\"5453\" data-link=\"https:\/\/birokhalasztelek.hu\/kozepiskola\/?attachment_id=5453\" class=\"wp-image-5453\" srcset=\"https:\/\/birokhalasztelek.hu\/kozepiskola\/wp-content\/uploads\/2023\/12\/Ram-szakadek.jpg 900w, https:\/\/birokhalasztelek.hu\/kozepiskola\/wp-content\/uploads\/2023\/12\/Ram-szakadek-300x200.jpg 300w, https:\/\/birokhalasztelek.hu\/kozepiskola\/wp-content\/uploads\/2023\/12\/Ram-szakadek-768x512.jpg 768w\" sizes=\"(max-width: 900px) 100vw, 900px\" \/><\/a><\/figure><\/li><li class=\"blocks-gallery-item\"><figure><a href=\"https:\/\/birokhalasztelek.hu\/kozepiskola\/wp-content\/uploads\/2023\/12\/Sziklakorhaz.jpg\"><img loading=\"lazy\" width=\"922\" height=\"615\" src=\"https:\/\/birokhalasztelek.hu\/kozepiskola\/wp-content\/uploads\/2023\/12\/Sziklakorhaz.jpg\" alt=\"\" data-id=\"5454\" data-link=\"https:\/\/birokhalasztelek.hu\/kozepiskola\/?attachment_id=5454\" class=\"wp-image-5454\" srcset=\"https:\/\/birokhalasztelek.hu\/kozepiskola\/wp-content\/uploads\/2023\/12\/Sziklakorhaz.jpg 922w, https:\/\/birokhalasztelek.hu\/kozepiskola\/wp-content\/uploads\/2023\/12\/Sziklakorhaz-300x200.jpg 300w, https:\/\/birokhalasztelek.hu\/kozepiskola\/wp-content\/uploads\/2023\/12\/Sziklakorhaz-768x512.jpg 768w\" sizes=\"(max-width: 922px) 100vw, 922px\" \/><\/a><\/figure><\/li><li class=\"blocks-gallery-item\"><figure><a href=\"https:\/\/birokhalasztelek.hu\/kozepiskola\/wp-content\/uploads\/2023\/12\/image-1.jpg\"><img loading=\"lazy\" width=\"1024\" height=\"248\" src=\"https:\/\/birokhalasztelek.hu\/kozepiskola\/wp-content\/uploads\/2023\/12\/image-1-1024x248.jpg\" alt=\"\" data-id=\"5455\" data-full-url=\"https:\/\/birokhalasztelek.hu\/kozepiskola\/wp-content\/uploads\/2023\/12\/image-1.jpg\" data-link=\"https:\/\/birokhalasztelek.hu\/kozepiskola\/?attachment_id=5455\" class=\"wp-image-5455\" srcset=\"https:\/\/birokhalasztelek.hu\/kozepiskola\/wp-content\/uploads\/2023\/12\/image-1-1024x248.jpg 1024w, https:\/\/birokhalasztelek.hu\/kozepiskola\/wp-content\/uploads\/2023\/12\/image-1-300x73.jpg 300w, https:\/\/birokhalasztelek.hu\/kozepiskola\/wp-content\/uploads\/2023\/12\/image-1-768x186.jpg 768w, https:\/\/birokhalasztelek.hu\/kozepiskola\/wp-content\/uploads\/2023\/12\/image-1.jpg 1086w\" sizes=\"(max-width: 1024px) 100vw, 1024px\" \/><\/a><\/figure><\/li><\/ul><\/figure>\n","protected":false},"excerpt":{"rendered":"<p>&#8220;\u00d6r\u00f6k\u00f6sv\u00e9ny projekt&#8221; 2021. 09. 29- 10. 05. \u00c9lm\u00e9nybesz\u00e1mol\u00f3 Hal\u00e1sztelekr\u0151l 2019. 10. 25 \u2013 10. 31. Hat\u00e1rtalanul! program seg\u00edts\u00e9g\u00e9vel 2019 okt\u00f3ber 25-\u00e9n hajnali 5 kor megkezdt\u00fck utunkat Hal\u00e1sztelekre, a Bocskai Istv\u00e1n Reform\u00e1tus Oktat\u00e1si K\u00f6zponthoz, testv\u00e9riskol\u00e1nkhoz. \u00a0Nagyon v\u00e1rtuk, hogy elkezd\u0151dj\u00f6n az \u00d6r\u00f6k\u00f6sv\u00e9ny t\u00far\u00e1nk, ahol k\u00fcl\u00f6nb\u00f6z\u0151 vil\u00e1g\u00f6r\u00f6ks\u00e9gi helysz\u00ednekkel, kultur\u00e1lis \u00e9rt\u00e9kekkel tal\u00e1lkozhatunk Els\u0151 nap a Bocskais di\u00e1kokkal Pannonhalm\u00e1ra utaztunk, [&hellip;]<\/p>\n","protected":false},"author":1,"featured_media":0,"parent":0,"menu_order":0,"comment_status":"closed","ping_status":"closed","template":"","meta":{"_mi_skip_tracking":false},"_links":{"self":[{"href":"https:\/\/birokhalasztelek.hu\/kozepiskola\/wp-json\/wp\/v2\/pages\/5448"}],"collection":[{"href":"https:\/\/birokhalasztelek.hu\/kozepiskola\/wp-json\/wp\/v2\/pages"}],"about":[{"href":"https:\/\/birokhalasztelek.hu\/kozepiskola\/wp-json\/wp\/v2\/types\/page"}],"author":[{"embeddable":true,"href":"https:\/\/birokhalasztelek.hu\/kozepiskola\/wp-json\/wp\/v2\/users\/1"}],"replies":[{"embeddable":true,"href":"https:\/\/birokhalasztelek.hu\/kozepiskola\/wp-json\/wp\/v2\/comments?post=5448"}],"version-history":[{"count":1,"href":"https:\/\/birokhalasztelek.hu\/kozepiskola\/wp-json\/wp\/v2\/pages\/5448\/revisions"}],"predecessor-version":[{"id":5456,"href":"https:\/\/birokhalasztelek.hu\/kozepiskola\/wp-json\/wp\/v2\/pages\/5448\/revisions\/5456"}],"wp:attachment":[{"href":"https:\/\/birokhalasztelek.hu\/kozepiskola\/wp-json\/wp\/v2\/media?parent=5448"}],"curies":[{"name":"wp","href":"https:\/\/api.w.org\/{rel}","templated":true}]}}