{"id":4,"date":"2015-07-27T12:23:44","date_gmt":"2015-07-27T12:23:44","guid":{"rendered":"http:\/\/bocskai.halasztelek.hu\/kozepiskola\/?page_id=4"},"modified":"2015-07-27T12:25:31","modified_gmt":"2015-07-27T12:25:31","slug":"bemutatkozunk","status":"publish","type":"page","link":"https:\/\/birokhalasztelek.hu\/kozepiskola\/bemutatkozunk\/","title":{"rendered":"Bemutatkozunk"},"content":{"rendered":"<p>Bemutatkozunk<br \/>\n1. Az int\u00e9zm\u00e9ny f\u00f6ldrajzi adotts\u00e1gai<\/p>\n<p>Az int\u00e9zm\u00e9ny a Csepel-szigeten, Budapestt\u0151l 10 km-re, az M0-\u00e1s aut\u00f3p\u00e1lya lej\u00e1r\u00f3j\u00e1hoz k\u00f6zel, Hal\u00e1sztelken, a v\u00e1rost \u00e1tszel\u0151 f\u0151\u00fat mellett, lak\u00f3\u00f6vezetben tal\u00e1lhat\u00f3.<\/p>\n<p>Hal\u00e1sztelek k\u00f6zigazgat\u00e1silag a k\u00f6z\u00e9p-magyarorsz\u00e1gi r\u00e9gi\u00f3, ezen bel\u00fcl Pest megye r\u00e9sz\u00e9t k\u00e9pezi. Budapest agglomer\u00e1ci\u00f3j\u00e1nak jellegzetess\u00e9ge, hogy k\u00f6nnyebb a k\u00f6rnyez\u0151 telep\u00fcl\u00e9sekr\u0151l Budapestre utazni tanulni, mint a szomsz\u00e9dos telep\u00fcl\u00e9sekre eljutni. Hal\u00e1sztelek k\u00f6zleked\u00e9si helyzete nem mondhat\u00f3 szerencs\u00e9snek ebb\u0151l a szempontb\u00f3l.<\/p>\n<p>2. Hal\u00e1sztelek v\u00e1ros jellemz\u00e9se<\/p>\n<p>A telep\u00fcl\u00e9s 1952-ben j\u00f6tt l\u00e9tre a m\u00falt sz\u00e1zad els\u0151 fel\u00e9ben a t\u00f6k\u00f6li rep\u00fcl\u0151t\u00e9r kiszolg\u00e1l\u00f3 szem\u00e9lyzet\u00e9nek lak\u00f3hely\u00e9\u00fcl szolg\u00e1l\u00f3 Hermina telepb\u0151l. Hal\u00e1sztelek Budapest d\u00e9li agglomer\u00e1ci\u00f3j\u00e1nak kisebb telep\u00fcl\u00e9se. K\u00f6rnyezet\u00e9ben keleten \u00e9s d\u00e9lr\u0151l Szigetszentmikl\u00f3s, Szigethalom \u00e9s T\u00f6k\u00f6l egys\u00e9ges lak\u00f3\u00f6vezetet jelentenek. Nyugati ir\u00e1nyban a Duna tal\u00e1lhat\u00f3. K\u00f6z\u00fcl\u00fck kett\u0151 a v\u00e1rosi rangot is elnyerte. A t\u00f6megk\u00f6zleked\u00e9s lehet\u0151s\u00e9gei k\u00f6z\u00fcl a h\u00e1rom k\u00f6rnyez\u0151 telep\u00fcl\u00e9s \u00e9rint\u00e9s\u00e9vel a H\u00c9V megker\u00fcli Hal\u00e1sztelket, amely nem kedvez az int\u00e9zm\u00e9nyekbe t\u00f6rt\u00e9n\u0151 bej\u00e1r\u00e1snak, viszont a koll\u00e9giumi ell\u00e1t\u00e1s es\u00e9lyeit n\u00f6veli ez a t\u00e9ny. A helyk\u00f6zi aut\u00f3busz-k\u00f6zleked\u00e9s a telep\u00fcl\u00e9st \u00e1tszel\u0151 \u00e9szak-d\u00e9li ir\u00e1ny\u00fa f\u0151k\u00f6zleked\u00e9si \u00faton t\u00f6rt\u00e9nik.<\/p>\n<p>A v\u00e1ros jelenlegi 9300 f\u0151s lakoss\u00e1ga folyamatosan gyarapszik, a k\u00fclter\u00fcleteket folyamatosan belter\u00fclett\u00e9 nyilv\u00e1n\u00edtva n\u0151 a lak\u00f3\u00f6vezet ter\u00fclete is. A telep\u00fcl\u00e9s 2008. j\u00falius 1-j\u00e9vel v\u00e1rosi rangra emelkedett. A gyarapod\u00f3 n\u00e9pess\u00e9g sz\u00fcks\u00e9gess\u00e9 teszi az \u00e1ltal\u00e1nos iskolai f\u00e9r\u0151helyek gyarap\u00edt\u00e1s\u00e1t, melyet az \u00f6nkorm\u00e1nyzat saj\u00e1t er\u0151b\u0151l nem tud elv\u00e9gezni, \u00edgy k\u00e9zenfekv\u0151 a jelenlegi k\u00f6z\u00e9piskola feladatainak gyarap\u00edt\u00e1sa az alapfok\u00fa oktat\u00e1ssal.<\/p>\n<p>A telep\u00fcl\u00e9s feln\u0151tt lakoss\u00e1g\u00e1nak t\u00falnyom\u00f3 r\u00e9sze Budapestre illetve Szigetszentmikl\u00f3sra ing\u00e1zva j\u00e1r dolgozni. A gyermekek reggelente \u00e9s d\u00e9lut\u00e1nonk\u00e9nt 1-1 \u00f3r\u00e1t a k\u00f6zleked\u00e9si eszk\u00f6z\u00f6k\u00f6n t\u00f6ltenek el.<\/p>\n<p>3. Az int\u00e9zm\u00e9ny bemutat\u00e1sa<\/p>\n<p>A Bocskai Istv\u00e1n Reform\u00e1tus K\u00f6z\u00e9piskola a 60-as \u00e9vek v\u00e9g\u00e9n \u00e9p\u00fclt, 1971-ben kezdte meg m\u0171k\u00f6d\u00e9s\u00e9t mez\u0151gazdas\u00e1gi szakmunk\u00e1sk\u00e9pz\u0151k\u00e9nt, akkor m\u00e9g Hal\u00e1sztelki Kert\u00e9szeti Szakk\u00f6z\u00e9piskola, Szakmunk\u00e1sk\u00e9pz\u0151, Gimn\u00e1zium \u00e9s Koll\u00e9gium n\u00e9ven. Az int\u00e9zm\u00e9ny 1999. augusztus 1-j\u00e9vel jogut\u00f3dl\u00e1ssal t\u00f6rt\u00e9n\u0151 int\u00e9zm\u00e9ny\u00e1tad\u00e1ssal ker\u00fclt a T\u00f6k\u00f6l-Hal\u00e1sztelki Reform\u00e1tus Egyh\u00e1zk\u00f6zs\u00e9g fenntart\u00e1s\u00e1ba. Az int\u00e9zm\u00e9ny \u00e1tv\u00e9tel\u00e9hez a Dunamell\u00e9ki Reform\u00e1tus Egyh\u00e1zker\u00fclet hozz\u00e1j\u00e1rult. Az \u00e1tad\u00e1s-\u00e1tv\u00e9tel iskol\u00e1nk mind k\u00fcls\u0151 megjelen\u00e9s\u00e9ben, mind bels\u0151 \u00e9let\u00e9ben v\u00e1ltoz\u00e1sokat hozott. Jelenleg a Hal\u00e1sztelki Reform\u00e1tus Egyh\u00e1zk\u00f6zs\u00e9g tartja fent az int\u00e9zm\u00e9nyt.<\/p>\n<p>Az iskola\u00e9p\u00fclet teh\u00e1t Hal\u00e1sztelek f\u0151\u00fatja mellett fekszik, egy ter\u00fcleten \u00e1ll a k\u00f6z\u00e9piskola, az \u00e1ltal\u00e1nos iskola, valamint a koll\u00e9gium \u00e9p\u00fclete. Az \u00e1ltal\u00e1nos iskolai tagozat (2004) \u00e9s a gimn\u00e1ziumi tagozat (2005) beindul\u00e1s\u00e1val az int\u00e9zm\u00e9ny a legsokoldal\u00fabb reform\u00e1tus k\u00f6zoktat\u00e1si int\u00e9zm\u00e9nny\u00e9 v\u00e1lt, s k\u00f6zelebb ker\u00fclt a helyi t\u00e1rsadalomhoz.<\/p>\n<p>K\u00f6rnyezete rendezett, a f\u0151bej\u00e1rat mellett az \u00edzl\u00e9sesen kialak\u00edtott park nemcsak a tan\u00e9v k\u00f6zben kedvelt a di\u00e1kok \u00e9s pedag\u00f3gusok k\u00f6r\u00e9ben, hanem a ballag\u00e1s vonul\u00e1si \u00fatvonalak\u00e9nt is rendk\u00edv\u00fcl mutat\u00f3s.<\/p>\n<p>A tanul\u00f3k \u2013 szakoktat\u00f3ik seg\u00edts\u00e9g\u00e9vel \u2013 nagy gondot ford\u00edtanak arra, hogy az iskola \u00e9s a koll\u00e9gium \u00e9p\u00fcletei \u00e9s k\u00f6rnyezete nev\u00e9hez m\u00e9lt\u00f3 legyen. Az int\u00e9zm\u00e9ny ter\u00fclet\u00e9n az iskola \u00e9p\u00fclete, az iskola koll\u00e9gium\u00e1nak, valamint a tankertj\u00e9nek \u00e9p\u00fcletei (tanm\u0171hely, rakt\u00e1r, \u00fcvegh\u00e1z, f\u00f3lia stb.) tal\u00e1lhat\u00f3ak.<\/p>\n<p>Iskol\u00e1nk n\u00e9vad\u00f3ja Bocskai Istv\u00e1n, mellszobra az aul\u00e1ban egy hal\u00e1sztelki polg\u00e1r adom\u00e1nya. Az iskola c\u00edmer\u00e9nek jelk\u00e9pei egy\u00e9rtelm\u0171en \u00e1rulkodnak az egyh\u00e1zi k\u00f6t\u0151d\u00e9sr\u0151l, valamint a tud\u00e1s melletti elk\u00f6telez\u0151d\u00e9sr\u0151l. A f\u0151bej\u00e1rat feletti timpanonban olvashat\u00f3 iskol\u00e1nk jelmondata, Fides et libertas \u2013 h\u0171s\u00e9g \u00e9s szabads\u00e1g \u2013, \u00e9s utal az iskola szellemis\u00e9g\u00e9re.<\/p>\n<p>Ezek a szimb\u00f3lumok, id\u00e9zetek seg\u00edtik az azonosul\u00e1st a Bocskai szellemis\u00e9g\u00e9vel. A n\u00e9vad\u00f3 szem\u00e9lye az iskolai k\u00f6z\u00f6ss\u00e9g \u00f6sszetartoz\u00e1s\u00e1t is er\u0151s\u00edti, hiszen a \u201ebocskaisok\u201d elnevez\u00e9sre mindannyian b\u00fcszk\u00e9k lehet\u00fcnk.<\/p>\n<p>Az el\u0151csarnokban t\u00e1j\u00e9koztat\u00f3 t\u00e1bla h\u00edvja fel a figyelmet arra, hogy int\u00e9zm\u00e9ny\u00fcnk teljes eg\u00e9sz\u00e9ben akad\u00e1lymentes\u00edtett: a f\u0151bej\u00e1rat mellett lift m\u0171k\u00f6dik, a l\u00e9pcs\u0151 mellett r\u00e1mpa seg\u00edti a mozg\u00e1skorl\u00e1tozottakat, az iskola burkolata a l\u00e1t\u00e1ss\u00e9r\u00fcltek t\u00e1j\u00e9koz\u00f3d\u00e1s\u00e1t k\u00f6nny\u00edti meg, a hall\u00e1ss\u00e9r\u00fclt di\u00e1kok tanul\u00e1s\u00e1t pedig infokommunik\u00e1ci\u00f3s akad\u00e1lymentes\u00edt\u00e9s biztos\u00edtja. Iskol\u00e1nk felv\u00e1llalja a testi fogyat\u00e9kkal \u00e9l\u0151k oktat\u00e1s\u00e1t-nevel\u00e9s\u00e9t is.<\/p>\n<p>4. T\u00e9rs\u00e9gi ell\u00e1t\u00e1s<\/p>\n<p>Az iskola Csepel-sziget egyetlen egyh\u00e1zi fenntart\u00e1sban l\u00e9v\u0151 k\u00f6z\u00e9piskola. Sz\u00e9les szakmai tanul\u00e1si lehet\u0151s\u00e9get k\u00edn\u00e1l a di\u00e1koknak a hagyom\u00e1nyosnak mondhat\u00f3 k\u00e9pz\u00e9sekben, mint a gimn\u00e1zium, szakk\u00f6z\u00e9piskola \u00e9s szakiskola. Az irodai asszisztens, sz\u00e1m\u00edt\u00f3g\u00e9pszerel\u0151, vir\u00e1gk\u00f6t\u0151, \u2013 berendez\u0151, d\u00edszn\u00f6v\u00e9nykert\u00e9sz szakm\u00e1k n\u00e9pszer\u0171ek, a k\u00f6rny\u00e9k munk\u00e1ltat\u00f3i sz\u00edvesen alkalmazz\u00e1k a v\u00e9gzett di\u00e1kjainkat. Hal\u00e1sztelken t\u00f6bb v\u00e1llalkoz\u00e1s is foglalkozik kert\u00e9szettel, \u0151k els\u0151sorban az agr\u00e1r v\u00e9gzetts\u00e9g\u0171 di\u00e1kjainkat keresik a munkaer\u0151 piacon. A szakmai k\u00e9pz\u00e9s magas sz\u00ednvonal\u00fa, ezt bizony\u00edtja az orsz\u00e1gos versenyeken el\u00e9rt kimagasl\u00f3 eredm\u00e9ny, amivel nemcsak az iskola, hanem a v\u00e1ros h\u00edrnev\u00e9t is \u00f6regb\u00edtett\u00e9k. 2013. szeptember\u00e9t\u0151l pedig elindult a rend\u00e9szeti szakir\u00e1ny is, szorosan egy\u00fcttm\u0171k\u00f6dve a Szigetszentmikl\u00f3si Rend\u0151rkapit\u00e1nys\u00e1ggal.<\/p>\n<p>Mivel a r\u00e9gi\u00f3ban nincs m\u00e1s ilyen jelleg\u0171 int\u00e9zm\u00e9ny \u2013 ak\u00e1r reform\u00e1tus fenntart\u00e1sr\u00f3l, ak\u00e1r az oktatott szakm\u00e1kat n\u00e9zz\u00fck \u2013 ez\u00e9rt sz\u00fcl\u0151k sz\u00edvesen \u00edratj\u00e1k be ide a gyermek\u00fcket. A helyi t\u00e1rsadalom elfogadta az iskol\u00e1t, n\u00e9pszer\u0171s\u00e9ge a jelentkez\u0151k sz\u00e1m\u00e1ban mutatkozik meg, hisz \u00e9vek \u00f3ta t\u00f6bb mint k\u00e9tszeres a t\u00faljelentkez\u00e9s.<\/p>\n<p>A Bocskai Istv\u00e1n Reform\u00e1tus K\u00f6z\u00e9piskola egy\u00e9bk\u00e9nt orsz\u00e1gos beiskol\u00e1z\u00e1s\u00fa int\u00e9zm\u00e9ny, azonban a tanul\u00f3k 80 %-a a k\u00f6z\u00e9p-magyarorsz\u00e1gi r\u00e9gi\u00f3b\u00f3l, vagyis Budapestr\u0151l \u00e9s Pest megy\u00e9b\u0151l \u00e9rkezik. A tanul\u00f3k Fej\u00e9r, Kom\u00e1rom-Esztergom, Tolna, B\u00e1cs-Kiskun, J\u00e1sz-Nagykun-Szolnok \u00e9s N\u00f3gr\u00e1d megy\u00e9b\u0151l is \u00e9rkeztek.<\/p>\n<p>5. Koll\u00e9gium<\/p>\n<p>Mivel a Csepel-szigeten \u00e9s k\u00f6rny\u00e9k\u00e9n a k\u00f6zleked\u00e9s nem kedvez a bej\u00e1r\u00e1snak, ez\u00e9rt sokan v\u00e1lasztj\u00e1k a koll\u00e9giumot. Vagyis a koll\u00e9giumi ell\u00e1t\u00e1st nemcsak a m\u00e1s megy\u00e9b\u0151l \u00e9rkez\u0151 di\u00e1kok veszik ig\u00e9nybe, hanem a k\u00f6rny\u00e9ken \u00e9l\u0151 di\u00e1kok is.<\/p>\n<p>A koll\u00e9gium nemcsak az alapvet\u0151 szolg\u00e1ltat\u00e1sokat ny\u00fajtja, hanem kiemelked\u0151 figyelmet ford\u00edt a felz\u00e1rk\u00f3ztat\u00e1sra, a di\u00e1kok nevel\u00e9s\u00e9re. A tanul\u00e1sban ny\u00fajtott seg\u00edts\u00e9g minden koll\u00e9gista sz\u00e1m\u00e1ra a biztos tud\u00e1st jelenti a k\u00f6z\u00e9piskolai tanulm\u00e1nyok sor\u00e1n. Vagyis a Koll\u00e9gium c\u00e9lja, hogy az otthonr\u00f3l hozott h\u00e1tr\u00e1nyokat orvosolja, lehet\u0151s\u00e9get adjon a di\u00e1koknak, hogy egyenl\u0151 es\u00e9llyel v\u00e9gezz\u00e9k el a k\u00f6z\u00e9piskol\u00e1t. Nemcsak a t\u00e1vol lak\u00f3k, de nem megfelel\u0151 lak\u00e1sk\u00f6r\u00fclm\u00e9ny\u0171, nagycsal\u00e1dos sz\u00fcl\u0151k gyermekeinek is k\u00e9nyelmes, nyugodt tanul\u00e1si felt\u00e9teleket biztos\u00edt.<\/p>\n<p>6. AMI \u2013 Alapfok\u00fa M\u0171v\u00e9szetoktat\u00e1si Int\u00e9zm\u00e9ny<\/p>\n<p>A Bocskai Istv\u00e1n Reform\u00e1tus K\u00f6z\u00e9piskola m\u00e1r 4 esztendeje biztos\u00edtja di\u00e1kjainak a m\u0171v\u00e9szeti k\u00e9pz\u00e9sben val\u00f3 r\u00e9szv\u00e9telt. A tanul\u00f3k n\u00e9pt\u00e1ncot \u00e9s szobr\u00e1szatot tanulhatnak, git\u00e1r, zongora \u00e9s furulya \u00f3r\u00e1kon vehetnek r\u00e9szt. Az int\u00e9zm\u00e9ny c\u00e9lja, hogy a di\u00e1kok megszeress\u00e9k ezeket a m\u0171v\u00e9szeti \u00e1gakat, illetve a k\u00e9s\u0151bbiekben sikeresek legyenek ezekben.<\/p>\n","protected":false},"excerpt":{"rendered":"<p>Bemutatkozunk 1. Az int\u00e9zm\u00e9ny f\u00f6ldrajzi adotts\u00e1gai Az int\u00e9zm\u00e9ny a Csepel-szigeten, Budapestt\u0151l 10 km-re, az M0-\u00e1s aut\u00f3p\u00e1lya lej\u00e1r\u00f3j\u00e1hoz k\u00f6zel, Hal\u00e1sztelken, a v\u00e1rost \u00e1tszel\u0151 f\u0151\u00fat mellett, lak\u00f3\u00f6vezetben tal\u00e1lhat\u00f3. Hal\u00e1sztelek k\u00f6zigazgat\u00e1silag a k\u00f6z\u00e9p-magyarorsz\u00e1gi r\u00e9gi\u00f3, ezen bel\u00fcl Pest megye r\u00e9sz\u00e9t k\u00e9pezi. Budapest agglomer\u00e1ci\u00f3j\u00e1nak jellegzetess\u00e9ge, hogy k\u00f6nnyebb a k\u00f6rnyez\u0151 telep\u00fcl\u00e9sekr\u0151l Budapestre utazni tanulni, mint a szomsz\u00e9dos telep\u00fcl\u00e9sekre eljutni. Hal\u00e1sztelek k\u00f6zleked\u00e9si [&hellip;]<\/p>\n","protected":false},"author":1,"featured_media":0,"parent":0,"menu_order":0,"comment_status":"closed","ping_status":"closed","template":"","meta":{"_mi_skip_tracking":false},"_links":{"self":[{"href":"https:\/\/birokhalasztelek.hu\/kozepiskola\/wp-json\/wp\/v2\/pages\/4"}],"collection":[{"href":"https:\/\/birokhalasztelek.hu\/kozepiskola\/wp-json\/wp\/v2\/pages"}],"about":[{"href":"https:\/\/birokhalasztelek.hu\/kozepiskola\/wp-json\/wp\/v2\/types\/page"}],"author":[{"embeddable":true,"href":"https:\/\/birokhalasztelek.hu\/kozepiskola\/wp-json\/wp\/v2\/users\/1"}],"replies":[{"embeddable":true,"href":"https:\/\/birokhalasztelek.hu\/kozepiskola\/wp-json\/wp\/v2\/comments?post=4"}],"version-history":[{"count":1,"href":"https:\/\/birokhalasztelek.hu\/kozepiskola\/wp-json\/wp\/v2\/pages\/4\/revisions"}],"predecessor-version":[{"id":5,"href":"https:\/\/birokhalasztelek.hu\/kozepiskola\/wp-json\/wp\/v2\/pages\/4\/revisions\/5"}],"wp:attachment":[{"href":"https:\/\/birokhalasztelek.hu\/kozepiskola\/wp-json\/wp\/v2\/media?parent=4"}],"curies":[{"name":"wp","href":"https:\/\/api.w.org\/{rel}","templated":true}]}}