{"id":3751,"date":"2022-09-26T19:30:00","date_gmt":"2022-09-26T19:30:00","guid":{"rendered":"https:\/\/birokhalasztelek.hu\/kozepiskola\/?page_id=3751"},"modified":"2025-12-20T19:22:56","modified_gmt":"2025-12-20T19:22:56","slug":"iksz","status":"publish","type":"page","link":"https:\/\/birokhalasztelek.hu\/kozepiskola\/iksz\/","title":{"rendered":"IKSZ"},"content":{"rendered":"\n<p><strong>Let\u00f6lthet\u0151 dokumentumok<\/strong><\/p>\n\n\n\n<div class=\"wp-block-file\"><a href=\"https:\/\/birokhalasztelek.hu\/kozepiskola\/wp-content\/uploads\/2022\/09\/Egyuttmukodesi-megallapodas_2022.docx\">Egyuttmukodesi-megallapodas_2022<\/a><a href=\"https:\/\/birokhalasztelek.hu\/kozepiskola\/wp-content\/uploads\/2022\/09\/Egyuttmukodesi-megallapodas_2022.docx\" class=\"wp-block-file__button\" download>Let\u00f6lt\u00e9s<\/a><\/div>\n\n\n\n<div class=\"wp-block-file\"><a href=\"https:\/\/birokhalasztelek.hu\/kozepiskola\/wp-content\/uploads\/2025\/12\/IKSZ-fogado-szervezetek-listaja-honlapra-2025.12.19.xlsx\">IKSZ-fogado-szervezetek-listaja-honlapra-2025.12.19<\/a><a href=\"https:\/\/birokhalasztelek.hu\/kozepiskola\/wp-content\/uploads\/2025\/12\/IKSZ-fogado-szervezetek-listaja-honlapra-2025.12.19.xlsx\" class=\"wp-block-file__button\" download>Let\u00f6lt\u00e9s<\/a><\/div>\n\n\n\n<p><strong><u>Jogszab\u00e1lyi h\u00e1tt\u00e9r<\/u><\/strong><\/p>\n\n\n\n<ul><li><strong><em>2011. \u00e9vi CXC. t\u00f6rv\u00e9ny a nemzeti k\u00f6znevel\u00e9sr\u0151l<\/em><\/strong><\/li><\/ul>\n\n\n\n<p>6. \u00a7 (4) A k\u00f6z\u00e9piskola elv\u00e9gz\u00e9s\u00e9t k\u00f6zvetlen\u00fcl k\u00f6vet\u0151 \u00e9retts\u00e9gi vizsgaid\u0151szakban az \u00e9retts\u00e9gi vizsg\u00e1k megkezd\u00e9s\u00e9nek felt\u00e9tele \u00f6tven \u00f3ra k\u00f6z\u00f6ss\u00e9gi szolg\u00e1lat elv\u00e9gz\u00e9s\u00e9nek igazol\u00e1sa, kiv\u00e9ve<\/p>\n\n\n\n<p>a) a feln\u0151ttoktat\u00e1sban r\u00e9szt vev\u0151 tanul\u00f3kat \u00e9s<\/p>\n\n\n\n<p>b) azon saj\u00e1tos nevel\u00e9si ig\u00e9ny\u0171 tanul\u00f3kat, akiket a szak\u00e9rt\u0151i bizotts\u00e1g javaslata alapj\u00e1n a k\u00f6z\u00f6ss\u00e9gi szolg\u00e1lat al\u00f3l az igazgat\u00f3 hat\u00e1rozatban mentes\u00edtett.<\/p>\n\n\n\n<ul><li><strong><em>20\/2012. (VIII. 31.) EMMI rendelet a nevel\u00e9si-oktat\u00e1si int\u00e9zm\u00e9nyek m\u0171k\u00f6d\u00e9s\u00e9r\u0151l \u00e9s a k\u00f6znevel\u00e9si int\u00e9zm\u00e9nyek n\u00e9vhaszn\u00e1lat\u00e1r\u00f3l<\/em><\/strong><\/li><\/ul>\n\n\n\n<p>45. A k\u00f6z\u00f6ss\u00e9gi szolg\u00e1lattal kapcsolatos rendelkez\u00e9sek<\/p>\n\n\n\n<p>133. \u00a7 (1) A k\u00f6z\u00e9piskola feladata \u00e9s az int\u00e9zm\u00e9ny vezet\u0151j\u00e9nek felel\u0151ss\u00e9ge a tanul\u00f3 v\u00e1laszt\u00e1sa alapj\u00e1n az iskolai k\u00f6z\u00f6ss\u00e9gi szolg\u00e1lat megszervez\u00e9se \u00e1llami, \u00f6nkorm\u00e1nyzati, civil, nonprofit szervezetn\u00e9l, illetve a lelkiismereti \u00e9s vall\u00e1sszabads\u00e1g jog\u00e1r\u00f3l, valamint az egyh\u00e1zak, vall\u00e1sfelekezetek \u00e9s vall\u00e1si k\u00f6z\u00f6ss\u00e9gek jog\u00e1ll\u00e1s\u00e1r\u00f3l sz\u00f3l\u00f3 t\u00f6rv\u00e9ny hat\u00e1lya al\u00e1 tartoz\u00f3 szervezetn\u00e9l, k\u00f6z\u00e9piskola mag\u00e1nszem\u00e9llyel k\u00f6t\u00f6tt meg\u00e1llapod\u00e1sa alapj\u00e1n mag\u00e1nszem\u00e9lyn\u00e9l vagy saj\u00e1t int\u00e9zm\u00e9nyben. Ennek keret\u00e9ben meg kell szervezni a tanul\u00f3 k\u00f6z\u00f6ss\u00e9gi szolg\u00e1lat\u00e1nak teljes\u00edt\u00e9s\u00e9vel, dokument\u00e1l\u00e1s\u00e1val \u00f6sszef\u00fcgg\u0151 feladatok ell\u00e1t\u00e1s\u00e1t. A tanul\u00f3 oszt\u00e1lyf\u0151n\u00f6ke vagy az ezzel a feladattal megb\u00edzott pedag\u00f3gus a tanul\u00f3 el\u0151menetel\u00e9t r\u00f6gz\u00edt\u0151 dokumentumokban az iratkezel\u00e9si szab\u00e1lyok megtart\u00e1s\u00e1val nyilv\u00e1ntartja \u00e9s folyamatosan vezeti a k\u00f6z\u00f6ss\u00e9gi szolg\u00e1lattal \u00f6sszef\u00fcgg\u0151 egy\u00e9ni vagy csoportos tev\u00e9kenys\u00e9get.<\/p>\n\n\n\n<p>(2) A k\u00f6z\u00f6ss\u00e9gi szolg\u00e1lat keretei k\u00f6z\u00f6tt:<\/p>\n\n\n\n<p>a) az eg\u00e9szs\u00e9g\u00fcgyi,<\/p>\n\n\n\n<p>b) a szoci\u00e1lis \u00e9s j\u00f3t\u00e9konys\u00e1gi,<\/p>\n\n\n\n<p>c) az oktat\u00e1si,<\/p>\n\n\n\n<p>d) a kultur\u00e1lis \u00e9s k\u00f6z\u00f6ss\u00e9gi,<\/p>\n\n\n\n<p>e) a k\u00f6rnyezet- \u00e9s term\u00e9szetv\u00e9delemi,<\/p>\n\n\n\n<p>f) a katasztr\u00f3fav\u00e9delmi,<\/p>\n\n\n\n<p>g) az \u00f3vod\u00e1s kor\u00fa, saj\u00e1tos nevel\u00e9si ig\u00e9ny\u0171 gyermekekkel, tanul\u00f3kkal, az id\u0151s emberekkel k\u00f6z\u00f6s sport- \u00e9s szabadid\u0151s,<\/p>\n\n\n\n<p>h) az egyes rend\u0151rs\u00e9gi feladatok ell\u00e1t\u00e1s\u00e1ra l\u00e9trehozott szervekn\u00e9l b\u0171n- \u00e9s baleset-megel\u0151z\u00e9si ter\u00fcleten folytathat\u00f3 tev\u00e9kenys\u00e9g.<\/p>\n\n\n\n<ul><li><strong><em>2005. \u00e9vi LXXXVIII. t\u00f6rv\u00e9ny a k\u00f6z\u00e9rdek\u0171 \u00f6nk\u00e9ntes tev\u00e9kenys\u00e9gr\u0151l<\/em><\/strong><em><\/em><\/li><\/ul>\n\n\n\n<p>3. \u00a7 (1) Fogad\u00f3 szervezet lehet<\/p>\n\n\n\n<p>a) a helyi \u00f6nkorm\u00e1nyzat, a helyi \u00f6nkorm\u00e1nyzatok t\u00e1rsul\u00e1sa az \u00e1ltala biztos\u00edtott k\u00f6zszolg\u00e1ltat\u00e1sok \u00e9s katasztr\u00f3fav\u00e9delmi feladatai k\u00f6r\u00e9ben;<\/p>\n\n\n\n<p>b) a nemzetis\u00e9gi \u00f6nkorm\u00e1nyzat a jogszab\u00e1lyban meghat\u00e1rozott k\u00f6zfeladatai k\u00f6r\u00e9ben;<\/p>\n\n\n\n<p>c) a k\u00f6lts\u00e9gvet\u00e9si szerv az alaptev\u00e9kenys\u00e9ge k\u00f6r\u00e9ben;<\/p>\n\n\n\n<p>d) a magyarorsz\u00e1gi sz\u00e9khely\u0171 civil szervezet, k\u00f6zhaszn\u00fa szervezet a k\u00f6zhaszn\u00fa \u00e9s a m\u0171k\u00f6d\u00e9s\u00e9vel \u00f6sszef\u00fcgg\u0151 tev\u00e9kenys\u00e9ge k\u00f6r\u00e9ben;<\/p>\n\n\n\n<p>e) a magyarorsz\u00e1gi sz\u00e9khely\u0171 egyh\u00e1zi jogi szem\u00e9ly vagy vall\u00e1si egyes\u00fclet a hit\u00e9leti, a k\u00f6zc\u00e9l\u00fa \u00e9s a m\u0171k\u00f6d\u00e9s\u00e9vel \u00f6sszef\u00fcgg\u0151 tev\u00e9kenys\u00e9ge k\u00f6r\u00e9ben;<\/p>\n\n\n\n<p>f) a jogszab\u00e1lyban meghat\u00e1rozott k\u00f6zszolg\u00e1ltat\u00e1sai, vagy e k\u00f6zszolg\u00e1ltat\u00e1sokhoz kapcsol\u00f3d\u00f3an a k\u00f6zszolg\u00e1ltat\u00e1sait ig\u00e9nybe vev\u0151knek ny\u00fajtott t\u00f6bbletszolg\u00e1ltat\u00e1sok k\u00f6r\u00e9ben a magyarorsz\u00e1gi sz\u00e9khely\u0171, illetve magyar hat\u00f3s\u00e1g \u00e1ltal kiadott m\u0171k\u00f6d\u00e9si enged\u00e9llyel rendelkez\u0151, jogk\u00e9pes<\/p>\n\n\n\n<ul><li>fa) szoci\u00e1lis, gyermekj\u00f3l\u00e9ti, gyermekv\u00e9delmi szolg\u00e1ltat\u00f3, int\u00e9zm\u00e9ny vagy h\u00e1l\u00f3zat,<\/li><li>fb) eg\u00e9szs\u00e9g\u00fcgyi szolg\u00e1ltat\u00f3,<\/li><li>fc) k\u00f6znevel\u00e9si int\u00e9zm\u00e9ny,<\/li><li>fd) szakk\u00e9pz\u0151 int\u00e9zm\u00e9ny,<\/li><li>fe) fels\u0151oktat\u00e1si int\u00e9zm\u00e9ny,<\/li><li>ff) muze\u00e1lis int\u00e9zm\u00e9ny,<\/li><li>fg) nyilv\u00e1nos k\u00f6nyvt\u00e1r,<\/li><li>fh) k\u00f6zlev\u00e9lt\u00e1r,<\/li><li>fi) nyilv\u00e1nos mag\u00e1nlev\u00e9lt\u00e1r,<\/li><li>fj) k\u00f6zm\u0171vel\u0151d\u00e9si int\u00e9zm\u00e9ny <strong><\/strong><\/li><\/ul>\n\n\n\n<p><strong><u>\u00c1ltal\u00e1nos inform\u00e1ci\u00f3k<\/u><\/strong><\/p>\n\n\n\n<ul><li>A k\u00f6znevel\u00e9si t\u00f6rv\u00e9ny [4. \u00a7 (15)] szerint <strong>\u201eA k\u00f6z\u00f6ss\u00e9gi szolg\u00e1lat: szoci\u00e1lis, k\u00f6rnyezetv\u00e9delmi, a tanul\u00f3 helyi k\u00f6z\u00f6ss\u00e9g\u00e9nek jav\u00e1t szolg\u00e1l\u00f3, szervezett keretek k\u00f6z\u00f6tt folytatott, anyagi \u00e9rdekt\u0151l f\u00fcggetlen, egy\u00e9ni vagy csoportos tev\u00e9kenys\u00e9g \u00e9s annak pedag\u00f3giai feldolgoz\u00e1sa\u201d.<\/strong><\/li><li>K\u00f6z\u00f6ss\u00e9gi szolg\u00e1lat csak ann\u00e1l a szervezetn\u00e9l kezdhet\u0151 meg, amelyikkel az iskola&nbsp;<strong>egy\u00fcttm\u0171k\u00f6d\u00e9si meg\u00e1llapod\u00e1st<\/strong>&nbsp;k\u00f6t\u00f6tt.<\/li><li>A tev\u00e9kenys\u00e9get a tanul\u00f3k \u00f6nk\u00e9ntesen v\u00e1lasztj\u00e1k az iskola k\u00f6zvet\u00edtette lehet\u0151s\u00e9gek k\u00f6z\u00fcl, de a tanul\u00f3k is javasolhatnak fogad\u00f3 szervezetet.<\/li><\/ul>\n\n\n\n<ul><li>Ha a tanul\u00f3 olyan szervezetn\u00e9l szeretne tev\u00e9kenykedni, amelyikkel az iskol\u00e1nak m\u00e9g nincs meg\u00e1llapod\u00e1si szerz\u0151d\u00e9se, akkor a szervezet pontos nev\u00e9vel \u00e9s el\u00e9rhet\u0151s\u00e9g\u00e9vel keresse meg az iskolai koordin\u00e1tort, aki felveszi vel\u00fck a kapcsolatot.<\/li><li>A tanul\u00f3k t\u00f6bb fogad\u00f3 szervezetn\u00e9l is teljes\u00edthetik az 50 \u00f3ra k\u00f6z\u00f6ss\u00e9gi szolg\u00e1lati id\u0151t..<\/li><li>A k\u00f6z\u00f6ss\u00e9gi szolg\u00e1lat teljes\u00edt\u00e9se k\u00f6r\u00e9ben egy \u00f3r\u00e1n hatvan perc k\u00f6z\u00f6ss\u00e9gi szolg\u00e1lati id\u0151 \u00e9rtend\u0151 azzal, hogy a helysz\u00ednre utaz\u00e1s \u00e9s a helysz\u00ednr\u0151l hazautaz\u00e1s ideje nem sz\u00e1m\u00edthat\u00f3 be a teljes\u00edt\u00e9sbe.<\/li><li>A k\u00f6z\u00f6ss\u00e9gi szolg\u00e1lat tan\u00edt\u00e1si napokon alkalmank\u00e9nt legkevesebb egy, legfeljebb h\u00e1rom\u00f3r\u00e1s, tan\u00edt\u00e1si napokon k\u00edv\u00fcl alkalmank\u00e9nt legkevesebb egy, legfeljebb \u00f6t\u00f3r\u00e1s id\u0151keretben v\u00e9gezhet\u0151.<\/li><\/ul>\n\n\n\n<p><strong><u>A k\u00f6z\u00f6ss\u00e9gi szolg\u00e1lat teljes\u00edt\u00e9s\u00e9hez tartoz\u00f3 adminisztr\u00e1ci\u00f3s feladatok<\/u><\/strong><\/p>\n\n\n\n<ul><li>A tev\u00e9kenys\u00e9g megkezd\u00e9se el\u0151tt, minden egyes tan\u00e9vre vonatkoz\u00f3an, tanul\u00f3nak k\u00f6z\u00f6ss\u00e9gi szolg\u00e1lati&nbsp;<strong>jelentkez\u00e9si lapot<\/strong>&nbsp;kell kit\u00f6ltenie \u00e9s leadnia, amely tartalmazza a k\u00f6z\u00f6ss\u00e9gi szolg\u00e1latra val\u00f3 jelentkez\u00e9s t\u00e9ny\u00e9t, a megval\u00f3s\u00edt\u00e1s tervezett ter\u00fclet\u00e9t \u00e9s id\u0151keret\u00e9t, valamint a sz\u00fcl\u0151 egyet\u00e9rt\u0151 nyilatkozat\u00e1t.<\/li><li>A k\u00f6z\u00f6ss\u00e9gi szolg\u00e1lat sor\u00e1n a tanul\u00f3 k\u00f6teles napl\u00f3t vezetni, amelyben le\u00edrja, hogy mikor, hol, milyen id\u0151keretben, milyen tev\u00e9kenys\u00e9get folytatott, \u00e9s lehet\u0151s\u00e9g szerint r\u00f6gz\u00edti a tapasztalatait.<ul><li>Fontos, hogy az iskola \u00e1ltal haszn\u00e1lt <strong>k\u00f6z\u00f6ss\u00e9gi szolg\u00e1lati napl\u00f3t<\/strong>, a tanul\u00f3 mindig vigye mag\u00e1val a szolg\u00e1lat teljes\u00edt\u00e9s\u00e9nek helysz\u00edn\u00e9re. Az adott szervezet helyi koordin\u00e1tor\u00e1val minden alkalommal <strong>al\u00e1\u00edratja \u00e9s lepecs\u00e9telteti<\/strong> az adott napon teljes\u00edtett \u00f3r\u00e1kat. A k\u00f6z\u00f6ss\u00e9gi szolg\u00e1lati napl\u00f3t els\u0151 alkalommal az iskola ingyenesen biztos\u00edtja a tanul\u00f3knak.<\/li><\/ul><\/li><li>A tev\u00e9kenys\u00e9gi napl\u00f3t a di\u00e1k k\u00e9r\u00e9sre leadja a k\u00f6z\u00f6ss\u00e9gi szolg\u00e1lat koordin\u00e1tor\u00e1nak, aki dokument\u00e1lja a teljes\u00edtett \u00f3r\u00e1kat.<\/li><li>Az oszt\u00e1lyf\u0151n\u00f6k minden \u00e9vben a bizony\u00edtv\u00e1nyban \u00e9s a t\u00f6rzslapon dokument\u00e1lja, hogy az adott tan\u00e9v v\u00e9g\u00e9ig a tanul\u00f3 h\u00e1ny \u00f3ra k\u00f6z\u00f6ss\u00e9gi szolg\u00e1latot teljes\u00edtett.<\/li><li>Iskolav\u00e1lt\u00e1s eset\u00e9n az iskola a k\u00f6z\u00f6ss\u00e9gi szolg\u00e1lat teljes\u00edt\u00e9s\u00e9r\u0151l&nbsp;<strong>igazol\u00e1st&nbsp;<\/strong>\u00e1ll\u00edt ki k\u00e9t p\u00e9ld\u00e1nyban, amelyb\u0151l egy p\u00e9ld\u00e1ny a tanul\u00f3n\u00e1l, egy pedig az int\u00e9zm\u00e9nyn\u00e9l marad.<\/li><\/ul>\n","protected":false},"excerpt":{"rendered":"<p>Let\u00f6lthet\u0151 dokumentumok Jogszab\u00e1lyi h\u00e1tt\u00e9r 2011. \u00e9vi CXC. t\u00f6rv\u00e9ny a nemzeti k\u00f6znevel\u00e9sr\u0151l 6. \u00a7 (4) A k\u00f6z\u00e9piskola elv\u00e9gz\u00e9s\u00e9t k\u00f6zvetlen\u00fcl k\u00f6vet\u0151 \u00e9retts\u00e9gi vizsgaid\u0151szakban az \u00e9retts\u00e9gi vizsg\u00e1k megkezd\u00e9s\u00e9nek felt\u00e9tele \u00f6tven \u00f3ra k\u00f6z\u00f6ss\u00e9gi szolg\u00e1lat elv\u00e9gz\u00e9s\u00e9nek igazol\u00e1sa, kiv\u00e9ve a) a feln\u0151ttoktat\u00e1sban r\u00e9szt vev\u0151 tanul\u00f3kat \u00e9s b) azon saj\u00e1tos nevel\u00e9si ig\u00e9ny\u0171 tanul\u00f3kat, akiket a szak\u00e9rt\u0151i bizotts\u00e1g javaslata alapj\u00e1n a k\u00f6z\u00f6ss\u00e9gi szolg\u00e1lat [&hellip;]<\/p>\n","protected":false},"author":6,"featured_media":0,"parent":0,"menu_order":0,"comment_status":"closed","ping_status":"closed","template":"","meta":{"_mi_skip_tracking":false},"_links":{"self":[{"href":"https:\/\/birokhalasztelek.hu\/kozepiskola\/wp-json\/wp\/v2\/pages\/3751"}],"collection":[{"href":"https:\/\/birokhalasztelek.hu\/kozepiskola\/wp-json\/wp\/v2\/pages"}],"about":[{"href":"https:\/\/birokhalasztelek.hu\/kozepiskola\/wp-json\/wp\/v2\/types\/page"}],"author":[{"embeddable":true,"href":"https:\/\/birokhalasztelek.hu\/kozepiskola\/wp-json\/wp\/v2\/users\/6"}],"replies":[{"embeddable":true,"href":"https:\/\/birokhalasztelek.hu\/kozepiskola\/wp-json\/wp\/v2\/comments?post=3751"}],"version-history":[{"count":18,"href":"https:\/\/birokhalasztelek.hu\/kozepiskola\/wp-json\/wp\/v2\/pages\/3751\/revisions"}],"predecessor-version":[{"id":6871,"href":"https:\/\/birokhalasztelek.hu\/kozepiskola\/wp-json\/wp\/v2\/pages\/3751\/revisions\/6871"}],"wp:attachment":[{"href":"https:\/\/birokhalasztelek.hu\/kozepiskola\/wp-json\/wp\/v2\/media?parent=3751"}],"curies":[{"name":"wp","href":"https:\/\/api.w.org\/{rel}","templated":true}]}}