{"id":16,"date":"2015-07-27T12:34:12","date_gmt":"2015-07-27T12:34:12","guid":{"rendered":"http:\/\/bocskai.halasztelek.hu\/kozepiskola\/?page_id=16"},"modified":"2024-09-14T09:49:41","modified_gmt":"2024-09-14T09:49:41","slug":"gazdasagi-hivatal","status":"publish","type":"page","link":"https:\/\/birokhalasztelek.hu\/kozepiskola\/gazdasagi-hivatal\/","title":{"rendered":"Gazdas\u00e1gi hivatal"},"content":{"rendered":"<h4>Lakatosn\u00e9 M\u00e9sz\u00e1ros N\u00f3ra<\/h4>\n<h5>gazdas\u00e1gi vezet\u0151<\/h5>\n<p><a href=\"mailto:bocskai.gazdvez@reformatus.hu\">bocskai.gazdvez@reformatus.hu<\/a><\/p>\n<h4>P\u00e9nzt\u00e1r nyitva tart\u00e1sa:<\/h4>\n<h5>h\u00e9tf\u0151: 7:30 \u2013 12:30<\/h5>\n<h5>kedd: 11:30 \u2013 15:00<\/h5>\n<h5>szerda: 7:30 \u2013 12:30<\/h5>\n<h5>cs\u00fct\u00f6rt\u00f6k: 7:30 \u2013 12:00 Eb\u00e9djegy v\u00e1s\u00e1rl\u00e1si nap<\/h5>\n<h5>cs\u00fct\u00f6rt\u00f6k: 11:30 \u2013 15:00<\/h5>\n<h5>p\u00e9ntek: 7:30 \u2013 12:30<\/h5>\n","protected":false},"excerpt":{"rendered":"<p>Lakatosn\u00e9 M\u00e9sz\u00e1ros N\u00f3ra gazdas\u00e1gi vezet\u0151 bocskai.gazdvez@reformatus.hu P\u00e9nzt\u00e1r nyitva tart\u00e1sa: h\u00e9tf\u0151: 7:30 \u2013 12:30 kedd: 11:30 \u2013 15:00 szerda: 7:30 \u2013 12:30 cs\u00fct\u00f6rt\u00f6k: 7:30 \u2013 12:00 Eb\u00e9djegy v\u00e1s\u00e1rl\u00e1si nap cs\u00fct\u00f6rt\u00f6k: 11:30 \u2013 15:00 p\u00e9ntek: 7:30 \u2013 12:30<\/p>\n","protected":false},"author":1,"featured_media":0,"parent":0,"menu_order":0,"comment_status":"closed","ping_status":"closed","template":"","meta":{"_mi_skip_tracking":false},"_links":{"self":[{"href":"https:\/\/birokhalasztelek.hu\/kozepiskola\/wp-json\/wp\/v2\/pages\/16"}],"collection":[{"href":"https:\/\/birokhalasztelek.hu\/kozepiskola\/wp-json\/wp\/v2\/pages"}],"about":[{"href":"https:\/\/birokhalasztelek.hu\/kozepiskola\/wp-json\/wp\/v2\/types\/page"}],"author":[{"embeddable":true,"href":"https:\/\/birokhalasztelek.hu\/kozepiskola\/wp-json\/wp\/v2\/users\/1"}],"replies":[{"embeddable":true,"href":"https:\/\/birokhalasztelek.hu\/kozepiskola\/wp-json\/wp\/v2\/comments?post=16"}],"version-history":[{"count":10,"href":"https:\/\/birokhalasztelek.hu\/kozepiskola\/wp-json\/wp\/v2\/pages\/16\/revisions"}],"predecessor-version":[{"id":5945,"href":"https:\/\/birokhalasztelek.hu\/kozepiskola\/wp-json\/wp\/v2\/pages\/16\/revisions\/5945"}],"wp:attachment":[{"href":"https:\/\/birokhalasztelek.hu\/kozepiskola\/wp-json\/wp\/v2\/media?parent=16"}],"curies":[{"name":"wp","href":"https:\/\/api.w.org\/{rel}","templated":true}]}}