{"id":14,"date":"2015-07-27T12:33:43","date_gmt":"2015-07-27T12:33:43","guid":{"rendered":"http:\/\/bocskai.halasztelek.hu\/kozepiskola\/?page_id=14"},"modified":"2019-02-17T12:54:13","modified_gmt":"2019-02-17T12:54:13","slug":"titkarsag","status":"publish","type":"page","link":"https:\/\/birokhalasztelek.hu\/kozepiskola\/titkarsag\/","title":{"rendered":"Titk\u00e1rs\u00e1g"},"content":{"rendered":"<h4><\/h4>\n<h4>Pappn\u00e9 Barna \u00c9va<\/h4>\n<h5>iskolatitk\u00e1r<\/h5>\n<h4>Popova Alexandra<\/h4>\n<h5>iskolatitk\u00e1r<\/h5>\n<h5>Telefon: 06-24-517-250\/102 mell\u00e9k<\/h5>\n<h5>Email:\u00a0<strong><a href=\"mailto:bocskai.gimnazium@reformatus.hu\">bocskai.gimnazium@reformatus.hu<\/a><\/strong><\/h5>\n<h5>Nyitva tart\u00e1s<\/h5>\n<h5>h\u00e9tf\u0151: 8.00 \u2013 16.00<\/h5>\n<h5>kedd: 8.00 \u2013 16.00<\/h5>\n<h5>szerda: 8.00 \u2013 16.00<\/h5>\n<h5>cs\u00fct\u00f6rt\u00f6k: 8.00 \u2013 16.00<\/h5>\n<h5>p\u00e9ntek: 8.00 \u2013 12.00<\/h5>\n","protected":false},"excerpt":{"rendered":"<p>Pappn\u00e9 Barna \u00c9va iskolatitk\u00e1r Popova Alexandra iskolatitk\u00e1r Telefon: 06-24-517-250\/102 mell\u00e9k Email:\u00a0bocskai.gimnazium@reformatus.hu Nyitva tart\u00e1s h\u00e9tf\u0151: 8.00 \u2013 16.00 kedd: 8.00 \u2013 16.00 szerda: 8.00 \u2013 16.00 cs\u00fct\u00f6rt\u00f6k: 8.00 \u2013 16.00 p\u00e9ntek: 8.00 \u2013 12.00<\/p>\n","protected":false},"author":1,"featured_media":0,"parent":0,"menu_order":0,"comment_status":"closed","ping_status":"closed","template":"","meta":{"_mi_skip_tracking":false},"_links":{"self":[{"href":"https:\/\/birokhalasztelek.hu\/kozepiskola\/wp-json\/wp\/v2\/pages\/14"}],"collection":[{"href":"https:\/\/birokhalasztelek.hu\/kozepiskola\/wp-json\/wp\/v2\/pages"}],"about":[{"href":"https:\/\/birokhalasztelek.hu\/kozepiskola\/wp-json\/wp\/v2\/types\/page"}],"author":[{"embeddable":true,"href":"https:\/\/birokhalasztelek.hu\/kozepiskola\/wp-json\/wp\/v2\/users\/1"}],"replies":[{"embeddable":true,"href":"https:\/\/birokhalasztelek.hu\/kozepiskola\/wp-json\/wp\/v2\/comments?post=14"}],"version-history":[{"count":7,"href":"https:\/\/birokhalasztelek.hu\/kozepiskola\/wp-json\/wp\/v2\/pages\/14\/revisions"}],"predecessor-version":[{"id":2957,"href":"https:\/\/birokhalasztelek.hu\/kozepiskola\/wp-json\/wp\/v2\/pages\/14\/revisions\/2957"}],"wp:attachment":[{"href":"https:\/\/birokhalasztelek.hu\/kozepiskola\/wp-json\/wp\/v2\/media?parent=14"}],"curies":[{"name":"wp","href":"https:\/\/api.w.org\/{rel}","templated":true}]}}