{"id":11,"date":"2015-07-27T12:31:38","date_gmt":"2015-07-27T12:31:38","guid":{"rendered":"http:\/\/bocskai.halasztelek.hu\/kozepiskola\/?page_id=11"},"modified":"2024-10-21T17:50:05","modified_gmt":"2024-10-21T17:50:05","slug":"iskola-vezetese","status":"publish","type":"page","link":"https:\/\/birokhalasztelek.hu\/kozepiskola\/iskola-vezetese\/","title":{"rendered":"Iskola vezet\u00e9se"},"content":{"rendered":"<h4>dr. Papp Korn\u00e9l<\/h4>\n<h5>f\u0151igazgat\u00f3<br \/>\nE-mail: <a href=\"mailto:bocskai.gimnazium@reformatus.hu\">bocskai@reformatus.hu<\/a><br \/>\nTel: 06-24-517-250<\/h5>\n<h4>K\u00e1llai Attila<\/h4>\n<h5>k\u00f6zismereti igazgat\u00f3helyettes<br \/>\nE-mail: <a href=\"mailto:bocskai.gimnazium@reformatus.hu\">bocskai.gimnazium@reformatus.hu<\/a><br \/>\nTel: 06-24-517-250<\/h5>\n<h4>Felber Gyula<\/h4>\n<h5>szakmai igazgat\u00f3helyettes<br \/>\nE-mail: <a href=\"mailto:bocskai.gimnazium@reformatus.hu\">bocskai.gimnazium@reformatus.hu<\/a><br \/>\nTel: 06-24-517-250<\/h5>\n<h4>Kov\u00e1cs Istv\u00e1n<\/h4>\n<h5>Koll\u00e9giumvezet\u0151<\/h5>\n<h4>T\u00f3th \u00c1kos<\/h4>\n<h5>Int\u00e9zm\u00e9nyegys\u00e9g-vezet\u0151 (AMI)<br \/>\nE-mail:\u00a0<a href=\"mailto:halasztelekbirokami@gmail.com\" target=\"_blank\" rel=\"noopener noreferrer\">halasztelekbirokami@gmail.com <\/a><br \/>\nTel: 06-30-278-93-04<\/h5>\n","protected":false},"excerpt":{"rendered":"<p>dr. Papp Korn\u00e9l f\u0151igazgat\u00f3 E-mail: bocskai@reformatus.hu Tel: 06-24-517-250 K\u00e1llai Attila k\u00f6zismereti igazgat\u00f3helyettes E-mail: bocskai.gimnazium@reformatus.hu Tel: 06-24-517-250 Felber Gyula szakmai igazgat\u00f3helyettes E-mail: bocskai.gimnazium@reformatus.hu Tel: 06-24-517-250 Kov\u00e1cs Istv\u00e1n Koll\u00e9giumvezet\u0151 T\u00f3th \u00c1kos Int\u00e9zm\u00e9nyegys\u00e9g-vezet\u0151 (AMI) E-mail:\u00a0halasztelekbirokami@gmail.com Tel: 06-30-278-93-04<\/p>\n","protected":false},"author":1,"featured_media":0,"parent":0,"menu_order":0,"comment_status":"closed","ping_status":"closed","template":"","meta":{"_mi_skip_tracking":false},"_links":{"self":[{"href":"https:\/\/birokhalasztelek.hu\/kozepiskola\/wp-json\/wp\/v2\/pages\/11"}],"collection":[{"href":"https:\/\/birokhalasztelek.hu\/kozepiskola\/wp-json\/wp\/v2\/pages"}],"about":[{"href":"https:\/\/birokhalasztelek.hu\/kozepiskola\/wp-json\/wp\/v2\/types\/page"}],"author":[{"embeddable":true,"href":"https:\/\/birokhalasztelek.hu\/kozepiskola\/wp-json\/wp\/v2\/users\/1"}],"replies":[{"embeddable":true,"href":"https:\/\/birokhalasztelek.hu\/kozepiskola\/wp-json\/wp\/v2\/comments?post=11"}],"version-history":[{"count":12,"href":"https:\/\/birokhalasztelek.hu\/kozepiskola\/wp-json\/wp\/v2\/pages\/11\/revisions"}],"predecessor-version":[{"id":6097,"href":"https:\/\/birokhalasztelek.hu\/kozepiskola\/wp-json\/wp\/v2\/pages\/11\/revisions\/6097"}],"wp:attachment":[{"href":"https:\/\/birokhalasztelek.hu\/kozepiskola\/wp-json\/wp\/v2\/media?parent=11"}],"curies":[{"name":"wp","href":"https:\/\/api.w.org\/{rel}","templated":true}]}}