{"id":1035,"date":"2016-03-06T10:10:48","date_gmt":"2016-03-06T10:10:48","guid":{"rendered":"http:\/\/bocskai.halasztelek.hu\/kozepiskola\/?page_id=1035"},"modified":"2016-03-06T10:10:48","modified_gmt":"2016-03-06T10:10:48","slug":"az-ecdl-rol","status":"publish","type":"page","link":"https:\/\/birokhalasztelek.hu\/kozepiskola\/az-ecdl-rol\/","title":{"rendered":"Az ECDL -r\u0151l"},"content":{"rendered":"<h3><a name=\"mi_az_ecdl\"><\/a>Mi az ECDL?<\/h3>\n<p><strong>ECDL:<\/strong> Eur\u00f3pai Sz\u00e1m\u00edt\u00f3g\u00e9p-haszn\u00e1l\u00f3i Jogos\u00edtv\u00e1ny &#8211; European Computer Driving Licence<\/p>\n<p>Az ECDL az Eur\u00f3pai Uni\u00f3 \u00e1ltal t\u00e1mogatott, egys\u00e9ges eur\u00f3pai sz\u00e1m\u00edt\u00f3g\u00e9p-haszn\u00e1l\u00f3i bizony\u00edtv\u00e1ny, amely nem els\u0151sorban az informatikai, hanem a felhaszn\u00e1l\u00f3i ismereteket, az informatikai \u00edr\u00e1stud\u00e1s megl\u00e9t\u00e9t hivatott igazolni.<\/p>\n<p>Az ECDL finn \u00f6tlet alapj\u00e1n 1996. \u00f3ta l\u00e9tezik. Az ECDL gy\u00e1rt\u00f3f\u00fcggetlen, min\u0151s\u00e9gbiztos\u00edtott, decentraliz\u00e1lt m\u00f3don megszerezhet\u0151 \u00e9s vil\u00e1gszerte kell\u0151k\u00e9ppen elterjedt, ez\u00e1ltal az egyetlen, amely minden szempontb\u00f3l megfelel az EU e-Europe akci\u00f3terveknek. A bizony\u00edtv\u00e1nyt az EU csaknem valamennyi korm\u00e1nya elismeri.<\/p>\n<h3><a name=\"az_ecdl_celja\"><\/a>Az ECDL c\u00e9lja<\/h3>\n<p>Az ECDL c\u00e9lja az informatikai \u00edr\u00e1stud\u00e1s elterjeszt\u00e9se, \u00e9s annak el\u0151seg\u00edt\u00e9se, hogy min\u00e9l t\u00f6bb ember az Inform\u00e1ci\u00f3s T\u00e1rsadalom teljes\u00e9rt\u00e9k\u0171 tagj\u00e1v\u00e1 v\u00e1lhasson. Sz\u00e1mokban kifejezve a c\u00e9l, hogy Magyarorsz\u00e1g lakoss\u00e1g\u00e1nak 6-8%-a igazolt m\u00f3don informatikai \u00edr\u00e1stud\u00f3v\u00e1 v\u00e1ljon.<\/p>\n<h3><a name=\"kinek_es_miert_jo\"><\/a>Kinek \u00e9s mi\u00e9rt j\u00f3?<\/h3>\n<p>Az ECDL <strong>megb\u00edzhat\u00f3<\/strong> (a PC haszn\u00e1lat\u00e1hoz sz\u00fcks\u00e9ges valamennyi ismeretet garant\u00e1lja), <strong>egyszer\u0171<\/strong> (konkr\u00e9t k\u00f6vetelm\u00e9nyrendszere van, modul\u00e1ris form\u00e1ja sz\u00e1mos el\u0151nyt jelent), <strong>min\u0151s\u00e9g-orient\u00e1lt<\/strong> (az EU \u00e1ltal t\u00e1mogatott, \u00e9s a nemzetk\u00f6zi ECDL Alap\u00edtv\u00e1ny \u00e1ltal fel\u00fcgyelt vizsgarendszer), v\u00e9g\u00fcl, de nem utols\u00f3sorban pedig <strong>f\u00fcggetlen<\/strong>, azaz k\u00e9szs\u00e9geket alak\u00edt ki, amelyek a hardver \u00e9s szoftver t\u00edpus\u00e1t\u00f3l f\u00fcggetlen\u00fcl biztos\u00edtj\u00e1k az alapvet\u0151 alkalmaz\u00e1sokban val\u00f3 j\u00e1rtass\u00e1got.<\/p>\n<p>Az ECDL el\u0151nyt jelent mind a munkav\u00e1llal\u00f3k \u00e9s munk\u00e1ltat\u00f3k, mind pedig a munkan\u00e9lk\u00fcliek, illetve p\u00e1lyakezd\u0151k sz\u00e1m\u00e1ra.<\/p>\n<p>A <strong>munkav\u00e1llal\u00f3k<\/strong> szempontjait az al\u00e1bbiakban foglalhatjuk \u00f6ssze:<\/p>\n<ul>\n<li>A vizsga modul\u00e1ris jelleg\u0171: adott esetben nem sz\u00fcks\u00e9ges valamennyi modulb\u00f3l vizsg\u00e1zni, elegend\u0151 a munkak\u00f6r bet\u00f6lt\u00e9s\u00e9hez alapvet\u0151en sz\u00fcks\u00e9ges modulvizsg\u00e1kat letenni (p\u00e9ld\u00e1ul elegend\u0151 lehet a sz\u00f6vegszerkeszt\u0151, a t\u00e1bl\u00e1zatkezel\u0151 \u00e9s az inform\u00e1ci\u00f3s h\u00e1l\u00f3zati szolg\u00e1ltat\u00e1sok ismerete), ugyanakkor lehet\u0151s\u00e9g van a tanul\u00e1s folytat\u00e1s\u00e1ra is.<\/li>\n<li>A megszerzett tud\u00e1s konvert\u00e1lhat\u00f3, azaz a tanultt\u00f3l elt\u00e9r\u0151 hardver \u00e9s szoftverk\u00f6rnyezetben is egyar\u00e1nt alkalmazhat\u00f3: a sz\u00e1m\u00edt\u00f3g\u00e9p funkci\u00f3it a hallgat\u00f3k k\u00e9szs\u00e9g szintj\u00e9n saj\u00e1t\u00edtj\u00e1k el.<\/li>\n<li>Egyszer\u0171, konkr\u00e9t k\u00f6vetelm\u00e9nyrendszere r\u00e9v\u00e9n az ECDL ismeretek k\u00f6nnyen elsaj\u00e1t\u00edthat\u00f3k munka melletti \u00f6n\u00e1ll\u00f3 vagy tanfolyami keretek k\u00f6z\u00f6tt t\u00f6rt\u00e9n\u0151 tanul\u00e1ssal is.<\/li>\n<li>Nemzetk\u00f6zileg elismert bizony\u00edtv\u00e1nyr\u00f3l van sz\u00f3, amely jelent\u0151sen n\u00f6veli a bel- \u00e9s k\u00fclf\u00f6ldi munkaer\u0151-piaci es\u00e9lyeket.<\/li>\n<\/ul>\n<p><strong>P\u00e1lyakezd\u0151k \u00e9s munkan\u00e9lk\u00fcliek<\/strong> hasonl\u00f3 el\u0151ny\u00f6ket \u00e9lveznek:<\/p>\n<ul>\n<li>Az ECDL sz\u00e9les k\u00f6r\u0171, megalapozott tud\u00e1ssal felk\u00e9sz\u00edt a v\u00e1rhat\u00f3 munkaer\u0151-piaci kih\u00edv\u00e1sokra.<\/li>\n<li>A megszerzett tud\u00e1s k\u00e9szs\u00e9gszint\u0171 ismereteket jelent, teh\u00e1t specializ\u00e1lhat\u00f3, azaz a leend\u0151 munkaad\u00f3 b\u00e1rmilyen hardver-, ill. szoftver-k\u00f6rnyezet\u00e9ben k\u00f6nny\u0171szerrel alkalmazhat\u00f3.<\/li>\n<li>Modul\u00e1ris jelleg\u00e9n\u00e9l \u00e9s konkr\u00e9t k\u00f6vetelm\u00e9nyrendszer\u00e9n\u00e9l fogva az ECDL megszerz\u00e9se t\u00f6rt\u00e9nhet ak\u00e1r m\u00e1s, \u00f6n\u00e1ll\u00f3 szakma elsaj\u00e1t\u00edt\u00e1s\u00e1val p\u00e1rhuzamosan.<\/li>\n<li>Az inform\u00e1ci\u00f3s t\u00e1rsadalom elv\u00e1r\u00e1sai alapj\u00e1n munkaer\u0151-piaci es\u00e9lyeket teremt.<\/li>\n<\/ul>\n<p>V\u00e9g\u00fcl, de nem utols\u00f3sorban vizsg\u00e1ljuk meg a <strong>munk\u00e1ltat\u00f3k<\/strong> ECDL-b\u0151l sz\u00e1rmaz\u00f3 el\u0151nyeit:<\/p>\n<ul>\n<li>Mivel az ECDL (vagy annak egyes modulvizsg\u00e1i) garant\u00e1lj\u00e1k a sz\u00e1m\u00edt\u00f3g\u00e9p haszn\u00e1lat\u00e1t ig\u00e9nyl\u0151 munkak\u00f6r bet\u00f6lt\u00e9s\u00e9hez sz\u00fcks\u00e9ges ismereteket, ily m\u00f3don a dolgoz\u00f3k munk\u00e1ja hat\u00e9konyabb\u00e1 v\u00e1lik, ami el\u0151seg\u00edti az IT beruh\u00e1z\u00e1sok gyorsabb megt\u00e9r\u00fcl\u00e9s\u00e9t is.<\/li>\n<li>A munk\u00e1ltat\u00f3 maga hat\u00e1rozhatja meg, mely modulokb\u00f3l kell a dolgoz\u00f3knak vizsg\u00e1t tenni (vagy felv\u00e9telkor mely modulvizsg\u00e1kat v\u00e1rja el): a feladatokhoz igazodva a tud\u00e1s folyamatosan b\u0151v\u00edthet\u0151.<\/li>\n<li>\u00daj munkav\u00e1llal\u00f3 nem ig\u00e9nyel k\u00fcl\u00f6n betan\u00edt\u00e1st, a m\u00e1r sokszor eml\u00edtett felhaszn\u00e1l\u00f3i szint\u0171 ismeretek megl\u00e9t\u00e9nek k\u00f6sz\u00f6nhet\u0151en, amely lehet\u0151v\u00e9 teszi az ismeretek alkalmaz\u00e1s\u00e1t b\u00e1rmilyen hardver-, ill. szoftver-k\u00f6rnyezetben: ez a munk\u00e1ltat\u00f3nak jelent\u0151s id\u0151- \u00e9s p\u00e9nzmegtakar\u00edt\u00e1st jelent.<\/li>\n<\/ul>\n<table border=\"1\" width=\"100%\" cellspacing=\"0\" cellpadding=\"0\">\n<tbody>\n<tr>\n<td align=\"left\" valign=\"top\" width=\"170\"><\/td>\n<td align=\"left\" valign=\"top\" width=\"176\"><strong>Munkav\u00e1llal\u00f3knak<\/strong><\/td>\n<td align=\"left\" valign=\"top\" width=\"176\"><strong>P\u00e1lyakezd\u0151knek\/<br \/>\nMunkan\u00e9lk\u00fclieknek<\/strong><\/td>\n<td align=\"left\" valign=\"top\" width=\"209\"><strong>Munk\u00e1ltat\u00f3knak<\/strong><\/td>\n<\/tr>\n<tr>\n<td align=\"left\" valign=\"top\" width=\"170\"><strong>Megb\u00edzhat\u00f3:<\/strong><br \/>\nA PC haszn\u00e1lat\u00e1hoz sz\u00fcks\u00e9ges valamennyi ismeretet garant\u00e1lja<\/td>\n<td align=\"left\" valign=\"top\" width=\"176\">\nBiztosan ny\u00fajtja a munkak\u00f6r ell\u00e1t\u00e1s\u00e1hoz sz\u00fcks\u00e9ges tud\u00e1st<\/td>\n<td align=\"left\" valign=\"top\" width=\"176\">\nSz\u00e9les k\u00f6r\u0171 tud\u00e1ssal felk\u00e9sz\u00edt a v\u00e1rhat\u00f3 munkaer\u0151-piaci kih\u00edv\u00e1sokra<\/td>\n<td align=\"left\" valign=\"top\" width=\"209\">\nK\u00e9szs\u00e9g-szinten garant\u00e1lja a munkak\u00f6r ell\u00e1t\u00e1s\u00e1hoz sz\u00fcks\u00e9ges tud\u00e1s megl\u00e9t\u00e9t<\/td>\n<\/tr>\n<tr>\n<td align=\"left\" valign=\"top\" width=\"170\"><strong>Egyszer\u0171:<\/strong><br \/>\nKonkr\u00e9t k\u00f6vetelm\u00e9ny, modul\u00e1ris forma<\/td>\n<td align=\"left\" valign=\"top\" width=\"176\">\nAlkalmas a munka melletti \u00f6n\u00e1ll\u00f3 tanul\u00e1sra is<\/td>\n<td align=\"left\" valign=\"top\" width=\"176\">\n\u00d6n\u00e1ll\u00f3 szakma tanul\u00e1sa mellett k\u00f6nnyen elsaj\u00e1t\u00edthat\u00f3 ismeretek<\/td>\n<td align=\"left\" valign=\"top\" width=\"209\">\nA feladatokhoz igazodva folyamatosan b\u0151v\u00edthet\u0151 tud\u00e1s<\/td>\n<\/tr>\n<tr>\n<td align=\"left\" valign=\"top\" width=\"170\"><strong>Min\u0151s\u00e9g-orient\u00e1lt:<\/strong><br \/>\nAz EU \u00e1ltal t\u00e1mogatott rendszer<\/td>\n<td align=\"left\" valign=\"top\" width=\"176\">\nN\u00f6veli a munkaer\u0151- piaci es\u00e9lyeket<\/td>\n<td align=\"left\" valign=\"top\" width=\"176\">\nMunkaer\u0151-piaci es\u00e9lyeket teremt<\/td>\n<td align=\"left\" valign=\"top\" width=\"209\">\nAz EU-ban t\u00e1masztott k\u00f6vetelm\u00e9nyeknek megfelel\u0151 tud\u00e1s<\/td>\n<\/tr>\n<tr>\n<td align=\"left\" valign=\"top\" width=\"170\"><strong>F\u00fcggetlen:<\/strong><br \/>\nSzabadon v\u00e1lasztott hardver \u00e9s szoftver<\/td>\n<td align=\"left\" valign=\"top\" width=\"176\">\nA megszerzett tud\u00e1s konvert\u00e1lhat\u00f3<\/td>\n<td align=\"left\" valign=\"top\" width=\"176\">\nA megszerzett tud\u00e1s specializ\u00e1lhat\u00f3<\/td>\n<td align=\"left\" valign=\"top\" width=\"209\">\nA munkav\u00e1llal\u00f3 nem ig\u00e9nyel k\u00fcl\u00f6n betan\u00edt\u00e1st<\/td>\n<\/tr>\n<\/tbody>\n<\/table>\n<h3><a name=\"az_ecdl_elismertsege\"><\/a>Az ECDL elismerts\u00e9ge<\/h3>\n<h4>ECDL Magyarorsz\u00e1gon<\/h4>\n<p>Egyre t\u00f6bb szakk\u00e9pes\u00edt\u0151 \u00e9s fels\u0151oktat\u00e1si int\u00e9zm\u00e9ny ismeri el az ECDL-t.<a href=\"http:\/\/njszt.hu\/ecdl\/az-ecdl-elfogadottsaga-a-felsooktatasi-intezmenyekben\"><br \/>\n<\/a><\/p>\n<p>A 2006\/2007-es tan\u00e9vt\u0151l kezdve a k\u00fcl\u00f6nf\u00e9le szakk\u00e9pes\u00edt\u00e9sek megszerz\u00e9s\u00e9ben, valamint egyre t\u00f6bb fels\u0151oktat\u00e1si int\u00e9zm\u00e9nyben ismerik el val\u00f3di vizsgak\u00e9nt az Eur\u00f3pai Sz\u00e1m\u00edt\u00f3g\u00e9p-haszn\u00e1l\u00f3i Jogos\u00edtv\u00e1nyt (ECDL). Az alapvet\u0151 sz\u00e1m\u00edt\u00e1stechnikai ismeretek megl\u00e9t\u00e9t igazol\u00f3 dokumentum megszerz\u00e9s\u00e9re az ut\u00f3bbi \u00e9vekben egyre t\u00f6bb k\u00f6z\u00e9piskol\u00e1ban \u00f6szt\u00f6nzik a tanul\u00f3kat, akik azonban k\u00e9s\u0151bbi tanulm\u00e1nyaik sor\u00e1n szembes\u00fclnek azzal, hogy a jogos\u00edtv\u00e1ny legfeljebb egy \u00fajabb vizsg\u00e1ra &#8220;jogos\u00edt fel&#8221;. Az ECDL magyarorsz\u00e1gi koordin\u00e1tori szervezete, a Neumann J\u00e1nos Sz\u00e1m\u00edt\u00f3g\u00e9p-tudom\u00e1nyi T\u00e1rsas\u00e1g t\u00e1j\u00e9koztat\u00e1sa szerint viszont az \u00faj, fokozatosan \u00e9letbe l\u00e9p\u0151 modul\u00e1ris rendszer\u0171 Orsz\u00e1gos k\u00e9pz\u00e9si jegyz\u00e9kben (OKJ) a szakk\u00e9pes\u00edt\u00e9sek szakmai \u00e9s vizsgak\u00f6vetelm\u00e9nyein\u00e9l a j\u00f6v\u0151ben m\u00e1r figyelembe veszik, illetve besz\u00e1m\u00edtj\u00e1k az ECDL moduljait, bele\u00e9rtve az \u00f6n\u00e1ll\u00f3, fakultat\u00edv modulokat &#8211; k\u00e9pszerkeszt\u00e9s, kezd\u0151 szint\u0171 web, CAD, halad\u00f3 szint\u0171 sz\u00f6vegszerkeszt\u00e9s,t\u00e1bl\u00e1zatkezel\u00e9s, illetve adatb\u00e1zis-kezel\u00e9s &#8211; is. \u00cdgy p\u00e9ld\u00e1ul egy ad\u00f3tan\u00e1csad\u00f3nak a szakk\u00e9pes\u00edt\u00e9shez sz\u00fcks\u00e9ge lesz az ECDL valamennyi modulj\u00e1ban meghat\u00e1rozott ismeretekre; egy aut\u00f3szerel\u0151t\u0151l az alapvet\u0151 sz\u00e1m\u00edt\u00f3g\u00e9p-haszn\u00e1lati ismereteket, vagyis az oper\u00e1ci\u00f3s rendszerek, a sz\u00f6vegszerkeszt\u00e9s \u00e9s az internetes modul fort\u00e9lyait k\u00e9rik sz\u00e1mon, m\u00edg egy m\u00e9ly\u00e9p\u00edt\u0151 technikus eset\u00e9ben j\u00f3l j\u00f6het az ECDL CAD modulja is.<\/p>\n<p>Egyre t\u00f6bb fels\u0151oktat\u00e1si int\u00e9zm\u00e9ny sz\u00e1m\u00edtja be a tant\u00e1rgyi k\u00f6vetelm\u00e9nyekbe az ECDL-t, \u00edgy a hallgat\u00f3k teljes vagy r\u00e9szleges felment\u00e9st, jeles kollokviumi vagy z\u00e1rthelyi jegyet kaphatnak ECDL-bizony\u00edtv\u00e1nyuk\u00e9rt.<\/p>\n<p>Magyarorsz\u00e1gon az ECDL a Magyar K\u00f6zigazgat\u00e1si Koll\u00e9gium \u00e1ltal (2002-ben \u00fajra) min\u0151s\u00edtett, \u00edgy <strong>k\u00f6zponti k\u00f6lts\u00e9gvet\u00e9si forr\u00e1sb\u00f3l t\u00e1mogathat\u00f3 k\u00f6ztisztvisel\u0151i k\u00e9pz\u00e9ss\u00e9 v\u00e1lt<\/strong>, miut\u00e1n 1999 \u00e1prilis\u00e1ban korm\u00e1nyhat\u00e1rozat jelent meg az ECDL kiemelt szerep\u00e9r\u0151l a k\u00f6ztisztvisel\u0151i k\u00e9pz\u00e9si programban:<\/p>\n<p><em>\u201e\u2026a k\u00f6zigazgat\u00e1si munka hat\u00e9konys\u00e1g\u00e1nak jav\u00edt\u00e1sa c\u00e9lj\u00e1b\u00f3l a szervezetrendszer minden szintj\u00e9n n\u00f6velni kell a szem\u00e9lyi \u00e1llom\u00e1ny sz\u00e1m\u00edt\u00e1stechnikai-informatikai, elm\u00e9leti \u00e9s gyakorlati ismereteit. Ezen bel\u00fcl \u00f6szt\u00f6n\u00f6zni kell, hogy min\u00e9l t\u00f6bben szerezz\u00e9k meg az Eur\u00f3pai Sz\u00e1m\u00edt\u00f3g\u00e9p-haszn\u00e1l\u00f3i Jogos\u00edtv\u00e1nyt.\u201d<\/em> (r\u00e9szlet az 1999\/33. sz. Magyar K\u00f6zl\u00f6nyben megjelent 1035. sz. korm\u00e1nyhat\u00e1rozatb\u00f3l)<\/p>\n<p>Az ECDL r\u00e9sze a <strong>nemzeti pedag\u00f3gus-tov\u00e1bbk\u00e9pz\u00e9si programnak<\/strong>, valamint a <strong>kultur\u00e1lis szakemberek tov\u00e1bbk\u00e9pz\u00e9si programj\u00e1nak<\/strong> is.<\/p>\n<p><strong>Haz\u00e1nkban 2013. \u00e1prilisig mintegy 430 ezren regisztr\u00e1ltatt\u00e1k magukat, \u00e9s 290 ezren pedig m\u00e1r a bizony\u00edtv\u00e1nyt is megszerezt\u00e9k. <\/strong><\/p>\n<p>Magyarorsz\u00e1g k\u00e9pviselet\u00e9ben a Neumann J\u00e1nos Sz\u00e1m\u00edt\u00f3g\u00e9p-tudom\u00e1nyi T\u00e1rsas\u00e1g 1997 j\u00fanius\u00e1ban csatlakozott a mozgalomhoz. Az NJSZT \u00fcgyvezet\u0151 igazgat\u00f3j\u00e1nak szem\u00e9ly\u00e9ben tagja a nemzetk\u00f6zi ECDL Alap\u00edtv\u00e1ny min\u0151s\u00e9gbiztos\u00edt\u00e1si bizotts\u00e1g\u00e1ban.<\/p>\n<p>A vizsgarendszer felel\u0151se \u00e9s jogtulajdonosa Magyarorsz\u00e1gon a <strong>Neumann J\u00e1nos Sz\u00e1m\u00edt\u00f3g\u00e9p-tudom\u00e1nyi T\u00e1rsas\u00e1g<\/strong>.<\/p>\n<h4>ECDL a nagyvil\u00e1gban<\/h4>\n<p>A becsl\u00e9sek szerint Nyugat-Eur\u00f3p\u00e1ban az irodai k\u00f6rnyezetben dolgoz\u00f3k 70%-a haszn\u00e1l sz\u00e1m\u00edt\u00f3g\u00e9pet a munkahely\u00e9n, \u00e9s ez az ar\u00e1ny \u2013 legal\u00e1bb is ami a hivatali PC-ell\u00e1totts\u00e1got illeti &#8211; haz\u00e1nkban is egyre magasabb. Teh\u00e1t megk\u00f6zel\u00edt\u0151leg 60 milli\u00f3 eur\u00f3pai munkav\u00e1llal\u00f3nak kell megfelel\u0151 felhaszn\u00e1l\u00f3 szint\u0171 inform\u00e1ci\u00f3-technol\u00f3giai (IT) ismeretekkel rendelkeznie ahhoz, hogy hasznos\u00edtani tudj\u00e1k az inform\u00e1ci\u00f3-technol\u00f3gi\u00e1ba -\u00e9s rendszerekbe eddig befektetett \u00e9s a j\u00f6v\u0151ben befektetend\u0151 hatalmas \u00f6sszegeket. T\u00e9ny, hogy ennek a sokmilli\u00f3 dolgoz\u00f3nak a jelent\u0151s r\u00e9sze nagyon gyorsan kezdte alkalmazni az inform\u00e1ci\u00f3-technol\u00f3gi\u00e1t, \u00e9s t\u00f6bbs\u00e9g\u00fck csek\u00e9ly vagy semmilyen IT- k\u00e9pz\u00e9sben nem r\u00e9szes\u00fclt a tanulm\u00e1nyai sor\u00e1n. Az eur\u00f3pai munkaer\u0151 el\u0151tt teh\u00e1t most azaz \u00f3ri\u00e1si feladat \u00e1ll, hogy \u00e1tk\u00e9pz\u00e9si \u00e9s feln\u0151ttoktat\u00e1si programok keret\u00e9ben saj\u00e1t\u00edtsa el az informatikai \u00edr\u00e1stud\u00e1st.<\/p>\n<p>Az ECDL (Eur\u00f3pai Sz\u00e1m\u00edt\u00f3g\u00e9p-haszn\u00e1l\u00f3i Jogos\u00edtv\u00e1ny) mozgalom ennek a kih\u00edv\u00e1snak akar megfelelni azzal, hogy meghat\u00e1rozza az IT ismeretek szabv\u00e1nyos szintj\u00e9t, \u00e9s olyan mechanizmusokat k\u00edn\u00e1l, amelyek arra \u00f6szt\u00f6nzik a felhaszn\u00e1l\u00f3kat, munkaad\u00f3kat \u00e9s egy\u00e9b szervezeteket, hogy emelj\u00e9k a dolgoz\u00f3k egy\u00e9ni tud\u00e1sszintj\u00e9t.<\/p>\n<h3><a name=\"hogyan_szerezzunk_ecdl_bizonyitvanyt\"><\/a>Hogyan szerezz\u00fcnk ECDL-bizony\u00edtv\u00e1nyt?<\/h3>\n<p>Magyarorsz\u00e1gon ECDL-vizsg\u00e1t b\u00e1rmely akkredit\u00e1lt ECDL-vizsgak\u00f6zpontban lehet tenni. A vizsg\u00e1k megszerz\u00e9s\u00e9hez vizsgak\u00e1rty\u00e1t kell v\u00e1ltani, a k\u00e1rtya b\u00e1rmelyik vizsgak\u00f6zpontban megv\u00e1s\u00e1rolhat\u00f3. A vizsg\u00e1kat az els\u0151 sikeres vizsg\u00e1t\u00f3l sz\u00e1m\u00edtott (legfeljebb) h\u00e1rom \u00e9ven bel\u00fcl kell teljes\u00edteni. Az egyes vizsg\u00e1k term\u00e9szetesen Magyarorsz\u00e1gon k\u00edv\u00fcl is, b\u00e1rmely ECDL-tagorsz\u00e1g vizsgak\u00f6zpontjaiban letehet\u0151k, ehhez csup\u00e1n egy \u00e9rv\u00e9nyes vizsgak\u00e1rty\u00e1ra van sz\u00fcks\u00e9g.<\/p>\n<h4>A vizsgak\u00e1rtya<\/h4>\n<p>A vizsgak\u00e1rty\u00e1t a vizsg\u00e1z\u00f3nak minden vizsg\u00e1ra mag\u00e1val kell vinnie: sikeres vizsga eset\u00e9n a vizsgak\u00f6zpont a k\u00e1rty\u00e1n a modulvizsga teljes\u00edt\u00e9s\u00e9t igazolja. Amikor a vizsg\u00e1z\u00f3 valamennyi vizsg\u00e1j\u00e1t letette, a vizsgak\u00f6zpont a k\u00e1rty\u00e1j\u00e1t megk\u00fcldi az NJSZT ECDL irod\u00e1j\u00e1ba, ahol ennek alapj\u00e1n ki\u00e1ll\u00edtj\u00e1k az ECDL bizony\u00edtv\u00e1nyt. Fakultat\u00edv modulok (K\u00e9pszerkeszt\u00e9s, Webkezd\u0151, CAD) eset\u00e9n vizsgak\u00e1rtya nincsen, sikeres vizsga ut\u00e1n a bizony\u00edtv\u00e1nyt a vizsgak\u00f6zpont bocs\u00e1tja ki.<\/p>\n<h4>A vizsg\u00e1k<\/h4>\n<p>Vizsg\u00e1ra b\u00e1rmely akkredit\u00e1lt vizsgak\u00f6zpontn\u00e1l lehet jelentkezni. Minden vizsga 45 perc. Mivel az ECDL gy\u00e1rt\u00f3f\u00fcggetlen program, a gyakorlati vizsg\u00e1kat a vizsgak\u00f6zpontn\u00e1l rendelkez\u00e9sre \u00e1ll\u00f3 akkredit\u00e1lt szoftverek b\u00e1rmelyik\u00e9n le lehet tenni. Egy napon t\u00f6bb vizsga is tehet\u0151, azonban sikertelen vizsg\u00e1t ugyanazon a napon megism\u00e9telni nem lehet.<\/p>\n<h3><a name=\"az_ecdl_tortenelem\"><\/a>Az ECDL t\u00f6rt\u00e9nelem<\/h3>\n<p>A vizsgarendszert egy 1988-ban sz\u00fcletett \u00f6tlet alapj\u00e1n el\u0151sz\u00f6r Finnorsz\u00e1gban vezett\u00e9k be, 1994-ben. 1997-ben az EU, valamint a <a class=\"ext\" href=\"http:\/\/www.cepis.org\/\" target=\"_blank\"><u><span style=\"color: #0066cc;\">CEPIS (Council of European Professional Informatics Society)<\/span><\/u><\/a> t\u00e1mogat\u00e1s\u00e1val l\u00e9trej\u00f6tt a <a class=\"ext\" href=\"http:\/\/www.ecdl.com\/\" target=\"_blank\"><u><span style=\"color: #0066cc;\">nemzetk\u00f6zi ECDL Alap\u00edtv\u00e1ny<\/span><\/u><\/a>, amely m\u00e1ig 150 orsz\u00e1gban vezette be \u00e9s fel\u00fcgyeli az ECDL rendszert. Az ECDL m\u00e1ra Eur\u00f3pa szinte valamennyi orsz\u00e1g\u00e1ban el\u00e9rhet\u0151 \u00e9s a kezdetek \u00f3ta t\u00f6bb Eur\u00f3p\u00e1n k\u00edv\u00fcli orsz\u00e1g (Kanada, D\u00e9l-Afrika stb.) is csatlakozott: ezekben az orsz\u00e1gokban a vizsgarendszer neve ICDL, azaz Internatinal Computer Driving Licence.<\/p>\n<p><strong>1995.<\/strong>: a finn sz\u00e1m\u00edt\u00f3g\u00e9p-haszn\u00e1l\u00f3i jogos\u00edtv\u00e1ny bevezet\u00e9se, c\u00e9l az informatikai ismeretek elterjeszt\u00e9se.<\/p>\n<p><strong>1996.<\/strong>: a skandin\u00e1v orsz\u00e1gok csatlakoz\u00e1sa a finn kezdem\u00e9nyez\u00e9shez. A CEPIS (Professzion\u00e1lis Informatikai T\u00e1rsas\u00e1gok Tan\u00e1csa) nemzetk\u00f6zi szervezet megv\u00e1s\u00e1rolja a finn licencet \u00e9s megalap\u00edtja a nemzetk\u00f6zi ECDL Alap\u00edtv\u00e1nyt.<\/p>\n<p><strong>1997. j\u00fanius<\/strong>: Magyarorsz\u00e1g 13. orsz\u00e1gk\u00e9nt csatlakozik a programhoz.<\/p>\n<p><strong>1998.<\/strong>: az els\u0151 vizsg\u00e1k itthon.<\/p>\n<p><strong>1999.<\/strong>: Eur\u00f3p\u00e1ban meghaladja az egymilli\u00f3t az ECDL vizsg\u00e1t tev\u0151k sz\u00e1ma. Eur\u00f3p\u00e1n k\u00edv\u00fcli orsz\u00e1gokban ICDL (International Computer Driving Licence) n\u00e9ven ker\u00fcl bevezet\u00e9sre a program. Magyar korm\u00e1nyhat\u00e1rozat az ECDL k\u00f6ztisztvisel\u0151knek sz\u00f3l\u00f3 aj\u00e1nl\u00e1s\u00e1r\u00f3l \u00e9s t\u00e1mogat\u00e1s\u00e1r\u00f3l.<\/p>\n<p><strong>2000.<\/strong>: indul az ECDL Start.<\/p>\n<p>Az ECDL Magyarorsz\u00e1gon m\u00e1r akkredit\u00e1lt k\u00f6ztisztvisel\u0151i program, r\u00e9sze a nemzeti pedag\u00f3gus-tov\u00e1bbk\u00e9pz\u00e9si, valamint a kultur\u00e1lisszakember-tov\u00e1bbk\u00e9pz\u00e9si orsz\u00e1gos programnak.<\/p>\n<p><strong>2001.<\/strong>: az els\u0151 ECDL vizsg\u00e1k vakok \u00e9s gyeng\u00e9nl\u00e1t\u00f3k, valamint hall\u00e1ss\u00e9r\u00fcltek r\u00e9sz\u00e9re Magyarorsz\u00e1gon.<\/p>\n<p>Novemberben az Eur\u00f3pai Uni\u00f3 szak\u00e9rt\u0151i bizotts\u00e1g\u00e1nak (ESDIS) aj\u00e1nl\u00e1sa az EU-korm\u00e1nyoknak, miszerint az ECDL az egyetlen olyan, informatikai \u00edr\u00e1stud\u00e1st igazol\u00f3 bizony\u00edtv\u00e1ny, amely mindenben megfelel az EU e-Europe akci\u00f3tervek krit\u00e9riumainak, azaz: gy\u00e1rt\u00f3 f\u00fcggetlen, min\u0151s\u00e9gbiztos\u00edtott, kell\u0151en ismert \u00e9s decentraliz\u00e1lt m\u00f3don (vagyis t\u00f6bb ezer vizsgak\u00f6zpontban) megszerezhet\u0151, egys\u00e9ges felt\u00e9telek mellett.<\/p>\n<p><strong>2002.<\/strong>: az EU High Level Task Force for Skills and Mobility \u00fajabb aj\u00e1nl\u00e1sa: az informatikai \u00edr\u00e1stud\u00e1s eszk\u00f6zek\u00e9nt \u00fajra az ECDL-t javasolja a tagorsz\u00e1gok korm\u00e1nyai sz\u00e1m\u00e1ra. A hivatalos aj\u00e1nl\u00e1s az EU minden tag\u00e1llama sz\u00e1m\u00e1ra el\u0151\u00edrn\u00e1, hogy valamennyi polg\u00e1ra sz\u00e1m\u00e1ra tegye lehet\u0151v\u00e9 az alapvet\u0151 ismeretek, \u00edgy az \u00edr\u00e1s-olvas\u00e1s mellett az informatikai \u00edr\u00e1stud\u00e1shoz sz\u00fcks\u00e9ges ismeretek megszerz\u00e9s\u00e9t.<\/p>\n<p><strong>2003.<\/strong>: Magyarorsz\u00e1gon meghaladja a sz\u00e1zezret a vizsg\u00e1z\u00f3k sz\u00e1ma. Az Oktat\u00e1si Miniszt\u00e9rium t\u00e1mogat\u00e1s\u00e1val elindul az &#8220;Es\u00e9lyt a j\u00f6v\u0151nek&#8221; program, ahol azok a v\u00e9gz\u0151s k\u00f6z\u00e9piskol\u00e1sok, akik \u00e9retts\u00e9giig megszerzik az ECDL bizony\u00edtv\u00e1nyt, visszakaphatj\u00e1k a regisztr\u00e1ci\u00f3s d\u00edjat \u00e9s a vizsg\u00e1k \u00e1r\u00e1t. A program h\u00e1rom \u00e9v alatt t\u00f6bb ezer k\u00f6z\u00e9piskol\u00e1st \u00e9rint.<\/p>\n<p><strong>2004. december<\/strong>: Az Oktat\u00e1si Miniszt\u00e9rium (OM) \u00e9s az (NJSZT) meg\u00e1llapod\u00e1sa \u00e9rtelm\u00e9ben azok a di\u00e1kok, akik informatik\u00e1b\u00f3l jelesre \u00e9retts\u00e9giznek, tov\u00e1bbi vizsga n\u00e9lk\u00fcl, kedvezm\u00e9nyes \u00e1ron kaphatnak ECDL bizony\u00edtv\u00e1nyt. Az informatika \u00e9retts\u00e9gi k\u00f6vetelm\u00e9nyei az OM \u00e9s az NJSZT egy\u00fcttm\u0171k\u00f6d\u00e9s\u00e9nek k\u00f6sz\u00f6nhet\u0151en (a j\u00f6v\u0151ben is) lefedik a nemzetk\u00f6zi bizony\u00edtv\u00e1ny megszerz\u00e9s\u00e9hez sz\u00fcks\u00e9ges ismereteket.<\/p>\n<p><strong>2005.<\/strong>: itthon meghaladja a 200.000-t a vizsg\u00e1z\u00f3k sz\u00e1ma. Magyarorsz\u00e1g kezdem\u00e9nyez\u00e9s\u00e9re \u00e9s k\u00f6zrem\u0171k\u00f6d\u00e9s\u00e9vel \u00faj ECDL modul a K\u00e9pszerkeszt\u00e9s.<\/p>\n<p><strong>2007. \u00e1prilis<\/strong>: magyar kezdem\u00e9nyez\u00e9sre elindul az ECDL Select program<\/p>\n<p><strong>2007.<\/strong> az \u00faj Orsz\u00e1gos K\u00e9pz\u00e9si Jegyz\u00e9kben (OKJ) szerepl\u0151 szakk\u00e9pes\u00edt\u00e9sek szakmai \u00e9s vizsgak\u00f6vetelm\u00e9nyei tartalmazz\u00e1k az ECDL, illetve egyes modulvizsg\u00e1inak k\u00f6vetelm\u00e9nyeit, ezzel a k\u00e9pz\u00e9sek \u00e1tj\u00e1rhat\u00f3v\u00e1 v\u00e1lnak.<\/p>\n<p><strong>2008.<\/strong>: 10 \u00e9ves az ECDL Magyarorsz\u00e1gon. A vizsg\u00e1z\u00f3k sz\u00e1ma meghaladja a h\u00e1romsz\u00e1zezret, orsz\u00e1gszerte 400 akkredit\u00e1lt vizsgak\u00f6zpont m\u0171k\u00f6dik. C\u00e9l az elk\u00f6vetkezend\u0151 h\u00e1rom \u00e9vben tov\u00e1bbi h\u00e1romsz\u00e1zezer vizsg\u00e1z\u00f3.<\/p>\n<p><strong>2011. \u00e1prilis<\/strong>: Meg\u00fajult az ECDL honlap \ud83d\ude42<\/p>\n","protected":false},"excerpt":{"rendered":"<p>Mi az ECDL? ECDL: Eur\u00f3pai Sz\u00e1m\u00edt\u00f3g\u00e9p-haszn\u00e1l\u00f3i Jogos\u00edtv\u00e1ny &#8211; European Computer Driving Licence Az ECDL az Eur\u00f3pai Uni\u00f3 \u00e1ltal t\u00e1mogatott, egys\u00e9ges eur\u00f3pai sz\u00e1m\u00edt\u00f3g\u00e9p-haszn\u00e1l\u00f3i bizony\u00edtv\u00e1ny, amely nem els\u0151sorban az informatikai, hanem a felhaszn\u00e1l\u00f3i ismereteket, az informatikai \u00edr\u00e1stud\u00e1s megl\u00e9t\u00e9t hivatott igazolni. Az ECDL finn \u00f6tlet alapj\u00e1n 1996. \u00f3ta l\u00e9tezik. Az ECDL gy\u00e1rt\u00f3f\u00fcggetlen, min\u0151s\u00e9gbiztos\u00edtott, decentraliz\u00e1lt m\u00f3don megszerezhet\u0151 \u00e9s vil\u00e1gszerte [&hellip;]<\/p>\n","protected":false},"author":1,"featured_media":0,"parent":0,"menu_order":0,"comment_status":"closed","ping_status":"closed","template":"","meta":{"_mi_skip_tracking":false},"_links":{"self":[{"href":"https:\/\/birokhalasztelek.hu\/kozepiskola\/wp-json\/wp\/v2\/pages\/1035"}],"collection":[{"href":"https:\/\/birokhalasztelek.hu\/kozepiskola\/wp-json\/wp\/v2\/pages"}],"about":[{"href":"https:\/\/birokhalasztelek.hu\/kozepiskola\/wp-json\/wp\/v2\/types\/page"}],"author":[{"embeddable":true,"href":"https:\/\/birokhalasztelek.hu\/kozepiskola\/wp-json\/wp\/v2\/users\/1"}],"replies":[{"embeddable":true,"href":"https:\/\/birokhalasztelek.hu\/kozepiskola\/wp-json\/wp\/v2\/comments?post=1035"}],"version-history":[{"count":1,"href":"https:\/\/birokhalasztelek.hu\/kozepiskola\/wp-json\/wp\/v2\/pages\/1035\/revisions"}],"predecessor-version":[{"id":1036,"href":"https:\/\/birokhalasztelek.hu\/kozepiskola\/wp-json\/wp\/v2\/pages\/1035\/revisions\/1036"}],"wp:attachment":[{"href":"https:\/\/birokhalasztelek.hu\/kozepiskola\/wp-json\/wp\/v2\/media?parent=1035"}],"curies":[{"name":"wp","href":"https:\/\/api.w.org\/{rel}","templated":true}]}}