{"id":666,"date":"2023-10-16T19:58:06","date_gmt":"2023-10-16T19:58:06","guid":{"rendered":"https:\/\/birokhalasztelek.hu\/ami\/?page_id=666"},"modified":"2023-10-16T19:59:17","modified_gmt":"2023-10-16T19:59:17","slug":"fuvosegyuttes","status":"publish","type":"page","link":"https:\/\/birokhalasztelek.hu\/ami\/fuvosegyuttes\/","title":{"rendered":"F\u00fav\u00f3segy\u00fcttes"},"content":{"rendered":"\n<p>A Bocskai Istv\u00e1n Reform\u00e1tus Oktat\u00e1si K\u00f6zpont F\u00fav\u00f3s Egy\u00fcttese 2017-ben alakul Kov\u00e1cs Zal\u00e1n L\u00e1szl\u00f3 tubam\u0171v\u00e9sz ir\u00e1ny\u00edt\u00e1s\u00e1val. Az egy\u00fcttes fel\u00e1ll\u00e1sa egyedi, a f\u00fav\u00f3s hangszerek mellett zongor\u00e1val, git\u00e1rokkal, \u00fct\u0151s hangszerekkel \u00e9s \u00e9nekesekkel adj\u00e1k koncertjeiket, ez\u00e9rt a reperto\u00e1rjuk is kiz\u00e1r\u00f3lag a saj\u00e1t hangszerel\u00e9seikb\u0151l \u00e1llnak. Klasszikus zen\u00e9re, egyh\u00e1zzen\u00e9re \u00e9s filmzen\u00e9re \u00e9p\u00fcl\u0151 gazdag reperto\u00e1rjukat rendszeresen adj\u00e1k el\u0151 koncerteken \u00e9s zen\u00e9s liturgikus alkalmakon. Az egy\u00fcttest \u00e9vente 20-30 alkalommal hallhatja a k\u00f6z\u00f6ns\u00e9g itthon \u00e9s k\u00fclf\u00f6ld\u00f6n egyar\u00e1nt.<\/p>\n\n\n\n<p>Kiemelked\u0151 hazai koncertek:<\/p>\n\n\n\n<ul><li>Bach Mindenkinek fesztiv\u00e1l<\/li><li>Koncert a Balaton viz\u00e9n<\/li><li>Kapolcska Fesztiv\u00e1l<\/li><li>Nemzetk\u00f6zi F\u00fav\u00f3s Napok Fesztiv\u00e1l<\/li><li>Polg\u00e1rok H\u00e1za<\/li><li>Szigetszentmikl\u00f3si Sportcsarnok<\/li><\/ul>\n\n\n\n<p>K\u00fclf\u00f6ldi koncertk\u00f6rutak:<\/p>\n\n\n\n<ul><li>Csehorsz\u00e1g<\/li><li>Lengyelorsz\u00e1g<\/li><li>Rom\u00e1nia<\/li><li>Szlov\u00e9nia<\/li><li>Szlov\u00e1kia<\/li><li>T\u00f6r\u00f6korsz\u00e1g<\/li><\/ul>\n\n\n\n<p>Az egy\u00fcttesnek k\u00fcl\u00f6nleges a fel\u00e1ll\u00e1sa, melyben a faf\u00fav\u00f3s \u00e9s a r\u00e9zf\u00fav\u00f3s hangszerek mellett \u00fct\u0151s \u00e9s h\u00faros hangszerek, valamint \u00e9nekesek is vannak, ez\u00e9rt minden egyes sz\u00e1muk saj\u00e1t \u00e1tirat. A m\u0171soraikban megtal\u00e1lhat\u00f3ak a legismertebb klasszikus- \u00e9s jazz zenei ismert dallamok, kereszty\u00e9n \u00e9nekek \u00e9s filmzen\u00e9k egyar\u00e1nt.<\/p>\n\n\n\n<hr class=\"wp-block-separator\"\/>\n\n\n\n<p><br>The Wind Ensemble of the Bocskai Istv\u00e1n Reformed Education Centre, led by tuba artist L\u00e1szl\u00f3 Zal\u00e1n Kov\u00e1cs, was established in 2017. What sets this ensemble apart is its unique composition, featuring not only wind instruments but also piano, guitars, percussion instruments, and singers. As a result, they exclusively perform their own arrangements. Their diverse repertoire spans classical music, sacred music, and film scores, which they regularly showcase in concerts and liturgical events. The ensemble, performing 20-30 times annually, both domestically and internationally, has gained recognition through various outstanding national concerts and tours abroad.<\/p>\n\n\n\n<p>Noteworthy National Concerts:<\/p>\n\n\n\n<ul><li>Bach for All Festival<\/li><li>Concert on the waters of Lake Balaton<\/li><li>Kapolcska Festival<\/li><li>International Wind Days Festival<\/li><li>The House of Citizens<\/li><li>Szigetszentmikl\u00f3s Sports Hall<\/li><\/ul>\n\n\n\n<p>International Concert Tours:<\/p>\n\n\n\n<ul><li>Czech Republic<\/li><li>Poland<\/li><li>Romania<\/li><li>Slovakia<\/li><li>Slovenia<\/li><li>Turkey<\/li><\/ul>\n\n\n\n<p>The ensemble&#8217;s distinctive lineup incorporates percussion, strings, and vocalists alongside woodwinds and brass instruments. Each performance features unique transcriptions of songs, encompassing classical and jazz tunes, Christian music, film scores, and Hungarian compositions.<\/p>\n\n\n\n<p>YouTube:&nbsp;<a rel=\"noreferrer noopener\" href=\"https:\/\/www.youtube.com\/@bocskaiistvanreformatusokt9730\" target=\"_blank\">https:\/\/www.youtube.com\/@bocskaiistvanreformatusokt9730<\/a><\/p>\n\n\n\n<figure class=\"wp-block-gallery columns-2 is-cropped\"><ul class=\"blocks-gallery-grid\"><li class=\"blocks-gallery-item\"><figure><img loading=\"lazy\" width=\"1024\" height=\"768\" src=\"https:\/\/birokhalasztelek.hu\/ami\/wp-content\/uploads\/2023\/10\/DSCN8872-1024x768.jpg\" alt=\"\" data-id=\"667\" data-full-url=\"https:\/\/birokhalasztelek.hu\/ami\/wp-content\/uploads\/2023\/10\/DSCN8872.jpg\" data-link=\"https:\/\/birokhalasztelek.hu\/ami\/?attachment_id=667\" class=\"wp-image-667\" srcset=\"https:\/\/birokhalasztelek.hu\/ami\/wp-content\/uploads\/2023\/10\/DSCN8872-1024x768.jpg 1024w, https:\/\/birokhalasztelek.hu\/ami\/wp-content\/uploads\/2023\/10\/DSCN8872-300x225.jpg 300w, https:\/\/birokhalasztelek.hu\/ami\/wp-content\/uploads\/2023\/10\/DSCN8872-768x576.jpg 768w, https:\/\/birokhalasztelek.hu\/ami\/wp-content\/uploads\/2023\/10\/DSCN8872.jpg 1037w\" sizes=\"(max-width: 1024px) 100vw, 1024px\" \/><\/figure><\/li><li class=\"blocks-gallery-item\"><figure><img loading=\"lazy\" width=\"1024\" height=\"768\" src=\"https:\/\/birokhalasztelek.hu\/ami\/wp-content\/uploads\/2023\/10\/DSCN8879-1024x768.jpg\" alt=\"\" data-id=\"668\" data-full-url=\"https:\/\/birokhalasztelek.hu\/ami\/wp-content\/uploads\/2023\/10\/DSCN8879.jpg\" data-link=\"https:\/\/birokhalasztelek.hu\/ami\/?attachment_id=668\" class=\"wp-image-668\" srcset=\"https:\/\/birokhalasztelek.hu\/ami\/wp-content\/uploads\/2023\/10\/DSCN8879-1024x768.jpg 1024w, https:\/\/birokhalasztelek.hu\/ami\/wp-content\/uploads\/2023\/10\/DSCN8879-300x225.jpg 300w, https:\/\/birokhalasztelek.hu\/ami\/wp-content\/uploads\/2023\/10\/DSCN8879-768x576.jpg 768w, https:\/\/birokhalasztelek.hu\/ami\/wp-content\/uploads\/2023\/10\/DSCN8879.jpg 1037w\" sizes=\"(max-width: 1024px) 100vw, 1024px\" \/><\/figure><\/li><\/ul><\/figure>\n","protected":false},"excerpt":{"rendered":"<p>A Bocskai Istv\u00e1n Reform\u00e1tus Oktat\u00e1si K\u00f6zpont F\u00fav\u00f3s Egy\u00fcttese 2017-ben alakul Kov\u00e1cs Zal\u00e1n L\u00e1szl\u00f3 tubam\u0171v\u00e9sz ir\u00e1ny\u00edt\u00e1s\u00e1val. Az egy\u00fcttes fel\u00e1ll\u00e1sa egyedi, a f\u00fav\u00f3s hangszerek mellett zongor\u00e1val, git\u00e1rokkal, \u00fct\u0151s hangszerekkel \u00e9s \u00e9nekesekkel adj\u00e1k [&hellip;]<\/p>\n","protected":false},"author":1,"featured_media":0,"parent":0,"menu_order":0,"comment_status":"closed","ping_status":"closed","template":"","meta":[],"_links":{"self":[{"href":"https:\/\/birokhalasztelek.hu\/ami\/wp-json\/wp\/v2\/pages\/666"}],"collection":[{"href":"https:\/\/birokhalasztelek.hu\/ami\/wp-json\/wp\/v2\/pages"}],"about":[{"href":"https:\/\/birokhalasztelek.hu\/ami\/wp-json\/wp\/v2\/types\/page"}],"author":[{"embeddable":true,"href":"https:\/\/birokhalasztelek.hu\/ami\/wp-json\/wp\/v2\/users\/1"}],"replies":[{"embeddable":true,"href":"https:\/\/birokhalasztelek.hu\/ami\/wp-json\/wp\/v2\/comments?post=666"}],"version-history":[{"count":2,"href":"https:\/\/birokhalasztelek.hu\/ami\/wp-json\/wp\/v2\/pages\/666\/revisions"}],"predecessor-version":[{"id":670,"href":"https:\/\/birokhalasztelek.hu\/ami\/wp-json\/wp\/v2\/pages\/666\/revisions\/670"}],"wp:attachment":[{"href":"https:\/\/birokhalasztelek.hu\/ami\/wp-json\/wp\/v2\/media?parent=666"}],"curies":[{"name":"wp","href":"https:\/\/api.w.org\/{rel}","templated":true}]}}