{"id":6,"date":"2016-10-25T16:29:52","date_gmt":"2016-10-25T16:29:52","guid":{"rendered":"http:\/\/bocskai.halasztelek.hu\/ami\/?page_id=6"},"modified":"2016-10-25T16:29:52","modified_gmt":"2016-10-25T16:29:52","slug":"oldalterkep","status":"publish","type":"page","link":"https:\/\/birokhalasztelek.hu\/ami\/oldalterkep\/","title":{"rendered":"Oldalt\u00e9rk\u00e9p"},"content":{"rendered":"<p><strong><div class=\"wsp-container\"><h2 class=\"wsp-pages-title\">Oldalak<\/h2>\n<ul class=\"wsp-pages-list\">\n<li class=\"page_item page-item-554\"><a href=\"https:\/\/birokhalasztelek.hu\/ami\/alapfoku-muveszeti-iskola-teritesi-es-tandijanak-befizetese\/\">Alapfok\u00fa M\u0171v\u00e9szeti Iskola Ter\u00edt\u00e9si \u00e9s tand\u00edj\u00e1nak befizet\u00e9se<\/a><\/li>\n<li class=\"page_item page-item-532\"><a href=\"https:\/\/birokhalasztelek.hu\/ami\/bemutatkozas\/\">Bemutatkoz\u00e1s<\/a><\/li>\n<li class=\"page_item page-item-4\"><a href=\"https:\/\/birokhalasztelek.hu\/ami\/cookieszabalyzat\/\">Cookie szab\u00e1lyzat<\/a><\/li>\n<li class=\"page_item page-item-121\"><a href=\"https:\/\/birokhalasztelek.hu\/ami\/elerhetosegek\/\">El\u00e9rhet\u0151s\u00e9gek<\/a><\/li>\n<li class=\"page_item page-item-666\"><a href=\"https:\/\/birokhalasztelek.hu\/ami\/fuvosegyuttes\/\">F\u00fav\u00f3segy\u00fcttes<\/a><\/li>\n<li class=\"page_item page-item-594\"><a href=\"https:\/\/birokhalasztelek.hu\/ami\/muveszeti-iskola-programjai-a-2020-2021-tanevben\/\">M\u0171v\u00e9szeti iskola programjai a  2023-2024 tan\u00e9vben<\/a><\/li>\n<li class=\"page_item page-item-238\"><a href=\"https:\/\/birokhalasztelek.hu\/ami\/nyari-neptanctabor\/\">Ny\u00e1ri N\u00e9pt\u00e1nct\u00e1bor<\/a><\/li>\n<li class=\"page_item page-item-6\"><a href=\"https:\/\/birokhalasztelek.hu\/ami\/oldalterkep\/\">Oldalt\u00e9rk\u00e9p<\/a><\/li>\n<li class=\"page_item page-item-232\"><a href=\"https:\/\/birokhalasztelek.hu\/ami\/programok-2017\/\">Programok 2023-24<\/a><\/li>\n<li class=\"page_item page-item-87\"><a href=\"https:\/\/birokhalasztelek.hu\/ami\/rolunk\/\">R\u00f3lunk<\/a><\/li>\n<li class=\"page_item page-item-8\"><a href=\"https:\/\/birokhalasztelek.hu\/ami\/tanszakok\/\">Tanszakok<\/a><\/li>\n<\/ul>\n<h2 class=\"wsp-posts-title\">Bejegyz\u00e9sek kateg\u00f3ri\u00e1nk\u00e9nt<\/h2>\n<ul class=\"wsp-posts-list\">\n\t<li><strong class=\"wsp-category-title\">Kateg\u00f3ria: <a href=\"https:\/\/birokhalasztelek.hu\/ami\/category\/egyeb\/\">Egy\u00e9b<\/a><\/strong>\n<ul class=\"wsp-posts-list\">\t\t<li class=\"wsp-post\"><a href=\"https:\/\/birokhalasztelek.hu\/ami\/neptanc-tabor-2025\/\">N\u00e9pt\u00e1nc t\u00e1bor 2025<\/a><\/li>\n\t\t<li class=\"wsp-post\"><a href=\"https:\/\/birokhalasztelek.hu\/ami\/jelentkezesi-lap-3\/\">Jelentkez\u00e9si lap<\/a><\/li>\n\t\t<li class=\"wsp-post\"><a href=\"https:\/\/birokhalasztelek.hu\/ami\/alapfoku-muveszeti-iskola-teritesi-es-tandij-befizetese-2024-2025-i-felev\/\">Alapfok\u00fa M\u0171v\u00e9szeti Iskola T\u00e9r\u00edt\u00e9si \u00e9s tand\u00edj befizet\u00e9se 2024-2025 I. f\u00e9l\u00e9v<\/a><\/li>\n\t\t<li class=\"wsp-post\"><a href=\"https:\/\/birokhalasztelek.hu\/ami\/ami-programok-2024-2025\/\">Ami-programok 2024-2025<\/a><\/li>\n\t\t<li class=\"wsp-post\"><a href=\"https:\/\/birokhalasztelek.hu\/ami\/adatkezelesi-tajekoztato\/\">Adatkezel\u00e9si t\u00e1j\u00e9koztat\u00f3<\/a><\/li>\n\t\t<li class=\"wsp-post\"><a href=\"https:\/\/birokhalasztelek.hu\/ami\/jelentkezesi-lap-2\/\">Jelentkez\u00e9si lap<\/a><\/li>\n\t\t<li class=\"wsp-post\"><a href=\"https:\/\/birokhalasztelek.hu\/ami\/karacsonyi-koncert-2\/\">Kar\u00e1csonyi koncert<\/a><\/li>\n\t\t<li class=\"wsp-post\"><a href=\"https:\/\/birokhalasztelek.hu\/ami\/karacsonyi-koncert\/\">Kar\u00e1csonyi koncert<\/a><\/li>\n\t\t<li class=\"wsp-post\"><a href=\"https:\/\/birokhalasztelek.hu\/ami\/tanevnyito-unnepseg-a-muveszeti-iskolaban\/\">Tan\u00e9vnyit\u00f3 \u00fcnneps\u00e9g a m\u0171v\u00e9szeti iskol\u00e1ban<\/a><\/li>\n\t\t<li class=\"wsp-post\"><a href=\"https:\/\/birokhalasztelek.hu\/ami\/jelentkezesi-lap\/\">Jelentkez\u00e9si lap<\/a><\/li>\n\t\t<li class=\"wsp-post\"><a href=\"https:\/\/birokhalasztelek.hu\/ami\/tisztelt-szulok-kedves-gyerekek-2\/\">Tisztelt Sz\u00fcl\u0151k! Kedves Gyerekek!<\/a><\/li>\n\t\t<li class=\"wsp-post\"><a href=\"https:\/\/birokhalasztelek.hu\/ami\/kepzos-siker\/\">K\u00e9pz\u0151s siker!<\/a><\/li>\n\t\t<li class=\"wsp-post\"><a href=\"https:\/\/birokhalasztelek.hu\/ami\/eredmenyes-felveteli\/\">Eredm\u00e9nyes felv\u00e9teli!<\/a><\/li>\n\t\t<li class=\"wsp-post\"><a href=\"https:\/\/birokhalasztelek.hu\/ami\/felveteli-siker\/\">Felv\u00e9teli siker!<\/a><\/li>\n\t\t<li class=\"wsp-post\"><a href=\"https:\/\/birokhalasztelek.hu\/ami\/film-zene\/\">FILM-ZENE<\/a><\/li>\n\t\t<li class=\"wsp-post\"><a href=\"https:\/\/birokhalasztelek.hu\/ami\/tanevnyito-az-alapfoku-muveszeti-iskolaban\/\">Tan\u00e9vnyit\u00f3 az Alapfok\u00fa M\u0171v\u00e9szeti Iskol\u00e1ban<\/a><\/li>\n\t\t<li class=\"wsp-post\"><a href=\"https:\/\/birokhalasztelek.hu\/ami\/jarvanyugyi-szabalyok-a-bocskai-alapfoku-muveszeti-iskolaban\/\">J\u00e1rv\u00e1ny\u00fcgyi szab\u00e1lyok a Bocskai Alapfok\u00fa M\u0171v\u00e9szeti Iskol\u00e1ban<\/a><\/li>\n\t\t<li class=\"wsp-post\"><a href=\"https:\/\/birokhalasztelek.hu\/ami\/bizonyitvany-osztas-tajekoztato\/\">Bizony\u00edtv\u00e1ny oszt\u00e1s t\u00e1j\u00e9koztat\u00f3<\/a><\/li>\n\t\t<li class=\"wsp-post\"><a href=\"https:\/\/birokhalasztelek.hu\/ami\/meghivo\/\">MEGH\u00cdV\u00d3<\/a><\/li>\n\t\t<li class=\"wsp-post\"><a href=\"https:\/\/birokhalasztelek.hu\/ami\/tisztelt-szulok-kedves-gyerekek\/\">Tisztelt Sz\u00fcl\u0151k, Kedves Gyerekek!<\/a><\/li>\n\t\t<li class=\"wsp-post\"><a href=\"https:\/\/birokhalasztelek.hu\/ami\/muveszeti-iskola-tanevnyito-unnepsege\/\">M\u0171v\u00e9szeti Iskola tan\u00e9vnyit\u00f3 \u00fcnneps\u00e9ge<\/a><\/li>\n\t\t<li class=\"wsp-post\"><a href=\"https:\/\/birokhalasztelek.hu\/ami\/jelentkezesi-lap-muveszetoktatasra-ami\/\">Jelentkez\u00e9si lap m\u0171v\u00e9szetoktat\u00e1sra &#8211; AMI<\/a><\/li>\n\t\t<li class=\"wsp-post\"><a href=\"https:\/\/birokhalasztelek.hu\/ami\/ii-dedestapolcsanyi-klarinet-szaxofon-regionalis-versenyen\/\">II. d\u00e9destapolcs\u00e1nyi klarin\u00e9t &#8211; szaxofon region\u00e1lis versenyen<\/a><\/li>\n\t\t<li class=\"wsp-post\"><a href=\"https:\/\/birokhalasztelek.hu\/ami\/kiemelkedo-eredmenyek-a-balassagyarmati-enekversenyen\/\">Kiemelked\u0151 eredm\u00e9nyek a balassagyarmati \u00e9nekversenyen<\/a><\/li>\n\t\t<li class=\"wsp-post\"><a href=\"https:\/\/birokhalasztelek.hu\/ami\/zongoras-talalkozo-rackeven\/\">Zongor\u00e1s tal\u00e1lkoz\u00f3 R\u00e1ckev\u00e9n<\/a><\/li>\n\t\t<li class=\"wsp-post\"><a href=\"https:\/\/birokhalasztelek.hu\/ami\/kozos-cseh-magyar-kepzomuveszeti-kiallitas-a-nemzeti-hagyomanyok-es-szokasok-jegyeben\/\">K\u00f6z\u00f6s Cseh-Magyar k\u00e9pz\u0151m\u0171v\u00e9szeti ki\u00e1ll\u00edt\u00e1s a nemzeti hagyom\u00e1nyok, \u00e9s szok\u00e1sok jegy\u00e9ben.<\/a><\/li>\n\t\t<li class=\"wsp-post\"><a href=\"https:\/\/birokhalasztelek.hu\/ami\/testveriskolai-kapcsolat-a-gorogorszagi-larissaval\/\">Testv\u00e9riskolai kapcsolat a g\u00f6r\u00f6gorsz\u00e1gi Lariss\u00e1val.<\/a><\/li>\n\t\t<li class=\"wsp-post\"><a href=\"https:\/\/birokhalasztelek.hu\/ami\/bach-mindenkinek-reformatus-templom-szigethalom\/\">Bach-Mindenkinek-Reform\u00e1tus templom Szigethalom<\/a><\/li>\n\t\t<li class=\"wsp-post\"><a href=\"https:\/\/birokhalasztelek.hu\/ami\/tucsok-hangverseny\/\">T\u00fccs\u00f6k hangverseny<\/a><\/li>\n\t\t<li class=\"wsp-post\"><a href=\"https:\/\/birokhalasztelek.hu\/ami\/iii-helyezest-ert-el-bebesi-kolos-vi-pest-megyei-rezfuvos-versenyen\/\">III. Helyez\u00e9st \u00e9rt el Bebesi Kolos VI. Pest Megyei R\u00e9zf\u00fav\u00f3s Versenyen<\/a><\/li>\n\t\t<li class=\"wsp-post\"><a href=\"https:\/\/birokhalasztelek.hu\/ami\/bach-mindenkinek-fesztival-a-halasztelki-bocskaiban\/\">Bach mindenkinek Fesztiv\u00e1l a hal\u00e1sztelki Bocskaiban<\/a><\/li>\n\t\t<li class=\"wsp-post\"><a href=\"https:\/\/birokhalasztelek.hu\/ami\/bach-mindenkinek-fesztival-halasztelken\/\">Bach Mindenkinek Fesztiv\u00e1l Hal\u00e1sztelken!<\/a><\/li>\n\t\t<li class=\"wsp-post\"><a href=\"https:\/\/birokhalasztelek.hu\/ami\/klarinet-verseny-budaorson\/\">Klarin\u00e9t verseny Buda\u00f6rs\u00f6n<\/a><\/li>\n\t\t<li class=\"wsp-post\"><a href=\"https:\/\/birokhalasztelek.hu\/ami\/nepzenei-galamusor\/\">N\u00e9pzenei g\u00e1lam\u0171sor<\/a><\/li>\n\t\t<li class=\"wsp-post\"><a href=\"https:\/\/birokhalasztelek.hu\/ami\/tanevnyito-a-muveszeti-iskolaban-szeptember-10-en-17-00-tol\/\">Tan\u00e9vnyit\u00f3 a M\u0171v\u00e9szeti Iskol\u00e1ban. Szeptember 10-\u00e9n 17.00-t\u00f3l<\/a><\/li>\n\t\t<li class=\"wsp-post\"><a href=\"https:\/\/birokhalasztelek.hu\/ami\/nepdaleneklesi-verseny-rackeve\/\">N\u00e9pdal\u00e9nekl\u00e9si verseny R\u00e1ckeve<\/a><\/li>\n\t\t<li class=\"wsp-post\"><a href=\"https:\/\/birokhalasztelek.hu\/ami\/dobos-het-halasztelken\/\">Dobos h\u00e9t Hal\u00e1sztelken<\/a><\/li>\n\t\t<li class=\"wsp-post\"><a href=\"https:\/\/birokhalasztelek.hu\/ami\/iden-is-kozosen-unnepeltuk-a-karacsonyt-az-altalanos-iskolaval\/\">Id\u00e9n is k\u00f6z\u00f6sen \u00fcnnepelt\u00fck a kar\u00e1csonyt az \u00e1ltal\u00e1nos iskol\u00e1val<\/a><\/li>\n\t\t<li class=\"wsp-post\"><a href=\"https:\/\/birokhalasztelek.hu\/ami\/karacsonyi-hangverseny\/\">Kar\u00e1csonyi hangverseny<\/a><\/li>\n\t\t<li class=\"wsp-post\"><a href=\"https:\/\/birokhalasztelek.hu\/ami\/cantores-ecclesiae-rezfuvos-egyuttes-a-bocskaiban\/\">Cantores Ecclesiae R\u00e9zf\u00fav\u00f3s Egy\u00fcttes  a Bocskaiban<\/a><\/li>\n\t\t<li class=\"wsp-post\"><a href=\"https:\/\/birokhalasztelek.hu\/ami\/a-mupa-ban-jartak-neptancosaink\/\">A M\u00dcP\u00c1-ban j\u00e1rtak n\u00e9pt\u00e1ncosaink<\/a><\/li>\n\t\t<li class=\"wsp-post\"><a href=\"https:\/\/birokhalasztelek.hu\/ami\/tanevnyito-a-muveszeti-iskolaban\/\">Tan\u00e9vnyit\u00f3 a M\u0171v\u00e9szeti Iskol\u00e1ban<\/a><\/li>\n\t\t<li class=\"wsp-post\"><a href=\"https:\/\/birokhalasztelek.hu\/ami\/kepzos-sikerek\/\">K\u00e9pz\u0151s sikerek<\/a><\/li>\n\t\t<li class=\"wsp-post\"><a href=\"https:\/\/birokhalasztelek.hu\/ami\/ami-ev-vegi-vizsgak-2017\/\">AMI-\u00c9v v\u00e9gi vizsg\u00e1k 2017<\/a><\/li>\n\t\t<li class=\"wsp-post\"><a href=\"https:\/\/birokhalasztelek.hu\/ami\/adam-jeno-orszagos-dalverseny-szolnok\/\">\u00c1d\u00e1m Jen\u0151 Orsz\u00e1gos Dalverseny-Szolnok<\/a><\/li>\n\t\t<li class=\"wsp-post\"><a href=\"https:\/\/birokhalasztelek.hu\/ami\/iii-zenei-vetelkedo-ami\/\">III. Zenei Vet\u00e9lked\u0151 AMI<\/a><\/li>\n\t\t<li class=\"wsp-post\"><a href=\"https:\/\/birokhalasztelek.hu\/ami\/a-neptanc-tanszak-utra-kel-csehorszagba-rousinov-varosaba\/\">A n\u00e9pt\u00e1nc tanszak \u00fatra kel Csehorsz\u00e1gba Rousinov v\u00e1ros\u00e1ba<\/a><\/li>\n\t\t<li class=\"wsp-post\"><a href=\"https:\/\/birokhalasztelek.hu\/ami\/bocskai-istvan-alapfoku-muveszeti-iskola-szolotancverseny\/\">Bocskai Istv\u00e1n Alapfok\u00fa M\u0171v\u00e9szeti Iskola sz\u00f3l\u00f3t\u00e1ncverseny<\/a><\/li>\n\t\t<li class=\"wsp-post\"><a href=\"https:\/\/birokhalasztelek.hu\/ami\/neptancosaink-a-csepeli-tamariska-tancmuhelyben\/\">N\u00e9pt\u00e1ncosaink a csepeli Tamariska T\u00e1ncm\u0171helyben<\/a><\/li>\n\t\t<li class=\"wsp-post\"><a href=\"https:\/\/birokhalasztelek.hu\/ami\/v-pest-megyei-rezfuvos-verseny\/\">V.Pest Megyei R\u00e9zf\u00fav\u00f3s Verseny<\/a><\/li>\n\t\t<li class=\"wsp-post\"><a href=\"https:\/\/birokhalasztelek.hu\/ami\/muzsam-a-termeszet-orszagos-rajzpalyazat\/\">\u201eM\u00fazs\u00e1m a term\u00e9szet&#8221; orsz\u00e1gos rajzp\u00e1ly\u00e1zat<\/a><\/li>\n\t\t<li class=\"wsp-post\"><a href=\"https:\/\/birokhalasztelek.hu\/ami\/tancok-a-billentyukon-zongoras-talalkozo\/\">\u201eT\u00e1ncok a billenty\u0171k\u00f6n\u201d zongor\u00e1s tal\u00e1lkoz\u00f3<\/a><\/li>\n\t\t<li class=\"wsp-post\"><a href=\"https:\/\/birokhalasztelek.hu\/ami\/iv-kodaly-zoltan-regionalis-zongoraverseny\/\">IV. Kod\u00e1ly Zolt\u00e1n Region\u00e1lis Zongoraverseny<\/a><\/li>\n\t\t<li class=\"wsp-post\"><a href=\"https:\/\/birokhalasztelek.hu\/ami\/zongorakurzus-a-bocskaiban\/\">Zongorakurzus a Bocskaiban<\/a><\/li>\n\t\t<li class=\"wsp-post\"><a href=\"https:\/\/birokhalasztelek.hu\/ami\/8-rudimental-dobos-het\/\">8.&#8221;Rudimental&#8221; Dobos H\u00e9t<\/a><\/li>\n\t\t<li class=\"wsp-post\"><a href=\"https:\/\/birokhalasztelek.hu\/ami\/adventi-hangversenyek-a-halasztelki-templomokban-2\/\">Adventi hangversenyek a hal\u00e1sztelki templomokban<\/a><\/li>\n\t\t<li class=\"wsp-post\"><a href=\"https:\/\/birokhalasztelek.hu\/ami\/zongora-tanszak-karacsonyi-hangversenye\/\">Zongora tanszak kar\u00e1csonyi hangversenye<\/a><\/li>\n\t\t<li class=\"wsp-post\"><a href=\"https:\/\/birokhalasztelek.hu\/ami\/a-zene-vilagnapja-tancok-a-zeneben\/\">A zene vil\u00e1gnapja.T\u00e1ncok a zen\u00e9ben.<\/a><\/li>\n\t\t<li class=\"wsp-post\"><a href=\"https:\/\/birokhalasztelek.hu\/ami\/rudimental-dobtabor-a-bocskaiban\/\">Rudimental Dobt\u00e1bor a Bocskaiban<\/a><\/li>\n\t\t<li class=\"wsp-post\"><a href=\"https:\/\/birokhalasztelek.hu\/ami\/juliusban-5-napos-napkozis-neptanc-tabort-tartottunk\/\">J\u00faliusban 5 napos napk\u00f6zis n\u00e9pt\u00e1nc-t\u00e1bort tartottunk<\/a><\/li>\n\t\t<li class=\"wsp-post\"><a href=\"https:\/\/birokhalasztelek.hu\/ami\/zenelo-angyalok\/\">Zen\u00e9l\u0151 Angyalok<\/a><\/li>\n\t\t<li class=\"wsp-post\"><a href=\"https:\/\/birokhalasztelek.hu\/ami\/adventi-hangversenyek-a-halasztelki-templomokban\/\">Adventi hangversenyek a hal\u00e1sztelki templomokban<\/a><\/li>\n\t\t<li class=\"wsp-post\"><a href=\"https:\/\/birokhalasztelek.hu\/ami\/alapfoku-muveszeti-iskola-neptanc\/\">ALAPFOK\u00da M\u0170V\u00c9SZETI ISKOLA -N\u00c9PT\u00c1NC<\/a><\/li>\n<\/ul><\/li>\n<\/ul>\n<\/div><\/strong><\/p>\n","protected":false},"excerpt":{"rendered":"","protected":false},"author":1,"featured_media":0,"parent":0,"menu_order":0,"comment_status":"closed","ping_status":"closed","template":"","meta":[],"_links":{"self":[{"href":"https:\/\/birokhalasztelek.hu\/ami\/wp-json\/wp\/v2\/pages\/6"}],"collection":[{"href":"https:\/\/birokhalasztelek.hu\/ami\/wp-json\/wp\/v2\/pages"}],"about":[{"href":"https:\/\/birokhalasztelek.hu\/ami\/wp-json\/wp\/v2\/types\/page"}],"author":[{"embeddable":true,"href":"https:\/\/birokhalasztelek.hu\/ami\/wp-json\/wp\/v2\/users\/1"}],"replies":[{"embeddable":true,"href":"https:\/\/birokhalasztelek.hu\/ami\/wp-json\/wp\/v2\/comments?post=6"}],"version-history":[{"count":1,"href":"https:\/\/birokhalasztelek.hu\/ami\/wp-json\/wp\/v2\/pages\/6\/revisions"}],"predecessor-version":[{"id":7,"href":"https:\/\/birokhalasztelek.hu\/ami\/wp-json\/wp\/v2\/pages\/6\/revisions\/7"}],"wp:attachment":[{"href":"https:\/\/birokhalasztelek.hu\/ami\/wp-json\/wp\/v2\/media?parent=6"}],"curies":[{"name":"wp","href":"https:\/\/api.w.org\/{rel}","templated":true}]}}