{"id":554,"date":"2019-09-04T17:58:10","date_gmt":"2019-09-04T17:58:10","guid":{"rendered":"https:\/\/birokhalasztelek.hu\/ami\/?page_id=554"},"modified":"2019-09-04T17:58:10","modified_gmt":"2019-09-04T17:58:10","slug":"alapfoku-muveszeti-iskola-teritesi-es-tandijanak-befizetese","status":"publish","type":"page","link":"https:\/\/birokhalasztelek.hu\/ami\/alapfoku-muveszeti-iskola-teritesi-es-tandijanak-befizetese\/","title":{"rendered":"Alapfok\u00fa M\u0171v\u00e9szeti Iskola Ter\u00edt\u00e9si \u00e9s tand\u00edj\u00e1nak befizet\u00e9se"},"content":{"rendered":"\n<ul><li><strong>K\u00e9szp\u00e9nzes befizet\u00e9s<\/strong><\/li><\/ul>\n\n\n\n<p>Helye: II. R\u00e1k\u00f3czi F. u\n17. \u00c1lt. Isk. II. em <a>(iroda a l\u00e9pcs\u0151vel szemben) <\/a>8.00-t\u00f3l-\n18.00-ig. <\/p>\n\n\n\n<p>Ideje: szeptember\n17-18.kedd-szerda.<\/p>\n\n\n\n<ul><li><strong>K\u00e9szp\u00e9nzes p\u00f3tbefizet\u00e9s (v\u00e9gs\u0151 hat\u00e1rid\u0151!)<\/strong><\/li><\/ul>\n\n\n\n<p>Helye: II. R\u00e1k\u00f3czi F. u\n17. \u00c1lt. Isk. II. em (iroda a l\u00e9pcs\u0151vel szemben) 8.00-t\u00f3l- 18.00-ig.<\/p>\n\n\n\n<p>Ideje: szeptember 25\nszerda.<\/p>\n\n\n\n<ul><li><strong>Utal\u00e1sos befizet\u00e9s<\/strong><\/li><\/ul>\n\n\n\n<p>K\u00f6zlem\u00e9nybe ker\u00fcl\u0151\ninform\u00e1ci\u00f3k: AMI-Gyermek neve-tanszak(ok)megnevez\u00e9se +hangszerb\u00e9rl\u00e9s (ha van\nk\u00f6lcs\u00f6nz\u00f6tt hangszer)<\/p>\n\n\n\n<p>Sz\u00e1mlasz\u00e1m:10918001-00000003-75330007<\/p>\n\n\n\n<p>Utal\u00e1sos befizet\u00e9s\nhat\u00e1rideje: szeptember 25 szerda.<\/p>\n\n\n\n<ul><li><em>Ter\u00edt\u00e9si \u00e9s tand\u00edjak \u00f6sszege\n2019-2020<\/em><\/li><\/ul>\n\n\n\n<p><em>T\u00e9r\u00edt\u00e9si d\u00edj: 7500 ft \/f\u00e9l\u00e9v (\u00faj beiratkoz\u00f3k eset\u00e9ben mindig\na zenei t\u00e1rgy, r\u00e9gebbi n\u00f6vend\u00e9kek eset\u00e9ben, amire r\u00e9gebben iratkozott be az a\nf\u0151szakja. F\u0151szakja ut\u00e1n fizetend\u0151)<\/em><\/p>\n\n\n\n<p><em>Tand\u00edj: 9000 ft \/ f\u00e9l\u00e9v. (f\u0151szak mellett v\u00e1lasztott tov\u00e1bbi\nszakok. Pl: k\u00e9pz\u0151m\u0171v\u00e9szet, n\u00e9pt\u00e1nc ut\u00e1n fizetend\u0151.<\/em><\/p>\n\n\n\n<p><em>Hangszerk\u00f6lcs\u00f6nz\u00e9si d\u00edj: 4000 ft\/f\u00e9l\u00e9v.<\/em><\/p>\n\n\n\n<p><strong>A ter\u00edt\u00e9si \u00e9s tand\u00edjak meg nem fizet\u00e9se vagy hat\u00e1rid\u0151n t\u00fali befizet\u00e9se, a jelentkez\u00e9s automatikus t\u00f6rl\u00e9s\u00e9t vonja maga ut\u00e1n!<\/strong><\/p>\n","protected":false},"excerpt":{"rendered":"<p>K\u00e9szp\u00e9nzes befizet\u00e9s Helye: II. R\u00e1k\u00f3czi F. u 17. \u00c1lt. Isk. II. em (iroda a l\u00e9pcs\u0151vel szemben) 8.00-t\u00f3l- 18.00-ig. Ideje: szeptember 17-18.kedd-szerda. K\u00e9szp\u00e9nzes p\u00f3tbefizet\u00e9s (v\u00e9gs\u0151 hat\u00e1rid\u0151!) Helye: II. R\u00e1k\u00f3czi F. u [&hellip;]<\/p>\n","protected":false},"author":1,"featured_media":0,"parent":0,"menu_order":0,"comment_status":"closed","ping_status":"closed","template":"","meta":[],"_links":{"self":[{"href":"https:\/\/birokhalasztelek.hu\/ami\/wp-json\/wp\/v2\/pages\/554"}],"collection":[{"href":"https:\/\/birokhalasztelek.hu\/ami\/wp-json\/wp\/v2\/pages"}],"about":[{"href":"https:\/\/birokhalasztelek.hu\/ami\/wp-json\/wp\/v2\/types\/page"}],"author":[{"embeddable":true,"href":"https:\/\/birokhalasztelek.hu\/ami\/wp-json\/wp\/v2\/users\/1"}],"replies":[{"embeddable":true,"href":"https:\/\/birokhalasztelek.hu\/ami\/wp-json\/wp\/v2\/comments?post=554"}],"version-history":[{"count":2,"href":"https:\/\/birokhalasztelek.hu\/ami\/wp-json\/wp\/v2\/pages\/554\/revisions"}],"predecessor-version":[{"id":556,"href":"https:\/\/birokhalasztelek.hu\/ami\/wp-json\/wp\/v2\/pages\/554\/revisions\/556"}],"wp:attachment":[{"href":"https:\/\/birokhalasztelek.hu\/ami\/wp-json\/wp\/v2\/media?parent=554"}],"curies":[{"name":"wp","href":"https:\/\/api.w.org\/{rel}","templated":true}]}}