{"id":4,"date":"2016-10-25T16:11:55","date_gmt":"2016-10-25T16:11:55","guid":{"rendered":"http:\/\/bocskai.halasztelek.hu\/ami\/?page_id=4"},"modified":"2016-10-25T16:11:55","modified_gmt":"2016-10-25T16:11:55","slug":"cookieszabalyzat","status":"publish","type":"page","link":"https:\/\/birokhalasztelek.hu\/ami\/cookieszabalyzat\/","title":{"rendered":"Cookie szab\u00e1lyzat"},"content":{"rendered":"<p class=\"sub-title\">A s\u00fctik (cookie) olyan r\u00f6vid sz\u00f6veges f\u00e1jlok, melyeket a megtekintett honlapok helyeznek el a sz\u00e1m\u00edt\u00f3g\u00e9p b\u00f6ng\u00e9sz\u0151j\u00e9ben. A s\u00fctiket sz\u00e9les k\u00f6rben haszn\u00e1lj\u00e1k a honlapok hat\u00e9kony \u00fczemeltet\u00e9se vagy webes szolg\u00e1ltat\u00e1sok \u00e9s funkci\u00f3k ny\u00fajt\u00e1sa c\u00e9lj\u00e1b\u00f3l.<\/p>\n<p>Az\u00a0Bocskai Istv\u00e1n Reform\u00e1tus Oktat\u00e1si K\u00f6zpont\u00a0weboldalainak l\u00e1togat\u00e1sa sor\u00e1n az \u00d6n sz\u00e1m\u00edt\u00f3g\u00e9p\u00e9re \u00fan. \u201ecookie-k\u201c telep\u00fclhetnek. A cookie-k apr\u00f3 adatok, amelyek az \u00d6n b\u00f6ng\u00e9sz\u0151j\u00e9n kereszt\u00fcl a v\u00e9gberendez\u00e9s\u00e9re ker\u00fclnek elment\u00e9sre annak \u00e9rdek\u00e9ben, hogy az \u00d6n sz\u00e1m\u00edt\u00f3g\u00e9pe \u00e9s a weboldalunk k\u00f6z\u00f6tti inform\u00e1ci\u00f3cser\u00e9t meghat\u00e1rozott be\u00e1ll\u00edt\u00e1sok elment\u00e9s\u00e9vel megk\u00f6nny\u00edts\u00e9k.<\/p>\n<p>F\u0151szab\u00e1lyk\u00e9nt a cookie-k haszn\u00e1lata \u00e1ltal szem\u00e9lyes adatkezel\u00e9s nem t\u00f6rt\u00e9nik, amennyiben azonban erre m\u00e9gis sor ker\u00fclne, e t\u00e9nyr\u0151l \u00d6nt kifejezetten t\u00e1j\u00e9koztatjuk \u00e9s szem\u00e9lyes adat\u00e1nak kezel\u00e9s\u00e9hez kifejezett hozz\u00e1j\u00e1rul\u00e1s\u00e1t k\u00e9rj\u00fck. Amennyiben nem szeretn\u00e9, hogy az \u00d6n \u00e1ltal haszn\u00e1lt v\u00e9gberendez\u00e9s beazonos\u00edt\u00e1sra ker\u00fclj\u00f6n, k\u00e9rj\u00fck, b\u00f6ng\u00e9sz\u0151je be\u00e1ll\u00edt\u00e1sa sor\u00e1n haszn\u00e1lja a \u201ecookie-k t\u00f6rl\u00e9se\u201c, \u201ecookie-k blokkol\u00e1sa\u201c funkci\u00f3kat.<\/p>\n<p><strong>Hol\u00a0lehet deaktiv\u00e1lni\u00a0a cookie-kat?<\/strong><\/p>\n<ul>\n<li><a href=\"https:\/\/support.mozilla.org\/de\/kb\/cookies-loeschen-daten-von-websites-entfernen\"><u><span style=\"color: #0066cc;\">Mozilla Firefox<\/span><\/u><\/a><\/li>\n<li><a href=\"http:\/\/windows.microsoft.com\/de-de\/internet-explorer\/delete-manage-cookies\"><u><span style=\"color: #0066cc;\">Internet Explorer<\/span><\/u><\/a><\/li>\n<li><a href=\"https:\/\/support.google.com\/accounts\/answer\/61416?hl=de\"><u><span style=\"color: #0066cc;\">Google Chrome<\/span><\/u><\/a><\/li>\n<li><a href=\"http:\/\/support.apple.com\/kb\/PH17191?viewlocale=de_DE\"><u><span style=\"color: #0066cc;\">Safari<\/span><\/u><\/a><\/li>\n<\/ul>\n<p>&nbsp;<\/p>\n<table class=\"type1 type1-no-header-style nkh-border-light footable default footable-loaded\" border=\"1\" cellspacing=\"0\" cellpadding=\"0\">\n<tbody>\n<tr>\n<td class=\"footable-visible footable-first-column\">Google Analytics<\/td>\n<td class=\"footable-visible\">__utma, __utmb, __utmc, __utmz<\/td>\n<td class=\"footable-visible\">A fenti s\u00fctik inform\u00e1ci\u00f3kat gy\u0171jtenek arr\u00f3l, hogy a l\u00e1togat\u00f3k hogyan haszn\u00e1lj\u00e1k a port\u00e1lt. Minden inform\u00e1ci\u00f3 (b\u00f6ng\u00e9sz\u0151 haszn\u00e1lat, \u00faj l\u00e1togat\u00f3k sz\u00e1ma, stb.) n\u00e9vtelen\u00fcl ker\u00fcl \u00f6sszegy\u0171jt\u00e9sre \u00e9s elk\u00fcld\u00e9sre a google analytics szerverre azzal a c\u00e9llal, hogy jav\u00edtani tudjunk a weboldal \u00e1ltal ny\u00fajtott szolg\u00e1ltat\u00e1sokon.<\/td>\n<\/tr>\n<\/tbody>\n<\/table>\n<p>&nbsp;<\/p>\n","protected":false},"excerpt":{"rendered":"<p>A s\u00fctik (cookie) olyan r\u00f6vid sz\u00f6veges f\u00e1jlok, melyeket a megtekintett honlapok helyeznek el a sz\u00e1m\u00edt\u00f3g\u00e9p b\u00f6ng\u00e9sz\u0151j\u00e9ben. A s\u00fctiket sz\u00e9les k\u00f6rben haszn\u00e1lj\u00e1k a honlapok hat\u00e9kony \u00fczemeltet\u00e9se vagy webes szolg\u00e1ltat\u00e1sok \u00e9s funkci\u00f3k [&hellip;]<\/p>\n","protected":false},"author":1,"featured_media":0,"parent":0,"menu_order":0,"comment_status":"closed","ping_status":"closed","template":"","meta":[],"_links":{"self":[{"href":"https:\/\/birokhalasztelek.hu\/ami\/wp-json\/wp\/v2\/pages\/4"}],"collection":[{"href":"https:\/\/birokhalasztelek.hu\/ami\/wp-json\/wp\/v2\/pages"}],"about":[{"href":"https:\/\/birokhalasztelek.hu\/ami\/wp-json\/wp\/v2\/types\/page"}],"author":[{"embeddable":true,"href":"https:\/\/birokhalasztelek.hu\/ami\/wp-json\/wp\/v2\/users\/1"}],"replies":[{"embeddable":true,"href":"https:\/\/birokhalasztelek.hu\/ami\/wp-json\/wp\/v2\/comments?post=4"}],"version-history":[{"count":1,"href":"https:\/\/birokhalasztelek.hu\/ami\/wp-json\/wp\/v2\/pages\/4\/revisions"}],"predecessor-version":[{"id":5,"href":"https:\/\/birokhalasztelek.hu\/ami\/wp-json\/wp\/v2\/pages\/4\/revisions\/5"}],"wp:attachment":[{"href":"https:\/\/birokhalasztelek.hu\/ami\/wp-json\/wp\/v2\/media?parent=4"}],"curies":[{"name":"wp","href":"https:\/\/api.w.org\/{rel}","templated":true}]}}