{"id":232,"date":"2017-12-06T16:05:28","date_gmt":"2017-12-06T16:05:28","guid":{"rendered":"http:\/\/bocskai.halasztelek.hu\/ami\/?page_id=232"},"modified":"2023-10-18T19:23:35","modified_gmt":"2023-10-18T19:23:35","slug":"programok-2017","status":"publish","type":"page","link":"https:\/\/birokhalasztelek.hu\/ami\/programok-2017\/","title":{"rendered":"Programok 2023-24"},"content":{"rendered":"<p><img loading=\"lazy\" class=\"size-medium wp-image-229 aligncenter\" src=\"http:\/\/bocskai.halasztelek.hu\/ami\/wp-content\/uploads\/2017\/09\/progik-300x93.jpg\" alt=\"\" width=\"300\" height=\"93\" srcset=\"https:\/\/birokhalasztelek.hu\/ami\/wp-content\/uploads\/2017\/09\/progik-300x93.jpg 300w, https:\/\/birokhalasztelek.hu\/ami\/wp-content\/uploads\/2017\/09\/progik-768x238.jpg 768w, https:\/\/birokhalasztelek.hu\/ami\/wp-content\/uploads\/2017\/09\/progik.jpg 970w\" sizes=\"(max-width: 300px) 100vw, 300px\" \/><\/p>\n<ol>\n<li>09.11 h\u00e9tf\u0151 17.00 &#8211; Tan\u00e9vnyit\u00f3 istentisztelet, majd sz\u00fcl\u0151i \u00e9rtekezlet.<\/li>\n<li>09.12-15 kedd-p\u00e9ntek &#8211; A m\u0171v\u00e9szeti tanszakok egy\u00e9ni \u00f3rabeoszt\u00e1sa.<\/li>\n<li>09.28 cs\u00fct\u00f6rt\u00f6k &#8211; Jelentkez\u00e9si lapok lead\u00e1si hat\u00e1rideje.<\/li>\n<li>09.29 p\u00e9ntek &#8211; A t\u00e9r\u00edt\u00e9si d\u00edj \u00e9s a kauci\u00f3 befizet\u00e9si hat\u00e1rideje.<\/li>\n<li>10.02 h\u00e9tf\u0151 &#8211; Hangverseny a Zene Vil\u00e1gnapja alkalm\u00e1b\u00f3l.<\/li>\n<li>12.11-19 h\u00e9tf\u0151-kedd \u2013 F\u00e9l\u00e9vi hangszeres vizsg\u00e1k.<\/li>\n<li>12.20 szerda 16.00 &#8211; Adventi hangverseny Reform\u00e1tus templom<\/li>\n<li>01.15-19 h\u00e9tf\u0151-p\u00e9ntek &#8211; F\u00e9l\u00e9vi hangszeres vizsg\u00e1k.<\/li>\n<li>01.18 cs\u00fct\u00f6rt\u00f6k 18.00 &#8211; N\u00e9pzenei G\u00e1lam\u0171sor (R\u00e1k\u00f3czi utca eb\u00e9dl\u0151)<\/li>\n<li>02.09 p\u00e9ntek \u2013 II. F\u00e9l\u00e9ves t\u00e9r\u00edt\u00e9si d\u00edj befizet\u00e9si hat\u00e1rid\u0151.<\/li>\n<li>03.05 kedd 14.00 &#8211; T\u00fccs\u00f6k Hangverseny<\/li>\n<li>04.26 p\u00e9ntek 14.00 &#8211; Zenei vet\u00e9lked\u0151.<\/li>\n<li>05.21-31 kedd-p\u00e9ntek \u00c9v v\u00e9gi hangszeres vizsg\u00e1k.<\/li>\n<li>06.12 szerda 18.00 \u2013 Bizony\u00edtv\u00e1nyoszt\u00e1s. Reform\u00e1tus templom.<\/li>\n<\/ol>\n","protected":false},"excerpt":{"rendered":"<p>09.11 h\u00e9tf\u0151 17.00 &#8211; Tan\u00e9vnyit\u00f3 istentisztelet, majd sz\u00fcl\u0151i \u00e9rtekezlet. 09.12-15 kedd-p\u00e9ntek &#8211; A m\u0171v\u00e9szeti tanszakok egy\u00e9ni \u00f3rabeoszt\u00e1sa. 09.28 cs\u00fct\u00f6rt\u00f6k &#8211; Jelentkez\u00e9si lapok lead\u00e1si hat\u00e1rideje. 09.29 p\u00e9ntek &#8211; A t\u00e9r\u00edt\u00e9si d\u00edj [&hellip;]<\/p>\n","protected":false},"author":1,"featured_media":0,"parent":0,"menu_order":0,"comment_status":"closed","ping_status":"closed","template":"","meta":[],"_links":{"self":[{"href":"https:\/\/birokhalasztelek.hu\/ami\/wp-json\/wp\/v2\/pages\/232"}],"collection":[{"href":"https:\/\/birokhalasztelek.hu\/ami\/wp-json\/wp\/v2\/pages"}],"about":[{"href":"https:\/\/birokhalasztelek.hu\/ami\/wp-json\/wp\/v2\/types\/page"}],"author":[{"embeddable":true,"href":"https:\/\/birokhalasztelek.hu\/ami\/wp-json\/wp\/v2\/users\/1"}],"replies":[{"embeddable":true,"href":"https:\/\/birokhalasztelek.hu\/ami\/wp-json\/wp\/v2\/comments?post=232"}],"version-history":[{"count":2,"href":"https:\/\/birokhalasztelek.hu\/ami\/wp-json\/wp\/v2\/pages\/232\/revisions"}],"predecessor-version":[{"id":672,"href":"https:\/\/birokhalasztelek.hu\/ami\/wp-json\/wp\/v2\/pages\/232\/revisions\/672"}],"wp:attachment":[{"href":"https:\/\/birokhalasztelek.hu\/ami\/wp-json\/wp\/v2\/media?parent=232"}],"curies":[{"name":"wp","href":"https:\/\/api.w.org\/{rel}","templated":true}]}}