{"id":121,"date":"2016-12-04T15:07:16","date_gmt":"2016-12-04T15:07:16","guid":{"rendered":"http:\/\/bocskai.halasztelek.hu\/ami\/?page_id=121"},"modified":"2024-11-11T20:13:31","modified_gmt":"2024-11-11T20:13:31","slug":"elerhetosegek","status":"publish","type":"page","link":"https:\/\/birokhalasztelek.hu\/ami\/elerhetosegek\/","title":{"rendered":"El\u00e9rhet\u0151s\u00e9gek"},"content":{"rendered":"<h5 style=\"text-align: center;\">El\u00e9rhet\u0151s\u00e9gek<\/h5>\n<h5 style=\"text-align: center;\">T\u00f3th \u00c1kos<br \/>\nInt\u00e9zm\u00e9nyegys\u00e9g-vezet\u0151 (AMI)<br \/>\nE-mail: muveszetoktatas@bocskai.halasztelek.hu<br \/>\nTel: 06-30-278-93-04<\/h5>\n<ol>\n<li>B\u00e1nfai Be\u00e1ta (Mag\u00e1n\u00e9nek): banfaib66@gmail.com<\/li>\n<li>Bende J\u00falia (Zongora): bendejulia@yahoo.fr<\/li>\n<li>Csiki \u00c1gnes (Git\u00e1r): agicsiki@gmail.com<\/li>\n<li>Dud\u00e1s Kl\u00e1ra (citera) dudas.klara.1996@gmail.com<\/li>\n<li>Demj\u00e9n Gergely (harmonika) demjengergo1984@gmail.com<\/li>\n<li>Farag\u00f3 \u00c1kos (zongora-orgona) a.akosfarago@gmail.com<\/li>\n<li class=\"x_MsoNormal\">Knapicziusn\u00e9 Mlin\u00e1r M\u00e1ria (n\u00e9pt\u00e1nc), maria.mlinar@yahoo.com<\/li>\n<li>Kollatosz Jorgos (Furulya- Klarin\u00e9t-Szaxofon): jorgoskollatos@gmail.com<\/li>\n<li>Kov\u00e1cs Zal\u00e1n L\u00e1szl\u00f3(Tuba) kovzalan@gmail.com<\/li>\n<li>Medenczi Roman (Zongora) rmedenczi@gmail.com<\/li>\n<li>Sz\u00e9csi Attila (N\u00e9pi heged\u0171)<\/li>\n<li>T\u00f3th \u00c1kos (Szolf\u00e9zs -Tagint\u00e9zm\u00e9ny-vezet\u0151): muveszetoktatas@bocskai.halasztelek.hu<\/li>\n<li class=\"x_MsoNormal\">T\u00f6rteli Lilla (k\u00e9pz\u0151m\u0171v\u00e9szet) tortelililla@gmail.com<\/li>\n<\/ol>\n<h5 style=\"text-align: center;\"><\/h5>\n","protected":false},"excerpt":{"rendered":"<p>El\u00e9rhet\u0151s\u00e9gek T\u00f3th \u00c1kos Int\u00e9zm\u00e9nyegys\u00e9g-vezet\u0151 (AMI) E-mail: muveszetoktatas@bocskai.halasztelek.hu Tel: 06-30-278-93-04 B\u00e1nfai Be\u00e1ta (Mag\u00e1n\u00e9nek): banfaib66@gmail.com Bende J\u00falia (Zongora): bendejulia@yahoo.fr Csiki \u00c1gnes (Git\u00e1r): agicsiki@gmail.com Dud\u00e1s Kl\u00e1ra (citera) dudas.klara.1996@gmail.com Demj\u00e9n Gergely (harmonika) demjengergo1984@gmail.com Farag\u00f3 [&hellip;]<\/p>\n","protected":false},"author":1,"featured_media":0,"parent":0,"menu_order":0,"comment_status":"closed","ping_status":"closed","template":"","meta":[],"_links":{"self":[{"href":"https:\/\/birokhalasztelek.hu\/ami\/wp-json\/wp\/v2\/pages\/121"}],"collection":[{"href":"https:\/\/birokhalasztelek.hu\/ami\/wp-json\/wp\/v2\/pages"}],"about":[{"href":"https:\/\/birokhalasztelek.hu\/ami\/wp-json\/wp\/v2\/types\/page"}],"author":[{"embeddable":true,"href":"https:\/\/birokhalasztelek.hu\/ami\/wp-json\/wp\/v2\/users\/1"}],"replies":[{"embeddable":true,"href":"https:\/\/birokhalasztelek.hu\/ami\/wp-json\/wp\/v2\/comments?post=121"}],"version-history":[{"count":12,"href":"https:\/\/birokhalasztelek.hu\/ami\/wp-json\/wp\/v2\/pages\/121\/revisions"}],"predecessor-version":[{"id":690,"href":"https:\/\/birokhalasztelek.hu\/ami\/wp-json\/wp\/v2\/pages\/121\/revisions\/690"}],"wp:attachment":[{"href":"https:\/\/birokhalasztelek.hu\/ami\/wp-json\/wp\/v2\/media?parent=121"}],"curies":[{"name":"wp","href":"https:\/\/api.w.org\/{rel}","templated":true}]}}